{"id":3080,"date":"2023-07-28T14:28:35","date_gmt":"2023-07-28T12:28:35","guid":{"rendered":"https:\/\/van-conversion-icor.com\/?page_id=3080"},"modified":"2023-09-29T11:19:30","modified_gmt":"2023-09-29T09:19:30","slug":"stuehle-pods-vanshades-die-loc8-tabelle","status":"publish","type":"page","link":"https:\/\/van-conversion-icor.com\/de\/stuehle-pods-vanshades-die-loc8-tabelle\/","title":{"rendered":"Tisch und St\u00fchle f\u00fcr Van"},"content":{"rendered":"\t\t<div data-elementor-type=\"wp-page\" data-elementor-id=\"3080\" class=\"elementor elementor-3080\" data-elementor-post-type=\"page\">\n\t\t\t\t\t\t<section class=\"elementor-section elementor-top-section elementor-element elementor-element-a50127b elementor-section-boxed elementor-section-height-default elementor-section-height-default\" data-id=\"a50127b\" data-element_type=\"section\" data-e-type=\"section\">\n\t\t\t\t\t\t<div class=\"elementor-container elementor-column-gap-default\">\n\t\t\t\t\t<div class=\"elementor-column elementor-col-50 elementor-top-column elementor-element elementor-element-fd6649e\" data-id=\"fd6649e\" data-element_type=\"column\" data-e-type=\"column\">\n\t\t\t<div class=\"elementor-widget-wrap elementor-element-populated\">\n\t\t\t\t\t\t<div class=\"elementor-element elementor-element-39d571d elementor-widget elementor-widget-image\" data-id=\"39d571d\" data-element_type=\"widget\" data-e-type=\"widget\" data-widget_type=\"image.default\">\n\t\t\t\t<div class=\"elementor-widget-container\">\n\t\t\t\t\t\t\t\t\t\t\t\t\t\t\t<img fetchpriority=\"high\" decoding=\"async\" width=\"1024\" height=\"682\" src=\"https:\/\/van-conversion-icor.com\/wp-content\/uploads\/2023\/09\/table-porte.jpg\" class=\"attachment-large size-large wp-image-3207\" alt=\"\" srcset=\"https:\/\/van-conversion-icor.com\/wp-content\/uploads\/2023\/09\/table-porte.jpg 1024w, https:\/\/van-conversion-icor.com\/wp-content\/uploads\/2023\/09\/table-porte-300x200.jpg 300w, https:\/\/van-conversion-icor.com\/wp-content\/uploads\/2023\/09\/table-porte-768x512.jpg 768w, https:\/\/van-conversion-icor.com\/wp-content\/uploads\/2023\/09\/table-porte-930x620.jpg 930w\" sizes=\"(max-width: 1024px) 100vw, 1024px\" \/>\t\t\t\t\t\t\t\t\t\t\t\t\t\t\t<\/div>\n\t\t\t\t<\/div>\n\t\t\t\t<div class=\"elementor-element elementor-element-69f4b35 elementor-widget elementor-widget-image\" data-id=\"69f4b35\" data-element_type=\"widget\" data-e-type=\"widget\" data-widget_type=\"image.default\">\n\t\t\t\t<div class=\"elementor-widget-container\">\n\t\t\t\t\t\t\t\t\t\t\t\t\t\t\t<img decoding=\"async\" width=\"1024\" height=\"576\" src=\"https:\/\/van-conversion-icor.com\/wp-content\/uploads\/2023\/09\/loc8-table-icor-1024x576-1.jpg\" class=\"attachment-large size-large wp-image-3213\" alt=\"\" srcset=\"https:\/\/van-conversion-icor.com\/wp-content\/uploads\/2023\/09\/loc8-table-icor-1024x576-1.jpg 1024w, https:\/\/van-conversion-icor.com\/wp-content\/uploads\/2023\/09\/loc8-table-icor-1024x576-1-300x169.jpg 300w, https:\/\/van-conversion-icor.com\/wp-content\/uploads\/2023\/09\/loc8-table-icor-1024x576-1-768x432.jpg 768w\" sizes=\"(max-width: 1024px) 100vw, 1024px\" \/>\t\t\t\t\t\t\t\t\t\t\t\t\t\t\t<\/div>\n\t\t\t\t<\/div>\n\t\t\t\t\t<\/div>\n\t\t<\/div>\n\t\t\t\t<div class=\"elementor-column elementor-col-50 elementor-top-column elementor-element elementor-element-a435775\" data-id=\"a435775\" data-element_type=\"column\" data-e-type=\"column\">\n\t\t\t<div class=\"elementor-widget-wrap elementor-element-populated\">\n\t\t\t\t\t\t<div class=\"elementor-element elementor-element-e5f9586 elementor-widget elementor-widget-heading\" data-id=\"e5f9586\" data-element_type=\"widget\" data-e-type=\"widget\" data-widget_type=\"heading.default\">\n\t\t\t\t<div class=\"elementor-widget-container\">\n\t\t\t\t\t<h2 class=\"elementor-heading-title elementor-size-default\"><strong style=\"font-family: Literata, Arial, Helvetica, sans-serif;font-size: 32px;text-align: center\">DER LOC8 TISCH<\/strong><\/h2>\t\t\t\t<\/div>\n\t\t\t\t<\/div>\n\t\t\t\t<div class=\"elementor-element elementor-element-6d946de elementor-widget elementor-widget-text-editor\" data-id=\"6d946de\" data-element_type=\"widget\" data-e-type=\"widget\" data-widget_type=\"text-editor.default\">\n\t\t\t\t<div class=\"elementor-widget-container\">\n\t\t\t\t\t\t\t\t\t<p><strong>Sind Sie es leid, dass in Ihrem Wohnmobil ein Tisch klappert?<\/strong><\/p>\t\t\t\t\t\t\t\t<\/div>\n\t\t\t\t<\/div>\n\t\t\t\t<div class=\"elementor-element elementor-element-ea4f66d elementor-widget elementor-widget-text-editor\" data-id=\"ea4f66d\" data-element_type=\"widget\" data-e-type=\"widget\" data-widget_type=\"text-editor.default\">\n\t\t\t\t<div class=\"elementor-widget-container\">\n\t\t\t\t\t\t\t\t\t<p>Wir haben die L\u00f6sung: das Loc8 Tischsystem. Eine innovative Camper-L\u00f6sung passend f\u00fcr VW T5 und T6.\u00a0<span style=\"background-color: var(--nv-site-bg);\">Wenn Sie den Campingtisch nicht benutzen, bewahren Sie ihn sicher in Ihrer Schiebet\u00fcr auf.<\/span><\/p><p>Das System eignet sich sowohl f\u00fcr den Einsatz in KRS- als auch in LRS-Modellen mit oder ohne elektrisch bet\u00e4tigter T\u00fcr.<\/p><p>Sie m\u00fcssen keine Verst\u00e4rkungstr\u00e4ger k\u00fcrzen oder Ihre vorhandenen Verriegelungsmechanismen modifizieren. Entfernen Sie einfach die vorhandene VW-Verkleidung und ersetzen Sie sie durch die Loc8-Verkleidung, wobei Sie die vorhandenen Verkleidungsclips wiederverwenden.<\/p><p><span style=\"color: var( --e-global-color-text ); font-family: var( --e-global-typography-text-font-family ), Sans-serif; font-weight: var( --e-global-typography-text-font-weight ); background-color: var(--nv-site-bg); font-size: var(--bodyfontsize); letter-spacing: var(--bodyletterspacing); text-transform: var(--bodytexttransform);\">Das System ist f\u00fcr KRS- und LRS-Modelle mit oder ohne motorisierte T\u00fcr geeignet.<\/span><\/p><p><a href=\"https:\/\/van-conversion-icor.com\/de\/kontakt\/\"><strong style=\"color: var( --e-global-color-text ); font-family: var( --e-global-typography-text-font-family ), Sans-serif; font-size: var(--bodyfontsize); letter-spacing: var(--bodyletterspacing); text-transform: var(--bodytexttransform); background-color: var(--nv-site-bg);\">Bitte kontaktieren Sie uns f\u00fcr weitere Informationen<\/strong><\/a><\/p>\t\t\t\t\t\t\t\t<\/div>\n\t\t\t\t<\/div>\n\t\t\t\t\t<\/div>\n\t\t<\/div>\n\t\t\t\t\t<\/div>\n\t\t<\/section>\n\t\t\t\t<section class=\"elementor-section elementor-top-section elementor-element elementor-element-7f6ff41 elementor-section-boxed elementor-section-height-default elementor-section-height-default\" data-id=\"7f6ff41\" data-element_type=\"section\" data-e-type=\"section\">\n\t\t\t\t\t\t<div class=\"elementor-container elementor-column-gap-default\">\n\t\t\t\t\t<div class=\"elementor-column elementor-col-100 elementor-top-column elementor-element elementor-element-fb8962f\" data-id=\"fb8962f\" data-element_type=\"column\" data-e-type=\"column\">\n\t\t\t<div class=\"elementor-widget-wrap elementor-element-populated\">\n\t\t\t\t\t\t<div class=\"elementor-element elementor-element-59e9c58 elementor-widget-divider--view-line elementor-widget elementor-widget-divider\" data-id=\"59e9c58\" data-element_type=\"widget\" data-e-type=\"widget\" data-widget_type=\"divider.default\">\n\t\t\t\t<div class=\"elementor-widget-container\">\n\t\t\t\t\t\t\t<div class=\"elementor-divider\">\n\t\t\t<span class=\"elementor-divider-separator\">\n\t\t\t\t\t\t<\/span>\n\t\t<\/div>\n\t\t\t\t\t\t<\/div>\n\t\t\t\t<\/div>\n\t\t\t\t\t<\/div>\n\t\t<\/div>\n\t\t\t\t\t<\/div>\n\t\t<\/section>\n\t\t\t\t<section class=\"elementor-section elementor-top-section elementor-element elementor-element-bad08a2 elementor-section-boxed elementor-section-height-default elementor-section-height-default\" data-id=\"bad08a2\" data-element_type=\"section\" data-e-type=\"section\">\n\t\t\t\t\t\t<div class=\"elementor-container elementor-column-gap-default\">\n\t\t\t\t\t<div class=\"elementor-column elementor-col-50 elementor-top-column elementor-element elementor-element-53268af\" data-id=\"53268af\" data-element_type=\"column\" data-e-type=\"column\">\n\t\t\t<div class=\"elementor-widget-wrap elementor-element-populated\">\n\t\t\t\t\t\t<div class=\"elementor-element elementor-element-2d2a299 elementor-widget elementor-widget-heading\" data-id=\"2d2a299\" data-element_type=\"widget\" data-e-type=\"widget\" data-widget_type=\"heading.default\">\n\t\t\t\t<div class=\"elementor-widget-container\">\n\t\t\t\t\t<h2 class=\"elementor-heading-title elementor-size-default\">Der Chair Podf\u00fcr die Heckklappe\nf\u00fcr VW T5 &amp; T6<\/h2>\t\t\t\t<\/div>\n\t\t\t\t<\/div>\n\t\t\t\t<div class=\"elementor-element elementor-element-82923ff elementor-widget elementor-widget-text-editor\" data-id=\"82923ff\" data-element_type=\"widget\" data-e-type=\"widget\" data-widget_type=\"text-editor.default\">\n\t\t\t\t<div class=\"elementor-widget-container\">\n\t\t\t\t\t\t\t\t\t<p><strong>Sind Sie es leid, dass in Ihrem Wohnmobil ein Tisch klappert?<\/strong><\/p>\t\t\t\t\t\t\t\t<\/div>\n\t\t\t\t<\/div>\n\t\t\t\t<div class=\"elementor-element elementor-element-3f8fc52 elementor-widget elementor-widget-text-editor\" data-id=\"3f8fc52\" data-element_type=\"widget\" data-e-type=\"widget\" data-widget_type=\"text-editor.default\">\n\t\t\t\t<div class=\"elementor-widget-container\">\n\t\t\t\t\t\t\t\t\t<p>Nach mehreren Vorg\u00e4ngerversionen haben wir unser Design noch einmal erneuert. Anstelle einer Stofftasche aus Segeltuch ist unser neuer und verbesserter Chair Pod jetzt ein vakuumgeformter Kunststoffbeh\u00e4lter, in den bequem zwei Campingst\u00fchle der Marke Vanshades passen.<\/p><p>Der Beh\u00e4lter nimmt am Heck des Fahrzeugs nur 110 mm ein und verf\u00fcgt \u00fcber einen magnetischen Deckel und ein bewegliches Gummischarnier f\u00fcr eine einfache Aufbewahrung und einen einfachen Zugang. Wir haben das Produkt in hellgrauem Kunststoff kreiert, damit es perfekt zu den VW-Verkleidungen an den S\u00e4ulen des Transporters passt. Der Chair Pod kann in nur 10 Minuten vollst\u00e4ndig installiert werden.<\/p><p><a href=\"https:\/\/van-conversion-icor.com\/de\/kontakt\/\"><strong style=\"color: var( --e-global-color-text ); font-family: var( --e-global-typography-text-font-family ), Sans-serif; font-size: var(--bodyfontsize); letter-spacing: var(--bodyletterspacing); text-transform: var(--bodytexttransform); background-color: var(--nv-site-bg);\">Bitte kontaktieren Sie uns f\u00fcr weitere Informationen<\/strong><\/a><\/p>\t\t\t\t\t\t\t\t<\/div>\n\t\t\t\t<\/div>\n\t\t\t\t\t<\/div>\n\t\t<\/div>\n\t\t\t\t<div class=\"elementor-column elementor-col-50 elementor-top-column elementor-element elementor-element-050a358\" data-id=\"050a358\" data-element_type=\"column\" data-e-type=\"column\">\n\t\t\t<div class=\"elementor-widget-wrap elementor-element-populated\">\n\t\t\t\t\t\t<div class=\"elementor-element elementor-element-9bacf34 elementor-widget elementor-widget-image\" data-id=\"9bacf34\" data-element_type=\"widget\" data-e-type=\"widget\" data-widget_type=\"image.default\">\n\t\t\t\t<div class=\"elementor-widget-container\">\n\t\t\t\t\t\t\t\t\t\t\t\t\t\t\t<img decoding=\"async\" width=\"1000\" height=\"562\" src=\"https:\/\/van-conversion-icor.com\/wp-content\/uploads\/2022\/02\/Tailgate-Chair-Pod-for-VW-T5-T6-1.jpg\" class=\"attachment-large size-large wp-image-1126\" alt=\"\" srcset=\"https:\/\/van-conversion-icor.com\/wp-content\/uploads\/2022\/02\/Tailgate-Chair-Pod-for-VW-T5-T6-1.jpg 1000w, https:\/\/van-conversion-icor.com\/wp-content\/uploads\/2022\/02\/Tailgate-Chair-Pod-for-VW-T5-T6-1-300x169.jpg 300w, https:\/\/van-conversion-icor.com\/wp-content\/uploads\/2022\/02\/Tailgate-Chair-Pod-for-VW-T5-T6-1-768x432.jpg 768w\" sizes=\"(max-width: 1000px) 100vw, 1000px\" \/>\t\t\t\t\t\t\t\t\t\t\t\t\t\t\t<\/div>\n\t\t\t\t<\/div>\n\t\t\t\t<div class=\"elementor-element elementor-element-b3c7145 elementor-widget elementor-widget-image\" data-id=\"b3c7145\" data-element_type=\"widget\" data-e-type=\"widget\" data-widget_type=\"image.default\">\n\t\t\t\t<div class=\"elementor-widget-container\">\n\t\t\t\t\t\t\t\t\t\t\t\t\t\t\t<img loading=\"lazy\" decoding=\"async\" width=\"473\" height=\"496\" src=\"https:\/\/van-conversion-icor.com\/wp-content\/uploads\/2022\/02\/Tailgate-Chair-Pod-1.jpg\" class=\"attachment-large size-large wp-image-1140\" alt=\"Chaises et table int\u00e9gr\u00e9es\" srcset=\"https:\/\/van-conversion-icor.com\/wp-content\/uploads\/2022\/02\/Tailgate-Chair-Pod-1.jpg 473w, https:\/\/van-conversion-icor.com\/wp-content\/uploads\/2022\/02\/Tailgate-Chair-Pod-1-286x300.jpg 286w\" sizes=\"(max-width: 473px) 100vw, 473px\" \/>\t\t\t\t\t\t\t\t\t\t\t\t\t\t\t<\/div>\n\t\t\t\t<\/div>\n\t\t\t\t\t<\/div>\n\t\t<\/div>\n\t\t\t\t\t<\/div>\n\t\t<\/section>\n\t\t\t\t<section class=\"elementor-section elementor-top-section elementor-element elementor-element-8281a42 elementor-section-boxed elementor-section-height-default elementor-section-height-default\" data-id=\"8281a42\" data-element_type=\"section\" data-e-type=\"section\">\n\t\t\t\t\t\t<div class=\"elementor-container elementor-column-gap-default\">\n\t\t\t\t\t<div class=\"elementor-column elementor-col-100 elementor-top-column elementor-element elementor-element-33509b0\" data-id=\"33509b0\" data-element_type=\"column\" data-e-type=\"column\">\n\t\t\t<div class=\"elementor-widget-wrap elementor-element-populated\">\n\t\t\t\t\t\t<div class=\"elementor-element elementor-element-2073b29 elementor-widget elementor-widget-video\" data-id=\"2073b29\" data-element_type=\"widget\" data-e-type=\"widget\" data-settings=\"{&quot;youtube_url&quot;:&quot;https:\\\/\\\/www.youtube.com\\\/watch?v=ueIUwL6cq4s&amp;ab_channel=ICORSA&quot;,&quot;video_type&quot;:&quot;youtube&quot;,&quot;controls&quot;:&quot;yes&quot;}\" data-widget_type=\"video.default\">\n\t\t\t\t<div class=\"elementor-widget-container\">\n\t\t\t\t\t\t\t<div class=\"elementor-wrapper elementor-open-inline\">\n\t\t\t<div class=\"elementor-video\"><\/div>\t\t<\/div>\n\t\t\t\t\t\t<\/div>\n\t\t\t\t<\/div>\n\t\t\t\t<div class=\"elementor-element elementor-element-fcc57a9 elementor-widget elementor-widget-video\" data-id=\"fcc57a9\" data-element_type=\"widget\" data-e-type=\"widget\" data-settings=\"{&quot;youtube_url&quot;:&quot;https:\\\/\\\/www.youtube.com\\\/watch?time_continue=2&amp;v=yf108jUzVJk&amp;embeds_referring_euri=https%3A%2F%2Fvan-conversion-icor.com%2Fchairs-pods-vanshades-loc8-table%2F&amp;embeds_referring_origin=https%3A%2F%2Fvan-conversion-icor.com&amp;source_ve_path=Mjg2NjY&amp;feature=emb_logo&amp;ab_channel=ICORSA&quot;,&quot;video_type&quot;:&quot;youtube&quot;,&quot;controls&quot;:&quot;yes&quot;}\" data-widget_type=\"video.default\">\n\t\t\t\t<div class=\"elementor-widget-container\">\n\t\t\t\t\t\t\t<div class=\"elementor-wrapper elementor-open-inline\">\n\t\t\t<div class=\"elementor-video\"><\/div>\t\t<\/div>\n\t\t\t\t\t\t<\/div>\n\t\t\t\t<\/div>\n\t\t\t\t\t<\/div>\n\t\t<\/div>\n\t\t\t\t\t<\/div>\n\t\t<\/section>\n\t\t\t\t<\/div>\n\t\t","protected":false},"excerpt":{"rendered":"<p>DER LOC8 TISCH Sind Sie es leid, dass in Ihrem Wohnmobil ein Tisch klappert? Wir haben die L\u00f6sung: das Loc8 Tischsystem. Eine innovative Camper-L\u00f6sung passend f\u00fcr VW T5 und T6.\u00a0Wenn Sie den Campingtisch nicht benutzen, bewahren Sie ihn sicher in Ihrer Schiebet\u00fcr auf. Das System eignet sich sowohl f\u00fcr den Einsatz in KRS- als auch&hellip;&nbsp;<a href=\"https:\/\/van-conversion-icor.com\/de\/stuehle-pods-vanshades-die-loc8-tabelle\/\" class=\"\" rel=\"bookmark\">Weiterlesen &raquo;<span class=\"screen-reader-text\">Tisch und St\u00fchle f\u00fcr Van<\/span><\/a><\/p>\n","protected":false},"author":1,"featured_media":0,"parent":0,"menu_order":0,"comment_status":"closed","ping_status":"closed","template":"page-templates\/template-pagebuilder-full-width.php","meta":{"neve_meta_sidebar":"","neve_meta_container":"","neve_meta_enable_content_width":"","neve_meta_content_width":0,"neve_meta_title_alignment":"","neve_meta_author_avatar":"","neve_post_elements_order":"","neve_meta_disable_header":"","neve_meta_disable_footer":"","neve_meta_disable_title":"","footnotes":""},"class_list":["post-3080","page","type-page","status-publish","hentry"],"_links":{"self":[{"href":"https:\/\/van-conversion-icor.com\/de\/wp-json\/wp\/v2\/pages\/3080","targetHints":{"allow":["GET"]}}],"collection":[{"href":"https:\/\/van-conversion-icor.com\/de\/wp-json\/wp\/v2\/pages"}],"about":[{"href":"https:\/\/van-conversion-icor.com\/de\/wp-json\/wp\/v2\/types\/page"}],"author":[{"embeddable":true,"href":"https:\/\/van-conversion-icor.com\/de\/wp-json\/wp\/v2\/users\/1"}],"replies":[{"embeddable":true,"href":"https:\/\/van-conversion-icor.com\/de\/wp-json\/wp\/v2\/comments?post=3080"}],"version-history":[{"count":0,"href":"https:\/\/van-conversion-icor.com\/de\/wp-json\/wp\/v2\/pages\/3080\/revisions"}],"wp:attachment":[{"href":"https:\/\/van-conversion-icor.com\/de\/wp-json\/wp\/v2\/media?parent=3080"}],"curies":[{"name":"wp","href":"https:\/\/api.w.org\/{rel}","templated":true}]}}