{"id":656,"date":"2021-08-20T09:25:21","date_gmt":"2021-08-20T07:25:21","guid":{"rendered":"http:\/\/van-conversion-icor.com\/su-icor\/"},"modified":"2021-08-24T17:18:39","modified_gmt":"2021-08-24T15:18:39","slug":"su-icor","status":"publish","type":"page","link":"https:\/\/van-conversion-icor.com\/de\/su-icor\/","title":{"rendered":"\u00dcber Icor"},"content":{"rendered":"\n<p>Wir sind Hersteller f\u00fcr Gummi- und Kunststoffleisten und Gro\u00dfh\u00e4ndler mit einem umfangreichen Sortiment an Umbauteilen f\u00fcr den Transporter-Umbaumarkt, egal ob Sie einen Transporter zum Wohnmobil umbauen oder einfach Ihren Lieferwagen in einen Personentranspoerter umbauen. Unser Sortiment umfasst Windschutzscheiben f\u00fcr die Modelle VW T4 Fenster, VW T5 Fenster, VW T6 Fenster. Zus\u00e4tzlich haben wir ein umfangreiches Sortiment anderer Marken wie Citroen, Nissan, Fiat, Opel, Ford, Vivaro, Trafc etc.<\/p>\n\n<div class=\"wp-block-image\"><figure class=\"aligncenter size-full\"><img fetchpriority=\"high\" decoding=\"async\" width=\"1024\" height=\"299\" src=\"http:\/\/van-conversion-icor.com\/wp-content\/uploads\/2021\/08\/metier-image.jpg\" alt=\"\" class=\"wp-image-498\" srcset=\"https:\/\/van-conversion-icor.com\/wp-content\/uploads\/2021\/08\/metier-image.jpg 1024w, https:\/\/van-conversion-icor.com\/wp-content\/uploads\/2021\/08\/metier-image-300x88.jpg 300w, https:\/\/van-conversion-icor.com\/wp-content\/uploads\/2021\/08\/metier-image-768x224.jpg 768w\" sizes=\"(max-width: 1024px) 100vw, 1024px\" \/><\/figure><\/div>\n\n<div class=\"wp-block-columns is-layout-flex wp-container-core-columns-is-layout-9d6595d7 wp-block-columns-is-layout-flex\">\n<div class=\"wp-block-column is-layout-flow wp-block-column-is-layout-flow\">\n<p>Ebenfalls in unserem Sortment sind Umbau-Tritstufen f\u00fcr die seitlichen Schiebet\u00fcren (extra hoch, ohne Beleuchtung) und extra breite und tefe Tritschutzabdeckungen mit Abdeckkappen f\u00fcr die VW Modelle T5 und T6 Karrosserierahmenprofle in verschiedenen Breiten, f\u00fcr den Einbau von Seiten- und Heckscheiben. T\u00fcrdichtungen,Ko\ufb00erraumdichtungen und Aufstelldachabdichtungen als L\u00e4ngenprofle.<\/p>\n<\/div>\n\n\n\n<div class=\"wp-block-column is-layout-flow wp-block-column-is-layout-flow\">\n<p>Erg\u00e4nzend haben wir auch einzigartge Window Pods\u00ae und Splashback Jalousiensysteme von Vanshades f\u00fcr die Camper Modelle VW T5 und T6.<\/p>\n<\/div>\n<\/div>\n\n<div class=\"wp-block-buttons is-content-justification-center is-layout-flex wp-block-buttons-is-layout-flex\">\n<div class=\"wp-block-button has-custom-font-size is-style-outline has-medium-font-size is-style-outline--1\"><a class=\"wp-block-button__link has-white-color has-vivid-cyan-blue-background-color has-text-color has-background\" href=\"\/\/icor.be\" target=\"_blank\" rel=\"noreferrer noopener\">www.ICOR.be<\/a><\/div>\n<\/div>\n\n<p><\/p>\n","protected":false},"excerpt":{"rendered":"<p>Wir sind Hersteller f\u00fcr Gummi- und Kunststoffleisten und Gro\u00dfh\u00e4ndler mit einem umfangreichen Sortiment an Umbauteilen f\u00fcr den Transporter-Umbaumarkt, egal ob Sie einen Transporter zum Wohnmobil umbauen oder einfach Ihren Lieferwagen in einen Personentranspoerter umbauen. Unser Sortiment umfasst Windschutzscheiben f\u00fcr die Modelle VW T4 Fenster, VW T5 Fenster, VW T6 Fenster. Zus\u00e4tzlich haben wir ein umfangreiches&hellip;&nbsp;<a href=\"https:\/\/van-conversion-icor.com\/de\/su-icor\/\" class=\"\" rel=\"bookmark\">Weiterlesen &raquo;<span class=\"screen-reader-text\">\u00dcber Icor<\/span><\/a><\/p>\n","protected":false},"author":1,"featured_media":0,"parent":0,"menu_order":0,"comment_status":"closed","ping_status":"closed","template":"","meta":{"neve_meta_sidebar":"","neve_meta_container":"","neve_meta_enable_content_width":"","neve_meta_content_width":0,"neve_meta_title_alignment":"","neve_meta_author_avatar":"","neve_post_elements_order":"","neve_meta_disable_header":"","neve_meta_disable_footer":"","neve_meta_disable_title":"","footnotes":""},"class_list":["post-656","page","type-page","status-publish","hentry"],"_links":{"self":[{"href":"https:\/\/van-conversion-icor.com\/de\/wp-json\/wp\/v2\/pages\/656","targetHints":{"allow":["GET"]}}],"collection":[{"href":"https:\/\/van-conversion-icor.com\/de\/wp-json\/wp\/v2\/pages"}],"about":[{"href":"https:\/\/van-conversion-icor.com\/de\/wp-json\/wp\/v2\/types\/page"}],"author":[{"embeddable":true,"href":"https:\/\/van-conversion-icor.com\/de\/wp-json\/wp\/v2\/users\/1"}],"replies":[{"embeddable":true,"href":"https:\/\/van-conversion-icor.com\/de\/wp-json\/wp\/v2\/comments?post=656"}],"version-history":[{"count":0,"href":"https:\/\/van-conversion-icor.com\/de\/wp-json\/wp\/v2\/pages\/656\/revisions"}],"wp:attachment":[{"href":"https:\/\/van-conversion-icor.com\/de\/wp-json\/wp\/v2\/media?parent=656"}],"curies":[{"name":"wp","href":"https:\/\/api.w.org\/{rel}","templated":true}]}}