{"id":675,"date":"2021-08-20T09:54:55","date_gmt":"2021-08-20T07:54:55","guid":{"rendered":"http:\/\/van-conversion-icor.com\/camper-profile-und-dichtungen\/"},"modified":"2021-08-24T16:02:07","modified_gmt":"2021-08-24T14:02:07","slug":"camper-profile-und-dichtungen","status":"publish","type":"page","link":"https:\/\/van-conversion-icor.com\/de\/camper-profile-und-dichtungen\/","title":{"rendered":"Camper Profile und Dichtungen"},"content":{"rendered":"\n<h2 class=\"has-vivid-cyan-blue-color has-text-color has-large-font-size wp-block-heading\"><strong>T\u00dcRDICHTUNGEN UND KOFFERRAUMDICHTUNGEN<\/strong><\/h2>\n\n<div class=\"wp-block-columns is-layout-flex wp-container-core-columns-is-layout-9d6595d7 wp-block-columns-is-layout-flex\">\n<div class=\"wp-block-column is-vertically-aligned-center is-layout-flow wp-block-column-is-layout-flow\">\n<h3 class=\"has-text-align-center wp-block-heading\">BRS2462<\/h3>\n\n\n\n<p class=\"has-text-align-center\">BRS 2462 Dichtung f\u00fcr die seitliche Schiebet\u00fcr des VW Transporter T5- T6. Lieferung auf einer 50 m Rolle<\/p>\n\n\n\n<figure class=\"wp-block-image size-medium\"><img fetchpriority=\"high\" decoding=\"async\" width=\"300\" height=\"242\" src=\"http:\/\/van-conversion-icor.com\/wp-content\/uploads\/2021\/08\/BRS2462-300x242.jpg\" alt=\"\" class=\"wp-image-438\" srcset=\"https:\/\/van-conversion-icor.com\/wp-content\/uploads\/2021\/08\/BRS2462-300x242.jpg 300w, https:\/\/van-conversion-icor.com\/wp-content\/uploads\/2021\/08\/BRS2462-1024x827.jpg 1024w, https:\/\/van-conversion-icor.com\/wp-content\/uploads\/2021\/08\/BRS2462-768x620.jpg 768w, https:\/\/van-conversion-icor.com\/wp-content\/uploads\/2021\/08\/BRS2462.jpg 1181w\" sizes=\"(max-width: 300px) 100vw, 300px\" \/><\/figure><\/div>\n\n\n\n<div class=\"wp-block-column is-layout-flow wp-block-column-is-layout-flow\">\n<h3 class=\"has-text-align-center wp-block-heading\"><strong>BRS2416<\/strong><\/h3>\n\n\n\n<p class=\"has-text-align-center\">BRS2416 Dichtung f\u00fcr die VW Transporter T5 und T6 Fahrer und Beifahrert\u00fcr sowie Seitenschiebet\u00fcr (California\/ Seitenschiebet\u00fcr Caravelle)<br\/>Lieferung auf einer 50 m Rolle<\/p>\n\n\n\n<div class=\"wp-block-image\"><figure class=\"aligncenter size-medium\"><img decoding=\"async\" width=\"300\" height=\"242\" src=\"http:\/\/van-conversion-icor.com\/wp-content\/uploads\/2021\/08\/BRS2416-300x242.jpg\" alt=\"\" class=\"wp-image-443\" srcset=\"https:\/\/van-conversion-icor.com\/wp-content\/uploads\/2021\/08\/BRS2416-300x242.jpg 300w, https:\/\/van-conversion-icor.com\/wp-content\/uploads\/2021\/08\/BRS2416-1024x827.jpg 1024w, https:\/\/van-conversion-icor.com\/wp-content\/uploads\/2021\/08\/BRS2416-768x620.jpg 768w, https:\/\/van-conversion-icor.com\/wp-content\/uploads\/2021\/08\/BRS2416.jpg 1181w\" sizes=\"(max-width: 300px) 100vw, 300px\" \/><\/figure><\/div>\n<\/div>\n\n\n\n<div class=\"wp-block-column is-layout-flow wp-block-column-is-layout-flow\">\n<h3 class=\"has-text-align-center wp-block-heading\">BRS2396<\/h3>\n\n\n\n<p class=\"has-text-align-center\">BRS2396 Dichtung f\u00fcr die Seitenschiebet\u00fcr des VW T4, passend f\u00fcr alle Modelle.<br\/>Lieferung auf einer 50 m Rolle<\/p>\n\n\n\n<div class=\"wp-block-image\"><figure class=\"aligncenter size-medium is-resized\"><img decoding=\"async\" src=\"http:\/\/van-conversion-icor.com\/wp-content\/uploads\/2021\/08\/BRS2396-300x187.jpg\" alt=\"\" class=\"wp-image-448\" width=\"379\" height=\"236\" srcset=\"https:\/\/van-conversion-icor.com\/wp-content\/uploads\/2021\/08\/BRS2396-300x187.jpg 300w, https:\/\/van-conversion-icor.com\/wp-content\/uploads\/2021\/08\/BRS2396-768x479.jpg 768w, https:\/\/van-conversion-icor.com\/wp-content\/uploads\/2021\/08\/BRS2396.jpg 827w\" sizes=\"(max-width: 379px) 100vw, 379px\" \/><\/figure><\/div>\n<\/div>\n<\/div>\n\n<div class=\"wp-block-columns is-layout-flex wp-container-core-columns-is-layout-9d6595d7 wp-block-columns-is-layout-flex\">\n<div class=\"wp-block-column is-layout-flow wp-block-column-is-layout-flow\">\n<h3 class=\"has-text-align-center wp-block-heading\">BRS2343<\/h3>\n\n\n\n<p class=\"has-text-align-center\">BRS2343 Dichtung f\u00fcr die Heckt\u00fcren des VW Transporter T4, passend f\u00fcr Doppelheckt\u00fcren und Heckklappen.<br\/>Lieferung auf einer 50 m Rolle<\/p>\n\n\n\n<div class=\"wp-block-image\"><figure class=\"aligncenter size-full is-resized\"><img loading=\"lazy\" decoding=\"async\" src=\"http:\/\/van-conversion-icor.com\/wp-content\/uploads\/2021\/08\/BRS2343.png\" alt=\"\" class=\"wp-image-453\" width=\"239\" height=\"308\" srcset=\"https:\/\/van-conversion-icor.com\/wp-content\/uploads\/2021\/08\/BRS2343.png 408w, https:\/\/van-conversion-icor.com\/wp-content\/uploads\/2021\/08\/BRS2343-232x300.png 232w\" sizes=\"(max-width: 239px) 100vw, 239px\" \/><\/figure><\/div>\n<\/div>\n\n\n\n<div class=\"wp-block-column is-layout-flow wp-block-column-is-layout-flow\">\n<h3 class=\"has-text-align-center wp-block-heading\">BRS2439<\/h3>\n\n\n\n<p class=\"has-text-align-center\">BRS2439 Dichtung f\u00fcr die Fahrerund Beifahrert\u00fcr des VW T4.<br\/>Lieferung auf einer 50 m Rolle<\/p>\n\n\n\n<div class=\"wp-block-image\"><figure class=\"aligncenter size-large is-resized\"><img loading=\"lazy\" decoding=\"async\" src=\"http:\/\/van-conversion-icor.com\/wp-content\/uploads\/2021\/08\/BRS2439-1024x827.jpg\" alt=\"\" class=\"wp-image-458\" width=\"345\" height=\"278\" srcset=\"https:\/\/van-conversion-icor.com\/wp-content\/uploads\/2021\/08\/BRS2439-1024x827.jpg 1024w, https:\/\/van-conversion-icor.com\/wp-content\/uploads\/2021\/08\/BRS2439-300x242.jpg 300w, https:\/\/van-conversion-icor.com\/wp-content\/uploads\/2021\/08\/BRS2439-768x620.jpg 768w, https:\/\/van-conversion-icor.com\/wp-content\/uploads\/2021\/08\/BRS2439.jpg 1181w\" sizes=\"(max-width: 345px) 100vw, 345px\" \/><\/figure><\/div>\n<\/div>\n<\/div>\n\n<hr class=\"wp-block-separator has-text-color has-background has-cyan-bluish-gray-background-color has-cyan-bluish-gray-color\"\/>\n\n<h2 class=\"has-vivid-cyan-blue-color has-text-color has-large-font-size wp-block-heading\">AUFSTELLDACH-DICHTUNGEN<\/h2>\n\n<div class=\"wp-block-columns is-layout-flex wp-container-core-columns-is-layout-9d6595d7 wp-block-columns-is-layout-flex\">\n<div class=\"wp-block-column is-layout-flow wp-block-column-is-layout-flow\">\n<h3 class=\"has-text-align-center wp-block-heading\">BRS4001<\/h3>\n\n\n\n<p class=\"has-text-align-center\">BRS4001 Dichtung f\u00fcr das Aufstelldach des VW T5-T6, passend f\u00fcr Blechst\u00e4rken von bis zu 5 mm.<br\/>Lieferung auf einer 50 m Rolle<\/p>\n\n\n\n<div class=\"wp-block-image\"><figure class=\"aligncenter size-large is-resized\"><img loading=\"lazy\" decoding=\"async\" src=\"http:\/\/van-conversion-icor.com\/wp-content\/uploads\/2021\/08\/BRS4001-754x1024.jpg\" alt=\"\" class=\"wp-image-463\" width=\"255\" height=\"345\" srcset=\"https:\/\/van-conversion-icor.com\/wp-content\/uploads\/2021\/08\/BRS4001-754x1024.jpg 754w, https:\/\/van-conversion-icor.com\/wp-content\/uploads\/2021\/08\/BRS4001-221x300.jpg 221w, https:\/\/van-conversion-icor.com\/wp-content\/uploads\/2021\/08\/BRS4001-768x1043.jpg 768w, https:\/\/van-conversion-icor.com\/wp-content\/uploads\/2021\/08\/BRS4001-1131x1536.jpg 1131w, https:\/\/van-conversion-icor.com\/wp-content\/uploads\/2021\/08\/BRS4001.jpg 1251w\" sizes=\"(max-width: 255px) 100vw, 255px\" \/><\/figure><\/div>\n<\/div>\n\n\n\n<div class=\"wp-block-column is-layout-flow wp-block-column-is-layout-flow\">\n<h3 class=\"has-text-align-center wp-block-heading\">BRS1723<\/h3>\n\n\n\n<p class=\"has-text-align-center\">BRS1723 Dichtung f\u00fcr das Aufstelldach des VW T5-T6, passend f\u00fcr Blechst\u00e4rken von bis zu 3 mm.<br\/>Lieferung auf einer 50 m Rolle.<\/p>\n\n\n\n<div class=\"wp-block-image\"><figure class=\"aligncenter size-large is-resized\"><img loading=\"lazy\" decoding=\"async\" src=\"http:\/\/van-conversion-icor.com\/wp-content\/uploads\/2021\/08\/BRS1723-795x1024.jpg\" alt=\"\" class=\"wp-image-468\" width=\"249\" height=\"320\" srcset=\"https:\/\/van-conversion-icor.com\/wp-content\/uploads\/2021\/08\/BRS1723-795x1024.jpg 795w, https:\/\/van-conversion-icor.com\/wp-content\/uploads\/2021\/08\/BRS1723-233x300.jpg 233w, https:\/\/van-conversion-icor.com\/wp-content\/uploads\/2021\/08\/BRS1723-768x989.jpg 768w, https:\/\/van-conversion-icor.com\/wp-content\/uploads\/2021\/08\/BRS1723-1193x1536.jpg 1193w, https:\/\/van-conversion-icor.com\/wp-content\/uploads\/2021\/08\/BRS1723.jpg 1303w\" sizes=\"(max-width: 249px) 100vw, 249px\" \/><\/figure><\/div>\n<\/div>\n<\/div>\n\n<hr class=\"wp-block-separator has-text-color has-background has-cyan-bluish-gray-background-color has-cyan-bluish-gray-color\"\/>\n\n<h2 class=\"has-vivid-cyan-blue-color has-text-color has-large-font-size wp-block-heading\"><strong>KANTENSCHUTZPROFILE<\/strong><\/h2>\n\n<div class=\"wp-block-columns is-layout-flex wp-container-core-columns-is-layout-9d6595d7 wp-block-columns-is-layout-flex\">\n<div class=\"wp-block-column is-layout-flow wp-block-column-is-layout-flow\">\n<h3 class=\"has-text-align-center wp-block-heading\">BRS2355<\/h3>\n\n\n\n<p>BRS2355 Selbsthafendes PVC \u00abU\u00bb Kantenschutzprofl f\u00fcr Doppelblechkanten, f\u00fcr Gesamtblechst\u00e4rken von 10 bis 12 mm. Passend f\u00fcr den VW Transporter T5 und T6. Kommt auf einer 100 m Rolle.<\/p>\n\n\n\n<figure class=\"wp-block-image size-large is-resized is-style-default\"><img loading=\"lazy\" decoding=\"async\" src=\"http:\/\/van-conversion-icor.com\/wp-content\/uploads\/2021\/08\/BRS2355-1-1024x923.jpg\" alt=\"\" class=\"wp-image-543\" width=\"250\" height=\"225\" srcset=\"https:\/\/van-conversion-icor.com\/wp-content\/uploads\/2021\/08\/BRS2355-1-1024x923.jpg 1024w, https:\/\/van-conversion-icor.com\/wp-content\/uploads\/2021\/08\/BRS2355-1-300x270.jpg 300w, https:\/\/van-conversion-icor.com\/wp-content\/uploads\/2021\/08\/BRS2355-1-768x692.jpg 768w, https:\/\/van-conversion-icor.com\/wp-content\/uploads\/2021\/08\/BRS2355-1.jpg 1143w\" sizes=\"(max-width: 250px) 100vw, 250px\" \/><\/figure><\/div>\n\n\n\n<div class=\"wp-block-column is-layout-flow wp-block-column-is-layout-flow\">\n<h3 class=\"has-text-align-center wp-block-heading\">BRS2428<\/h3>\n\n\n\n<p>BRS2428 PVC\/STAHL tragendes Kantenschutzprofl, geeignet f\u00fcr 6-8mm Blechst\u00e4rken. Wird h\u00e4ufg verwendet f\u00fcr Vivaro und Sprinter Fenster Konverterungen. Lieferung auf einer 50 m Rolle.<\/p>\n\n\n\n<div class=\"wp-block-image is-style-default\"><figure class=\"aligncenter size-large is-resized\"><img loading=\"lazy\" decoding=\"async\" src=\"http:\/\/van-conversion-icor.com\/wp-content\/uploads\/2021\/08\/BRS2428-1-1024x923.jpg\" alt=\"\" class=\"wp-image-548\" width=\"259\" height=\"234\" srcset=\"https:\/\/van-conversion-icor.com\/wp-content\/uploads\/2021\/08\/BRS2428-1-1024x923.jpg 1024w, https:\/\/van-conversion-icor.com\/wp-content\/uploads\/2021\/08\/BRS2428-1-300x270.jpg 300w, https:\/\/van-conversion-icor.com\/wp-content\/uploads\/2021\/08\/BRS2428-1-768x692.jpg 768w, https:\/\/van-conversion-icor.com\/wp-content\/uploads\/2021\/08\/BRS2428-1.jpg 1143w\" sizes=\"(max-width: 259px) 100vw, 259px\" \/><\/figure><\/div>\n\n\n\n<p><\/p>\n<\/div>\n\n\n\n<div class=\"wp-block-column is-layout-flow wp-block-column-is-layout-flow\">\n<h3 class=\"has-text-align-center wp-block-heading\">BRS2368<\/h3>\n\n\n\n<p>BRS2368 Selbsthafendes PVC \u00abU\u00bb Universal-Kantenschutzprofl, f\u00fcr 1,5 mm Blechst\u00e4rken. Zum Umbau von VW T4, Nissan, Transit uvm.<br\/>Lieferung auf einer 50 m Rolle.<\/p>\n\n\n\n<div class=\"wp-block-image is-style-default\"><figure class=\"aligncenter size-large is-resized\"><img loading=\"lazy\" decoding=\"async\" src=\"http:\/\/van-conversion-icor.com\/wp-content\/uploads\/2021\/08\/BRS2368-778x1024.jpg\" alt=\"\" class=\"wp-image-553\" width=\"192\" height=\"252\" srcset=\"https:\/\/van-conversion-icor.com\/wp-content\/uploads\/2021\/08\/BRS2368-778x1024.jpg 778w, https:\/\/van-conversion-icor.com\/wp-content\/uploads\/2021\/08\/BRS2368-228x300.jpg 228w, https:\/\/van-conversion-icor.com\/wp-content\/uploads\/2021\/08\/BRS2368-768x1010.jpg 768w, https:\/\/van-conversion-icor.com\/wp-content\/uploads\/2021\/08\/BRS2368.jpg 827w\" sizes=\"(max-width: 192px) 100vw, 192px\" \/><\/figure><\/div>\n\n\n\n<p><\/p>\n<\/div>\n<\/div>\n\n<div class=\"wp-block-columns is-layout-flex wp-container-core-columns-is-layout-9d6595d7 wp-block-columns-is-layout-flex\">\n<div class=\"wp-block-column is-layout-flow wp-block-column-is-layout-flow\">\n<h2 class=\"has-text-align-center wp-block-heading\">BRS2205<\/h2>\n\n\n\n<p class=\"has-text-align-center\">BRS2205 Kantenschutzprofl Schwarz PVC. Flexibles, selbsthafendes und universales Kantenschutzprofl zum Umbau von VW T4, Nissan, Transit uvm. Innenlippe nur von einer Seite, um die Glassscheibe enger an die Karrosserie dr\u00fccken und somit besser verkleben zu k\u00f6nnen.<br\/>Lieferung auf einer 50 m Rolle.<\/p>\n\n\n\n<div class=\"wp-block-image is-style-default\"><figure class=\"aligncenter size-full is-resized\"><img loading=\"lazy\" decoding=\"async\" src=\"http:\/\/van-conversion-icor.com\/wp-content\/uploads\/2021\/08\/BRS2205.jpg\" alt=\"\" class=\"wp-image-558\" width=\"224\" height=\"217\" srcset=\"https:\/\/van-conversion-icor.com\/wp-content\/uploads\/2021\/08\/BRS2205.jpg 827w, https:\/\/van-conversion-icor.com\/wp-content\/uploads\/2021\/08\/BRS2205-300x292.jpg 300w, https:\/\/van-conversion-icor.com\/wp-content\/uploads\/2021\/08\/BRS2205-768x747.jpg 768w\" sizes=\"(max-width: 224px) 100vw, 224px\" \/><\/figure><\/div>\n<\/div>\n\n\n\n<div class=\"wp-block-column is-layout-flow wp-block-column-is-layout-flow\">\n<h2 class=\"has-text-align-center wp-block-heading\">BRS2177<\/h2>\n\n\n\n<p class=\"has-text-align-center\">BRS2177 Schwarzes PVC Kantenschutzprofl, \ufb02exibel und selbsthafend. F\u00fcr Blechst\u00e4rken von 1mm. Lieferung auf einer 50 m Rolle.<\/p>\n\n\n\n<div class=\"wp-block-image is-style-default\"><figure class=\"aligncenter size-full is-resized\"><img loading=\"lazy\" decoding=\"async\" src=\"http:\/\/van-conversion-icor.com\/wp-content\/uploads\/2021\/08\/BRS2177.jpg\" alt=\"\" class=\"wp-image-563\" width=\"271\" height=\"231\" srcset=\"https:\/\/van-conversion-icor.com\/wp-content\/uploads\/2021\/08\/BRS2177.jpg 720w, https:\/\/van-conversion-icor.com\/wp-content\/uploads\/2021\/08\/BRS2177-300x257.jpg 300w\" sizes=\"(max-width: 271px) 100vw, 271px\" \/><\/figure><\/div>\n<\/div>\n<\/div>\n\n<h2 class=\"has-vivid-cyan-blue-color has-text-color has-large-font-size wp-block-heading\">GLASRANDVERKLEIDUNGEN<\/h2>\n\n<h2 class=\"has-text-align-center wp-block-heading\">BRS4002<\/h2>\n\n<p class=\"has-text-align-center\">BRS4002 Universelle Glaskantenverkleidung, schlie\u00dft den Spalt zwischen Heck- und Mittelglas.<br\/>Lieferung auf einer 25 m Rolle.<\/p>\n\n<div class=\"wp-block-image is-style-default\"><figure class=\"aligncenter size-full is-resized\"><img loading=\"lazy\" decoding=\"async\" src=\"http:\/\/van-conversion-icor.com\/wp-content\/uploads\/2021\/08\/BRS4002.png\" alt=\"\" class=\"wp-image-568\" width=\"333\" height=\"241\" srcset=\"https:\/\/van-conversion-icor.com\/wp-content\/uploads\/2021\/08\/BRS4002.png 665w, https:\/\/van-conversion-icor.com\/wp-content\/uploads\/2021\/08\/BRS4002-300x217.png 300w\" sizes=\"(max-width: 333px) 100vw, 333px\" \/><\/figure><\/div>\n","protected":false},"excerpt":{"rendered":"<p>T\u00dcRDICHTUNGEN UND KOFFERRAUMDICHTUNGEN BRS2462 BRS 2462 Dichtung f\u00fcr die seitliche Schiebet\u00fcr des VW Transporter T5- T6. Lieferung auf einer 50 m Rolle BRS2416 BRS2416 Dichtung f\u00fcr die VW Transporter T5 und T6 Fahrer und Beifahrert\u00fcr sowie Seitenschiebet\u00fcr (California\/ Seitenschiebet\u00fcr Caravelle)Lieferung auf einer 50 m Rolle BRS2396 BRS2396 Dichtung f\u00fcr die Seitenschiebet\u00fcr des VW T4, passend&hellip;&nbsp;<a href=\"https:\/\/van-conversion-icor.com\/de\/camper-profile-und-dichtungen\/\" class=\"\" rel=\"bookmark\">Weiterlesen &raquo;<span class=\"screen-reader-text\">Camper Profile und Dichtungen<\/span><\/a><\/p>\n","protected":false},"author":1,"featured_media":0,"parent":0,"menu_order":0,"comment_status":"closed","ping_status":"closed","template":"","meta":{"neve_meta_sidebar":"","neve_meta_container":"","neve_meta_enable_content_width":"","neve_meta_content_width":0,"neve_meta_title_alignment":"","neve_meta_author_avatar":"","neve_post_elements_order":"","neve_meta_disable_header":"","neve_meta_disable_footer":"","neve_meta_disable_title":"","footnotes":""},"class_list":["post-675","page","type-page","status-publish","hentry"],"_links":{"self":[{"href":"https:\/\/van-conversion-icor.com\/de\/wp-json\/wp\/v2\/pages\/675","targetHints":{"allow":["GET"]}}],"collection":[{"href":"https:\/\/van-conversion-icor.com\/de\/wp-json\/wp\/v2\/pages"}],"about":[{"href":"https:\/\/van-conversion-icor.com\/de\/wp-json\/wp\/v2\/types\/page"}],"author":[{"embeddable":true,"href":"https:\/\/van-conversion-icor.com\/de\/wp-json\/wp\/v2\/users\/1"}],"replies":[{"embeddable":true,"href":"https:\/\/van-conversion-icor.com\/de\/wp-json\/wp\/v2\/comments?post=675"}],"version-history":[{"count":0,"href":"https:\/\/van-conversion-icor.com\/de\/wp-json\/wp\/v2\/pages\/675\/revisions"}],"wp:attachment":[{"href":"https:\/\/van-conversion-icor.com\/de\/wp-json\/wp\/v2\/media?parent=675"}],"curies":[{"name":"wp","href":"https:\/\/api.w.org\/{rel}","templated":true}]}}