{"id":2222,"date":"2023-06-21T10:51:15","date_gmt":"2023-06-21T08:51:15","guid":{"rendered":"https:\/\/van-conversion-icor.com\/hayon-chaise-longue-et-table-pour-vw-t5-t6\/"},"modified":"2023-06-21T10:51:17","modified_gmt":"2023-06-21T08:51:17","slug":"hayon-chaise-longue-et-table-pour-vw-t5-t6","status":"publish","type":"page","link":"https:\/\/van-conversion-icor.com\/fr\/hayon-chaise-longue-et-table-pour-vw-t5-t6\/","title":{"rendered":"Hayon chaise longue et table pour VW T5 &amp; T6"},"content":{"rendered":"\t\t<div data-elementor-type=\"wp-page\" data-elementor-id=\"2222\" class=\"elementor elementor-2222\" data-elementor-post-type=\"page\">\n\t\t\t\t\t\t<section class=\"elementor-section elementor-top-section elementor-element elementor-element-7a211d0 elementor-section-boxed elementor-section-height-default elementor-section-height-default\" data-id=\"7a211d0\" data-element_type=\"section\" data-e-type=\"section\">\n\t\t\t\t\t\t<div class=\"elementor-container elementor-column-gap-default\">\n\t\t\t\t\t<div class=\"elementor-column elementor-col-100 elementor-top-column elementor-element elementor-element-11102bc\" data-id=\"11102bc\" data-element_type=\"column\" data-e-type=\"column\">\n\t\t\t<div class=\"elementor-widget-wrap elementor-element-populated\">\n\t\t\t\t\t\t<div class=\"elementor-element elementor-element-8ac5616 elementor-widget elementor-widget-spacer\" data-id=\"8ac5616\" data-element_type=\"widget\" data-e-type=\"widget\" data-widget_type=\"spacer.default\">\n\t\t\t\t<div class=\"elementor-widget-container\">\n\t\t\t\t\t\t\t<div class=\"elementor-spacer\">\n\t\t\t<div class=\"elementor-spacer-inner\"><\/div>\n\t\t<\/div>\n\t\t\t\t\t\t<\/div>\n\t\t\t\t<\/div>\n\t\t\t\t\t<\/div>\n\t\t<\/div>\n\t\t\t\t\t<\/div>\n\t\t<\/section>\n\t\t\t\t<section class=\"elementor-section elementor-top-section elementor-element elementor-element-0a36024 elementor-section-boxed elementor-section-height-default elementor-section-height-default\" data-id=\"0a36024\" data-element_type=\"section\" data-e-type=\"section\">\n\t\t\t\t\t\t<div class=\"elementor-container elementor-column-gap-default\">\n\t\t\t\t\t<div class=\"elementor-column elementor-col-50 elementor-top-column elementor-element elementor-element-5c69daa\" data-id=\"5c69daa\" data-element_type=\"column\" data-e-type=\"column\">\n\t\t\t<div class=\"elementor-widget-wrap elementor-element-populated\">\n\t\t\t\t\t\t<div class=\"elementor-element elementor-element-c796cea elementor-widget elementor-widget-heading\" data-id=\"c796cea\" data-element_type=\"widget\" data-e-type=\"widget\" data-widget_type=\"heading.default\">\n\t\t\t\t<div class=\"elementor-widget-container\">\n\t\t\t\t\t<h2 class=\"elementor-heading-title elementor-size-default\">Hayon chaise longue et table pour VW T5 &amp; T6\n Pour VW T5, T6<\/h2>\t\t\t\t<\/div>\n\t\t\t\t<\/div>\n\t\t\t\t<div class=\"elementor-element elementor-element-7a39e15 elementor-widget elementor-widget-text-editor\" data-id=\"7a39e15\" data-element_type=\"widget\" data-e-type=\"widget\" data-widget_type=\"text-editor.default\">\n\t\t\t\t<div class=\"elementor-widget-container\">\n\t\t\t\t\t\t\t\t\t<p>Gr\u00e2ce \u00e0 nos exp\u00e9riences avec les versions pr\u00e9c\u00e9dentes avec le Hayon pour chaise longue, nous avons am\u00e9lior\u00e9 notre conception. Plut\u00f4t qu&rsquo;un sac en tissu de toile, le nouveau Hayon pour chaise longue est maintenant un r\u00e9cipient en plastique form\u00e9 sous vide qui s&rsquo;adaptera pour deux chaises de camping de marque Vanshades.<\/p>\n\t\t\t\t\t\t\t\t<\/div>\n\t\t\t\t<\/div>\n\t\t\t\t\t<\/div>\n\t\t<\/div>\n\t\t\t\t<div class=\"elementor-column elementor-col-50 elementor-top-column elementor-element elementor-element-ab86abf\" data-id=\"ab86abf\" data-element_type=\"column\" data-e-type=\"column\">\n\t\t\t<div class=\"elementor-widget-wrap elementor-element-populated\">\n\t\t\t\t\t\t<div class=\"elementor-element elementor-element-5a302f6 elementor-widget elementor-widget-image\" data-id=\"5a302f6\" data-element_type=\"widget\" data-e-type=\"widget\" data-widget_type=\"image.default\">\n\t\t\t\t<div class=\"elementor-widget-container\">\n\t\t\t\t\t\t\t\t\t\t\t\t\t\t\t<img fetchpriority=\"high\" decoding=\"async\" width=\"286\" height=\"300\" src=\"https:\/\/van-conversion-icor.com\/wp-content\/uploads\/2022\/02\/Tailgate-Chair-Pod-1-286x300.jpg\" class=\"attachment-medium size-medium wp-image-1137\" alt=\"\" srcset=\"https:\/\/van-conversion-icor.com\/wp-content\/uploads\/2022\/02\/Tailgate-Chair-Pod-1-286x300.jpg 286w, https:\/\/van-conversion-icor.com\/wp-content\/uploads\/2022\/02\/Tailgate-Chair-Pod-1.jpg 473w\" sizes=\"(max-width: 286px) 100vw, 286px\" \/>\t\t\t\t\t\t\t\t\t\t\t\t\t\t\t<\/div>\n\t\t\t\t<\/div>\n\t\t\t\t\t<\/div>\n\t\t<\/div>\n\t\t\t\t\t<\/div>\n\t\t<\/section>\n\t\t\t\t<section class=\"elementor-section elementor-top-section elementor-element elementor-element-0bb4c3c elementor-section-boxed elementor-section-height-default elementor-section-height-default\" data-id=\"0bb4c3c\" data-element_type=\"section\" data-e-type=\"section\">\n\t\t\t\t\t\t<div class=\"elementor-container elementor-column-gap-default\">\n\t\t\t\t\t<div class=\"elementor-column elementor-col-100 elementor-top-column elementor-element elementor-element-1b7d386\" data-id=\"1b7d386\" data-element_type=\"column\" data-e-type=\"column\">\n\t\t\t<div class=\"elementor-widget-wrap elementor-element-populated\">\n\t\t\t\t\t\t<div class=\"elementor-element elementor-element-54522fd elementor-widget-divider--view-line elementor-widget elementor-widget-divider\" data-id=\"54522fd\" data-element_type=\"widget\" data-e-type=\"widget\" data-widget_type=\"divider.default\">\n\t\t\t\t<div class=\"elementor-widget-container\">\n\t\t\t\t\t\t\t<div class=\"elementor-divider\">\n\t\t\t<span class=\"elementor-divider-separator\">\n\t\t\t\t\t\t<\/span>\n\t\t<\/div>\n\t\t\t\t\t\t<\/div>\n\t\t\t\t<\/div>\n\t\t\t\t\t<\/div>\n\t\t<\/div>\n\t\t\t\t\t<\/div>\n\t\t<\/section>\n\t\t\t\t<section class=\"elementor-section elementor-top-section elementor-element elementor-element-65d8c59 elementor-section-boxed elementor-section-height-default elementor-section-height-default\" data-id=\"65d8c59\" data-element_type=\"section\" data-e-type=\"section\">\n\t\t\t\t\t\t<div class=\"elementor-container elementor-column-gap-default\">\n\t\t\t\t\t<div class=\"elementor-column elementor-col-100 elementor-top-column elementor-element elementor-element-6288fff\" data-id=\"6288fff\" data-element_type=\"column\" data-e-type=\"column\">\n\t\t\t<div class=\"elementor-widget-wrap\">\n\t\t\t\t\t\t\t<\/div>\n\t\t<\/div>\n\t\t\t\t\t<\/div>\n\t\t<\/section>\n\t\t\t\t<section class=\"elementor-section elementor-top-section elementor-element elementor-element-5ec4b90 elementor-section-boxed elementor-section-height-default elementor-section-height-default\" data-id=\"5ec4b90\" data-element_type=\"section\" data-e-type=\"section\">\n\t\t\t\t\t\t<div class=\"elementor-container elementor-column-gap-default\">\n\t\t\t\t\t<div class=\"elementor-column elementor-col-100 elementor-top-column elementor-element elementor-element-8e77004\" data-id=\"8e77004\" data-element_type=\"column\" data-e-type=\"column\">\n\t\t\t<div class=\"elementor-widget-wrap elementor-element-populated\">\n\t\t\t\t\t\t<div class=\"elementor-element elementor-element-8c1eacb elementor-widget elementor-widget-spacer\" data-id=\"8c1eacb\" data-element_type=\"widget\" data-e-type=\"widget\" data-widget_type=\"spacer.default\">\n\t\t\t\t<div class=\"elementor-widget-container\">\n\t\t\t\t\t\t\t<div class=\"elementor-spacer\">\n\t\t\t<div class=\"elementor-spacer-inner\"><\/div>\n\t\t<\/div>\n\t\t\t\t\t\t<\/div>\n\t\t\t\t<\/div>\n\t\t\t\t\t<\/div>\n\t\t<\/div>\n\t\t\t\t\t<\/div>\n\t\t<\/section>\n\t\t\t\t<section class=\"elementor-section elementor-top-section elementor-element elementor-element-e84c141 elementor-section-boxed elementor-section-height-default elementor-section-height-default\" data-id=\"e84c141\" data-element_type=\"section\" data-e-type=\"section\">\n\t\t\t\t\t\t<div class=\"elementor-container elementor-column-gap-default\">\n\t\t\t\t\t<div class=\"elementor-column elementor-col-50 elementor-top-column elementor-element elementor-element-c436858\" data-id=\"c436858\" data-element_type=\"column\" data-e-type=\"column\">\n\t\t\t<div class=\"elementor-widget-wrap elementor-element-populated\">\n\t\t\t\t\t\t<div class=\"elementor-element elementor-element-3619c14 elementor-widget elementor-widget-image\" data-id=\"3619c14\" data-element_type=\"widget\" data-e-type=\"widget\" data-widget_type=\"image.default\">\n\t\t\t\t<div class=\"elementor-widget-container\">\n\t\t\t\t\t\t\t\t\t\t\t\t\t\t\t<img decoding=\"async\" width=\"1024\" height=\"682\" src=\"https:\/\/van-conversion-icor.com\/wp-content\/uploads\/2023\/01\/tableloc.jpg\" class=\"attachment-large size-large wp-image-1988\" alt=\"table van camper\" srcset=\"https:\/\/van-conversion-icor.com\/wp-content\/uploads\/2023\/01\/tableloc.jpg 1024w, https:\/\/van-conversion-icor.com\/wp-content\/uploads\/2023\/01\/tableloc-300x200.jpg 300w, https:\/\/van-conversion-icor.com\/wp-content\/uploads\/2023\/01\/tableloc-768x512.jpg 768w, https:\/\/van-conversion-icor.com\/wp-content\/uploads\/2023\/01\/tableloc-930x620.jpg 930w\" sizes=\"(max-width: 1024px) 100vw, 1024px\" \/>\t\t\t\t\t\t\t\t\t\t\t\t\t\t\t<\/div>\n\t\t\t\t<\/div>\n\t\t\t\t\t<\/div>\n\t\t<\/div>\n\t\t\t\t<div class=\"elementor-column elementor-col-50 elementor-top-column elementor-element elementor-element-e521405\" data-id=\"e521405\" data-element_type=\"column\" data-e-type=\"column\">\n\t\t\t<div class=\"elementor-widget-wrap elementor-element-populated\">\n\t\t\t\t\t\t<div class=\"elementor-element elementor-element-56ad1ab elementor-widget elementor-widget-heading\" data-id=\"56ad1ab\" data-element_type=\"widget\" data-e-type=\"widget\" data-widget_type=\"heading.default\">\n\t\t\t\t<div class=\"elementor-widget-container\">\n\t\t\t\t\t<h2 class=\"elementor-heading-title elementor-size-default\">LOC8 TABLE SYSTEM <\/h2>\t\t\t\t<\/div>\n\t\t\t\t<\/div>\n\t\t\t\t<div class=\"elementor-element elementor-element-549649c elementor-widget elementor-widget-text-editor\" data-id=\"549649c\" data-element_type=\"widget\" data-e-type=\"widget\" data-widget_type=\"text-editor.default\">\n\t\t\t\t<div class=\"elementor-widget-container\">\n\t\t\t\t\t\t\t\t\t<p><strong>Une<\/strong><b>table int\u00e9grable pourVW T5 &amp; T6 Vans<br \/><\/b><span style=\"color: var( --e-global-color-text ); background-color: var(--nv-site-bg); letter-spacing: var(--bodyLetterSpacing); text-transform: var(--bodyTextTransform);\"><b><br \/>S<\/b>olution Innovative pour van camper \u201cLoc8 Table System\u201d Table et garniture pour VW T5 et T6 Transporter<\/span><\/p>\n<p>Vous en avez marre d&rsquo;avoir une table non fix\u00e9e qui s&rsquo;agite autour de votre camionnette ?<br \/>Marre d&rsquo;avoir une table qui est fix\u00e9e au mauvais endroit ?<\/p>\n<p>La solution est ici avec le syst\u00e8me de table Loc8.<\/p>\n\t\t\t\t\t\t\t\t<\/div>\n\t\t\t\t<\/div>\n\t\t\t\t\t<\/div>\n\t\t<\/div>\n\t\t\t\t\t<\/div>\n\t\t<\/section>\n\t\t\t\t<section class=\"elementor-section elementor-top-section elementor-element elementor-element-99dad93 elementor-section-boxed elementor-section-height-default elementor-section-height-default\" data-id=\"99dad93\" data-element_type=\"section\" data-e-type=\"section\">\n\t\t\t\t\t\t<div class=\"elementor-container elementor-column-gap-default\">\n\t\t\t\t\t<div class=\"elementor-column elementor-col-100 elementor-top-column elementor-element elementor-element-c4a67fa\" data-id=\"c4a67fa\" data-element_type=\"column\" data-e-type=\"column\">\n\t\t\t<div class=\"elementor-widget-wrap elementor-element-populated\">\n\t\t\t\t\t\t<div class=\"elementor-element elementor-element-56f5f89 elementor-widget elementor-widget-spacer\" data-id=\"56f5f89\" data-element_type=\"widget\" data-e-type=\"widget\" data-widget_type=\"spacer.default\">\n\t\t\t\t<div class=\"elementor-widget-container\">\n\t\t\t\t\t\t\t<div class=\"elementor-spacer\">\n\t\t\t<div class=\"elementor-spacer-inner\"><\/div>\n\t\t<\/div>\n\t\t\t\t\t\t<\/div>\n\t\t\t\t<\/div>\n\t\t\t\t\t<\/div>\n\t\t<\/div>\n\t\t\t\t\t<\/div>\n\t\t<\/section>\n\t\t\t\t<section class=\"elementor-section elementor-top-section elementor-element elementor-element-cba1fbd elementor-section-boxed elementor-section-height-default elementor-section-height-default\" data-id=\"cba1fbd\" data-element_type=\"section\" data-e-type=\"section\">\n\t\t\t\t\t\t<div class=\"elementor-container elementor-column-gap-default\">\n\t\t\t\t\t<div class=\"elementor-column elementor-col-100 elementor-top-column elementor-element elementor-element-3c4c56e\" data-id=\"3c4c56e\" data-element_type=\"column\" data-e-type=\"column\">\n\t\t\t<div class=\"elementor-widget-wrap elementor-element-populated\">\n\t\t\t\t\t\t<div class=\"elementor-element elementor-element-74ed9e9 elementor-widget elementor-widget-heading\" data-id=\"74ed9e9\" data-element_type=\"widget\" data-e-type=\"widget\" data-widget_type=\"heading.default\">\n\t\t\t\t<div class=\"elementor-widget-container\">\n\t\t\t\t\t<p class=\"elementor-heading-title elementor-size-default\">C'est un moyen simple et efficace !<\/p>\t\t\t\t<\/div>\n\t\t\t\t<\/div>\n\t\t\t\t<div class=\"elementor-element elementor-element-e1e91ea elementor-widget elementor-widget-text-editor\" data-id=\"e1e91ea\" data-element_type=\"widget\" data-e-type=\"widget\" data-widget_type=\"text-editor.default\">\n\t\t\t\t<div class=\"elementor-widget-container\">\n\t\t\t\t\t\t\t\t\t<p>Une table de camping autonome qui est rang\u00e9e en toute s\u00e9curit\u00e9 dans votre porte coulissante lorsqu&rsquo;elle n&rsquo;est pas utilis\u00e9e. Con\u00e7u et assembl\u00e9 en Grande-Bretagne, le syst\u00e8me Loc8 Table s&rsquo;installe en quelques minutes et ne n\u00e9cessite absolument aucune modification de votre porte coulissante.<\/p>\n<p>Il n&rsquo;y a pas de d\u00e9coupe de poutres de renforcement et aucune modification de vos m\u00e9canismes de verrouillage existants \u00e0 r\u00e9aliser ; il vous suffit de retirer la garniture VW existante et de la remplacer par la garniture Loc8, en r\u00e9utilisant les clips de garniture existants.<\/p>\n<p>Syst\u00e8me de table LOC8 fix\u00e9 dans la porte lat\u00e9rale coulissante du VW T5\/T6 ; table rang\u00e9e en toute s\u00e9curit\u00e9 dans la garniture. Le syst\u00e8me de table Loc8 s&rsquo;int\u00e8gre dans la porte coulissante lat\u00e9rale de tous les mod\u00e8les VW T5 et T6 \u00e0 conduite \u00e0 droite fabriqu\u00e9s \u00e0 partir de 2004. Le syst\u00e8me convient aux mod\u00e8les SWB et LWB avec ou sans porte motoris\u00e9e.<\/p>\n\t\t\t\t\t\t\t\t<\/div>\n\t\t\t\t<\/div>\n\t\t\t\t\t<\/div>\n\t\t<\/div>\n\t\t\t\t\t<\/div>\n\t\t<\/section>\n\t\t\t\t<\/div>\n\t\t","protected":false},"excerpt":{"rendered":"<p>Hayon chaise longue et table pour VW T5 &amp; T6 Pour VW T5, T6 Gr\u00e2ce \u00e0 nos exp\u00e9riences avec les versions pr\u00e9c\u00e9dentes avec le Hayon pour chaise longue, nous avons am\u00e9lior\u00e9 notre conception. Plut\u00f4t qu&rsquo;un sac en tissu de toile, le nouveau Hayon pour chaise longue est maintenant un r\u00e9cipient en plastique form\u00e9 sous vide&hellip;&nbsp;<a href=\"https:\/\/van-conversion-icor.com\/fr\/hayon-chaise-longue-et-table-pour-vw-t5-t6\/\" class=\"\" rel=\"bookmark\">Lire la suite &raquo;<span class=\"screen-reader-text\">Hayon chaise longue et table pour VW T5 &amp; T6<\/span><\/a><\/p>\n","protected":false},"author":1,"featured_media":0,"parent":0,"menu_order":0,"comment_status":"closed","ping_status":"closed","template":"page-templates\/template-pagebuilder-full-width.php","meta":{"neve_meta_sidebar":"","neve_meta_container":"","neve_meta_enable_content_width":"","neve_meta_content_width":0,"neve_meta_title_alignment":"","neve_meta_author_avatar":"","neve_post_elements_order":"","neve_meta_disable_header":"","neve_meta_disable_footer":"","neve_meta_disable_title":"","footnotes":""},"class_list":["post-2222","page","type-page","status-publish","hentry"],"_links":{"self":[{"href":"https:\/\/van-conversion-icor.com\/fr\/wp-json\/wp\/v2\/pages\/2222","targetHints":{"allow":["GET"]}}],"collection":[{"href":"https:\/\/van-conversion-icor.com\/fr\/wp-json\/wp\/v2\/pages"}],"about":[{"href":"https:\/\/van-conversion-icor.com\/fr\/wp-json\/wp\/v2\/types\/page"}],"author":[{"embeddable":true,"href":"https:\/\/van-conversion-icor.com\/fr\/wp-json\/wp\/v2\/users\/1"}],"replies":[{"embeddable":true,"href":"https:\/\/van-conversion-icor.com\/fr\/wp-json\/wp\/v2\/comments?post=2222"}],"version-history":[{"count":0,"href":"https:\/\/van-conversion-icor.com\/fr\/wp-json\/wp\/v2\/pages\/2222\/revisions"}],"wp:attachment":[{"href":"https:\/\/van-conversion-icor.com\/fr\/wp-json\/wp\/v2\/media?parent=2222"}],"curies":[{"name":"wp","href":"https:\/\/api.w.org\/{rel}","templated":true}]}}