{"id":3605,"date":"2025-04-07T10:27:25","date_gmt":"2025-04-07T08:27:25","guid":{"rendered":"https:\/\/van-conversion-icor.com\/?page_id=3605"},"modified":"2025-04-14T15:16:28","modified_gmt":"2025-04-14T13:16:28","slug":"campervan-conversion-parts-accessories-2","status":"publish","type":"page","link":"https:\/\/van-conversion-icor.com\/fr\/campervan-conversion-parts-accessories-2\/","title":{"rendered":"VWT4"},"content":{"rendered":"\t\t<div data-elementor-type=\"wp-page\" data-elementor-id=\"3605\" class=\"elementor elementor-3605\" data-elementor-post-type=\"page\">\n\t\t\t\t\t\t<section class=\"elementor-section elementor-top-section elementor-element elementor-element-1d36db6 elementor-section-content-middle elementor-section-boxed elementor-section-height-default elementor-section-height-default\" data-id=\"1d36db6\" data-element_type=\"section\" data-e-type=\"section\" data-settings=\"{&quot;background_background&quot;:&quot;classic&quot;}\">\n\t\t\t\t\t\t<div class=\"elementor-container elementor-column-gap-no\">\n\t\t\t\t\t<div class=\"elementor-column elementor-col-50 elementor-top-column elementor-element elementor-element-669fdd2\" data-id=\"669fdd2\" data-element_type=\"column\" data-e-type=\"column\">\n\t\t\t<div class=\"elementor-widget-wrap elementor-element-populated\">\n\t\t\t\t\t\t<div class=\"elementor-element elementor-element-715f461 elementor-widget elementor-widget-image\" data-id=\"715f461\" data-element_type=\"widget\" data-e-type=\"widget\" data-widget_type=\"image.default\">\n\t\t\t\t<div class=\"elementor-widget-container\">\n\t\t\t\t\t\t\t\t\t\t\t\t\t\t\t<img fetchpriority=\"high\" decoding=\"async\" width=\"1500\" height=\"1875\" src=\"https:\/\/van-conversion-icor.com\/wp-content\/uploads\/2025\/04\/volkswagen-t4-vasp-jacky-tuning-2-1.jpg\" class=\"attachment-full size-full wp-image-3607\" alt=\"\" srcset=\"https:\/\/van-conversion-icor.com\/wp-content\/uploads\/2025\/04\/volkswagen-t4-vasp-jacky-tuning-2-1.jpg 1500w, https:\/\/van-conversion-icor.com\/wp-content\/uploads\/2025\/04\/volkswagen-t4-vasp-jacky-tuning-2-1-240x300.jpg 240w, https:\/\/van-conversion-icor.com\/wp-content\/uploads\/2025\/04\/volkswagen-t4-vasp-jacky-tuning-2-1-819x1024.jpg 819w, https:\/\/van-conversion-icor.com\/wp-content\/uploads\/2025\/04\/volkswagen-t4-vasp-jacky-tuning-2-1-768x960.jpg 768w, https:\/\/van-conversion-icor.com\/wp-content\/uploads\/2025\/04\/volkswagen-t4-vasp-jacky-tuning-2-1-1229x1536.jpg 1229w\" sizes=\"(max-width: 1500px) 100vw, 1500px\" \/>\t\t\t\t\t\t\t\t\t\t\t\t\t\t\t<\/div>\n\t\t\t\t<\/div>\n\t\t\t\t\t<\/div>\n\t\t<\/div>\n\t\t\t\t<div class=\"elementor-column elementor-col-50 elementor-top-column elementor-element elementor-element-2eb8e27\" data-id=\"2eb8e27\" data-element_type=\"column\" data-e-type=\"column\">\n\t\t\t<div class=\"elementor-widget-wrap elementor-element-populated\">\n\t\t\t\t\t\t<div class=\"elementor-element elementor-element-cf737f2 elementor-widget elementor-widget-heading\" data-id=\"cf737f2\" data-element_type=\"widget\" data-e-type=\"widget\" data-widget_type=\"heading.default\">\n\t\t\t\t<div class=\"elementor-widget-container\">\n\t\t\t\t\t<h4 class=\"elementor-heading-title elementor-size-default\">Volkswagen T4<\/h4>\t\t\t\t<\/div>\n\t\t\t\t<\/div>\n\t\t\t\t<div class=\"elementor-element elementor-element-6cdfa51 elementor-widget elementor-widget-text-editor\" data-id=\"6cdfa51\" data-element_type=\"widget\" data-e-type=\"widget\" data-widget_type=\"text-editor.default\">\n\t\t\t\t<div class=\"elementor-widget-container\">\n\t\t\t\t\t\t\t\t\t<p data-start=\"0\" data-end=\"81\"><span style=\"font-weight: bold; font-family: var( --e-global-typography-text-font-family ), Sans-serif; letter-spacing: var(--bodyletterspacing); text-transform: var(--bodytexttransform);\">V<\/span><b style=\"font-family: var( --e-global-typography-text-font-family ), Sans-serif; letter-spacing: var(--bodyletterspacing); text-transform: var(--bodytexttransform);\">olkswagen Transporter T4 \u2013 Le van id\u00e9al pour une conversion r\u00e9ussie<\/b><\/p><p data-start=\"83\" data-end=\"485\">Le <b>VW T4<\/b> est un classique ind\u00e9modable dans l\u2019univers de la conversion. Appr\u00e9ci\u00e9 pour sa fiabilit\u00e9 m\u00e9canique et sa silhouette reconnaissable entre toutes, il repr\u00e9sente une base solide pour am\u00e9nager un van selon vos envies. Que ce soit pour partir \u00e0 l\u2019aventure ou pour un usage pro, son espace int\u00e9rieur optimisable et son caract\u00e8re robuste en font un compagnon de route id\u00e9al. Avec son charme vintage et ses qualit\u00e9s techniques, le T4 continue de s\u00e9duire les amateurs de libert\u00e9 et les professionnels \u00e0 la recherche d\u2019un v\u00e9hicule pratique et durable.<\/p>\t\t\t\t\t\t\t\t<\/div>\n\t\t\t\t<\/div>\n\t\t\t\t\t<\/div>\n\t\t<\/div>\n\t\t\t\t\t<\/div>\n\t\t<\/section>\n\t\t\t\t<section class=\"elementor-section elementor-top-section elementor-element elementor-element-2f9b252 elementor-section-boxed elementor-section-height-default elementor-section-height-default\" data-id=\"2f9b252\" data-element_type=\"section\" data-e-type=\"section\" data-settings=\"{&quot;background_background&quot;:&quot;classic&quot;}\">\n\t\t\t\t\t\t<div class=\"elementor-container elementor-column-gap-default\">\n\t\t\t\t\t<div class=\"elementor-column elementor-col-100 elementor-top-column elementor-element elementor-element-1619a7d\" data-id=\"1619a7d\" data-element_type=\"column\" data-e-type=\"column\">\n\t\t\t<div class=\"elementor-widget-wrap elementor-element-populated\">\n\t\t\t\t\t\t<div class=\"elementor-element elementor-element-d96305c elementor-widget elementor-widget-heading\" data-id=\"d96305c\" data-element_type=\"widget\" data-e-type=\"widget\" data-widget_type=\"heading.default\">\n\t\t\t\t<div class=\"elementor-widget-container\">\n\t\t\t\t\t<h3 class=\"elementor-heading-title elementor-size-default\">Disponible pour VWT4<\/h3>\t\t\t\t<\/div>\n\t\t\t\t<\/div>\n\t\t\t\t<section class=\"elementor-section elementor-inner-section elementor-element elementor-element-1b96896 elementor-section-full_width elementor-section-height-default elementor-section-height-default\" data-id=\"1b96896\" data-element_type=\"section\" data-e-type=\"section\">\n\t\t\t\t\t\t<div class=\"elementor-container elementor-column-gap-no\">\n\t\t\t\t\t<div class=\"elementor-column elementor-col-50 elementor-inner-column elementor-element elementor-element-950f263\" data-id=\"950f263\" data-element_type=\"column\" data-e-type=\"column\">\n\t\t\t<div class=\"elementor-widget-wrap elementor-element-populated\">\n\t\t\t\t\t\t<div class=\"elementor-element elementor-element-081187b elementor-position-top elementor-widget elementor-widget-image-box\" data-id=\"081187b\" data-element_type=\"widget\" data-e-type=\"widget\" data-widget_type=\"image-box.default\">\n\t\t\t\t<div class=\"elementor-widget-container\">\n\t\t\t\t\t<div class=\"elementor-image-box-wrapper\"><figure class=\"elementor-image-box-img\"><a href=\"https:\/\/van-conversion-icor.com\/fr\/joints-de-porte-de-coffre\/\" tabindex=\"-1\"><img decoding=\"async\" width=\"1181\" height=\"844\" src=\"https:\/\/van-conversion-icor.com\/wp-content\/uploads\/2025\/04\/door-seal-1.jpg\" class=\"elementor-animation-grow attachment-full size-full wp-image-3615\" alt=\"\" srcset=\"https:\/\/van-conversion-icor.com\/wp-content\/uploads\/2025\/04\/door-seal-1.jpg 1181w, https:\/\/van-conversion-icor.com\/wp-content\/uploads\/2025\/04\/door-seal-1-300x214.jpg 300w, https:\/\/van-conversion-icor.com\/wp-content\/uploads\/2025\/04\/door-seal-1-1024x732.jpg 1024w, https:\/\/van-conversion-icor.com\/wp-content\/uploads\/2025\/04\/door-seal-1-768x549.jpg 768w\" sizes=\"(max-width: 1181px) 100vw, 1181px\" \/><\/a><\/figure><div class=\"elementor-image-box-content\"><h4 class=\"elementor-image-box-title\"><a href=\"https:\/\/van-conversion-icor.com\/fr\/joints-de-porte-de-coffre\/\">Joints de porte et de coffre<\/a><\/h4><\/div><\/div>\t\t\t\t<\/div>\n\t\t\t\t<\/div>\n\t\t\t\t\t<\/div>\n\t\t<\/div>\n\t\t\t\t<div class=\"elementor-column elementor-col-50 elementor-inner-column elementor-element elementor-element-ea98aae\" data-id=\"ea98aae\" data-element_type=\"column\" data-e-type=\"column\">\n\t\t\t<div class=\"elementor-widget-wrap elementor-element-populated\">\n\t\t\t\t\t\t<div class=\"elementor-element elementor-element-c938a05 elementor-position-top elementor-widget elementor-widget-image-box\" data-id=\"c938a05\" data-element_type=\"widget\" data-e-type=\"widget\" data-widget_type=\"image-box.default\">\n\t\t\t\t<div class=\"elementor-widget-container\">\n\t\t\t\t\t<div class=\"elementor-image-box-wrapper\"><figure class=\"elementor-image-box-img\"><a href=\"https:\/\/van-conversion-icor.com\/fr\/bordure-de-vitrage\/\" tabindex=\"-1\"><img decoding=\"async\" width=\"596\" height=\"426\" src=\"https:\/\/van-conversion-icor.com\/wp-content\/uploads\/2025\/04\/Articles-site-internet-12-1.png\" class=\"elementor-animation-grow attachment-full size-full wp-image-4687\" alt=\"\" srcset=\"https:\/\/van-conversion-icor.com\/wp-content\/uploads\/2025\/04\/Articles-site-internet-12-1.png 596w, https:\/\/van-conversion-icor.com\/wp-content\/uploads\/2025\/04\/Articles-site-internet-12-1-300x214.png 300w\" sizes=\"(max-width: 596px) 100vw, 596px\" \/><\/a><\/figure><div class=\"elementor-image-box-content\"><h4 class=\"elementor-image-box-title\"><a href=\"https:\/\/van-conversion-icor.com\/fr\/bordure-de-vitrage\/\">bordures de vitrage<\/a><\/h4><\/div><\/div>\t\t\t\t<\/div>\n\t\t\t\t<\/div>\n\t\t\t\t\t<\/div>\n\t\t<\/div>\n\t\t\t\t\t<\/div>\n\t\t<\/section>\n\t\t\t\t\t<\/div>\n\t\t<\/div>\n\t\t\t\t\t<\/div>\n\t\t<\/section>\n\t\t\t\t<section class=\"elementor-section elementor-top-section elementor-element elementor-element-61a151e elementor-section-boxed elementor-section-height-default elementor-section-height-default\" data-id=\"61a151e\" data-element_type=\"section\" data-e-type=\"section\" data-settings=\"{&quot;background_background&quot;:&quot;classic&quot;}\">\n\t\t\t\t\t\t<div class=\"elementor-container elementor-column-gap-default\">\n\t\t\t\t\t<div class=\"elementor-column elementor-col-50 elementor-top-column elementor-element elementor-element-a61b873\" data-id=\"a61b873\" data-element_type=\"column\" data-e-type=\"column\">\n\t\t\t<div class=\"elementor-widget-wrap elementor-element-populated\">\n\t\t\t\t\t\t<div class=\"elementor-element elementor-element-4567110 elementor-align-center elementor-widget elementor-widget-button\" data-id=\"4567110\" data-element_type=\"widget\" data-e-type=\"widget\" data-widget_type=\"button.default\">\n\t\t\t\t<div class=\"elementor-widget-container\">\n\t\t\t\t\t\t\t\t\t<div class=\"elementor-button-wrapper\">\n\t\t\t\t\t<a class=\"elementor-button elementor-button-link elementor-size-sm\" href=\"https:\/\/van-conversion-icor.com\/fr\/joints-de-porte-de-coffre\/\">\n\t\t\t\t\t\t<span class=\"elementor-button-content-wrapper\">\n\t\t\t\t\t\t\t\t\t<span class=\"elementor-button-text\">D\u00e9couvrir<\/span>\n\t\t\t\t\t<\/span>\n\t\t\t\t\t<\/a>\n\t\t\t\t<\/div>\n\t\t\t\t\t\t\t\t<\/div>\n\t\t\t\t<\/div>\n\t\t\t\t\t<\/div>\n\t\t<\/div>\n\t\t\t\t<div class=\"elementor-column elementor-col-50 elementor-top-column elementor-element elementor-element-8cd85f7\" data-id=\"8cd85f7\" data-element_type=\"column\" data-e-type=\"column\">\n\t\t\t<div class=\"elementor-widget-wrap elementor-element-populated\">\n\t\t\t\t\t\t<div class=\"elementor-element elementor-element-798cf1a elementor-align-center elementor-widget elementor-widget-button\" data-id=\"798cf1a\" data-element_type=\"widget\" data-e-type=\"widget\" data-widget_type=\"button.default\">\n\t\t\t\t<div class=\"elementor-widget-container\">\n\t\t\t\t\t\t\t\t\t<div class=\"elementor-button-wrapper\">\n\t\t\t\t\t<a class=\"elementor-button elementor-button-link elementor-size-sm\" href=\"https:\/\/van-conversion-icor.com\/fr\/bordure-de-vitrage\/\">\n\t\t\t\t\t\t<span class=\"elementor-button-content-wrapper\">\n\t\t\t\t\t\t\t\t\t<span class=\"elementor-button-text\">D\u00e9couvrir<\/span>\n\t\t\t\t\t<\/span>\n\t\t\t\t\t<\/a>\n\t\t\t\t<\/div>\n\t\t\t\t\t\t\t\t<\/div>\n\t\t\t\t<\/div>\n\t\t\t\t\t<\/div>\n\t\t<\/div>\n\t\t\t\t\t<\/div>\n\t\t<\/section>\n\t\t\t\t<section class=\"elementor-section elementor-top-section elementor-element elementor-element-581dbe1 elementor-section-height-min-height elementor-section-items-stretch elementor-section-content-middle elementor-section-full_width elementor-section-height-default\" data-id=\"581dbe1\" data-element_type=\"section\" data-e-type=\"section\" data-settings=\"{&quot;background_background&quot;:&quot;classic&quot;}\">\n\t\t\t\t\t\t<div class=\"elementor-container elementor-column-gap-no\">\n\t\t\t\t\t<div class=\"elementor-column elementor-col-50 elementor-top-column elementor-element elementor-element-965299b\" data-id=\"965299b\" data-element_type=\"column\" data-e-type=\"column\">\n\t\t\t<div class=\"elementor-widget-wrap elementor-element-populated\">\n\t\t\t\t\t\t<div class=\"elementor-element elementor-element-866ab69 elementor-widget elementor-widget-heading\" data-id=\"866ab69\" data-element_type=\"widget\" data-e-type=\"widget\" data-widget_type=\"heading.default\">\n\t\t\t\t<div class=\"elementor-widget-container\">\n\t\t\t\t\t<h1 class=\"elementor-heading-title elementor-size-default\">ICOR, votre partenaire essentiel dans la conversion de van<\/h1>\t\t\t\t<\/div>\n\t\t\t\t<\/div>\n\t\t\t\t<div class=\"elementor-element elementor-element-744daac elementor-widget elementor-widget-text-editor\" data-id=\"744daac\" data-element_type=\"widget\" data-e-type=\"widget\" data-widget_type=\"text-editor.default\">\n\t\t\t\t<div class=\"elementor-widget-container\">\n\t\t\t\t\t\t\t\t\t<p><span class=\"OYPEnA font-feature-liga-off font-feature-clig-off font-feature-calt-off text-decoration-none text-strikethrough-none\" style=\"font-kerning: none;\">Toute transformation r\u00e9ussie d&rsquo;un van commence par les bons outils et accessoires, et c&rsquo;est exactement ce qu&rsquo;ICOR propose.<\/span><\/p>\t\t\t\t\t\t\t\t<\/div>\n\t\t\t\t<\/div>\n\t\t\t\t<div class=\"elementor-element elementor-element-c0a5fe6 elementor-mobile-align-center elementor-align-center elementor-widget elementor-widget-button\" data-id=\"c0a5fe6\" data-element_type=\"widget\" data-e-type=\"widget\" data-widget_type=\"button.default\">\n\t\t\t\t<div class=\"elementor-widget-container\">\n\t\t\t\t\t\t\t\t\t<div class=\"elementor-button-wrapper\">\n\t\t\t\t\t<a class=\"elementor-button elementor-button-link elementor-size-sm\" href=\"https:\/\/www.icor.be\/main\/page\/login-to-icor#\" target=\"_blank\" rel=\"noopener\">\n\t\t\t\t\t\t<span class=\"elementor-button-content-wrapper\">\n\t\t\t\t\t\t\t\t\t<span class=\"elementor-button-text\">PASSER COMMANDE<\/span>\n\t\t\t\t\t<\/span>\n\t\t\t\t\t<\/a>\n\t\t\t\t<\/div>\n\t\t\t\t\t\t\t\t<\/div>\n\t\t\t\t<\/div>\n\t\t\t\t\t<\/div>\n\t\t<\/div>\n\t\t\t\t<div class=\"elementor-column elementor-col-50 elementor-top-column elementor-element elementor-element-68ae9db\" data-id=\"68ae9db\" data-element_type=\"column\" data-e-type=\"column\">\n\t\t\t<div class=\"elementor-widget-wrap elementor-element-populated\">\n\t\t\t\t\t\t<div class=\"elementor-element elementor-element-e4b19c9 elementor-widget elementor-widget-image\" data-id=\"e4b19c9\" data-element_type=\"widget\" data-e-type=\"widget\" data-widget_type=\"image.default\">\n\t\t\t\t<div class=\"elementor-widget-container\">\n\t\t\t\t\t\t\t\t\t\t\t\t\t\t\t<img loading=\"lazy\" decoding=\"async\" width=\"1024\" height=\"440\" src=\"https:\/\/van-conversion-icor.com\/wp-content\/uploads\/2025\/04\/pexels-pavel-danilyuk-9143498-e1678127958404-1-1024x440.jpg\" class=\"attachment-large size-large wp-image-3623\" alt=\"\" srcset=\"https:\/\/van-conversion-icor.com\/wp-content\/uploads\/2025\/04\/pexels-pavel-danilyuk-9143498-e1678127958404-1-1024x440.jpg 1024w, https:\/\/van-conversion-icor.com\/wp-content\/uploads\/2025\/04\/pexels-pavel-danilyuk-9143498-e1678127958404-1-300x129.jpg 300w, https:\/\/van-conversion-icor.com\/wp-content\/uploads\/2025\/04\/pexels-pavel-danilyuk-9143498-e1678127958404-1-768x330.jpg 768w, https:\/\/van-conversion-icor.com\/wp-content\/uploads\/2025\/04\/pexels-pavel-danilyuk-9143498-e1678127958404-1.jpg 1279w\" sizes=\"(max-width: 1024px) 100vw, 1024px\" \/>\t\t\t\t\t\t\t\t\t\t\t\t\t\t\t<\/div>\n\t\t\t\t<\/div>\n\t\t\t\t\t<\/div>\n\t\t<\/div>\n\t\t\t\t\t<\/div>\n\t\t<\/section>\n\t\t\t\t<\/div>\n\t\t","protected":false},"excerpt":{"rendered":"<p>Volkswagen T4 Volkswagen Transporter T4 \u2013 Le van id\u00e9al pour une conversion r\u00e9ussie Le VW T4 est un classique ind\u00e9modable dans l\u2019univers de la conversion. Appr\u00e9ci\u00e9 pour sa fiabilit\u00e9 m\u00e9canique et sa silhouette reconnaissable entre toutes, il repr\u00e9sente une base solide pour am\u00e9nager un van selon vos envies. Que ce soit pour partir \u00e0 l\u2019aventure&hellip;&nbsp;<a href=\"https:\/\/van-conversion-icor.com\/fr\/campervan-conversion-parts-accessories-2\/\" class=\"\" rel=\"bookmark\">Lire la suite &raquo;<span class=\"screen-reader-text\">VWT4<\/span><\/a><\/p>\n","protected":false},"author":1,"featured_media":0,"parent":0,"menu_order":0,"comment_status":"closed","ping_status":"closed","template":"page-templates\/template-pagebuilder-full-width.php","meta":{"neve_meta_sidebar":"","neve_meta_container":"","neve_meta_enable_content_width":"","neve_meta_content_width":0,"neve_meta_title_alignment":"","neve_meta_author_avatar":"","neve_post_elements_order":"","neve_meta_disable_header":"","neve_meta_disable_footer":"","neve_meta_disable_title":"","footnotes":""},"class_list":["post-3605","page","type-page","status-publish","hentry"],"_links":{"self":[{"href":"https:\/\/van-conversion-icor.com\/fr\/wp-json\/wp\/v2\/pages\/3605","targetHints":{"allow":["GET"]}}],"collection":[{"href":"https:\/\/van-conversion-icor.com\/fr\/wp-json\/wp\/v2\/pages"}],"about":[{"href":"https:\/\/van-conversion-icor.com\/fr\/wp-json\/wp\/v2\/types\/page"}],"author":[{"embeddable":true,"href":"https:\/\/van-conversion-icor.com\/fr\/wp-json\/wp\/v2\/users\/1"}],"replies":[{"embeddable":true,"href":"https:\/\/van-conversion-icor.com\/fr\/wp-json\/wp\/v2\/comments?post=3605"}],"version-history":[{"count":28,"href":"https:\/\/van-conversion-icor.com\/fr\/wp-json\/wp\/v2\/pages\/3605\/revisions"}],"predecessor-version":[{"id":4805,"href":"https:\/\/van-conversion-icor.com\/fr\/wp-json\/wp\/v2\/pages\/3605\/revisions\/4805"}],"wp:attachment":[{"href":"https:\/\/van-conversion-icor.com\/fr\/wp-json\/wp\/v2\/media?parent=3605"}],"curies":[{"name":"wp","href":"https:\/\/api.w.org\/{rel}","templated":true}]}}