{"id":3643,"date":"2025-04-07T12:08:18","date_gmt":"2025-04-07T10:08:18","guid":{"rendered":"https:\/\/van-conversion-icor.com\/?page_id=3643"},"modified":"2025-04-14T14:42:22","modified_gmt":"2025-04-14T12:42:22","slug":"renault-trafic","status":"publish","type":"page","link":"https:\/\/van-conversion-icor.com\/fr\/renault-trafic\/","title":{"rendered":"Renault Trafic"},"content":{"rendered":"\t\t<div data-elementor-type=\"wp-page\" data-elementor-id=\"3643\" class=\"elementor elementor-3643\" data-elementor-post-type=\"page\">\n\t\t\t\t\t\t<section class=\"elementor-section elementor-top-section elementor-element elementor-element-d42cbba elementor-section-content-middle elementor-section-boxed elementor-section-height-default elementor-section-height-default\" data-id=\"d42cbba\" data-element_type=\"section\" data-e-type=\"section\" data-settings=\"{&quot;background_background&quot;:&quot;classic&quot;}\">\n\t\t\t\t\t\t<div class=\"elementor-container elementor-column-gap-no\">\n\t\t\t\t\t<div class=\"elementor-column elementor-col-50 elementor-top-column elementor-element elementor-element-995fa5f\" data-id=\"995fa5f\" data-element_type=\"column\" data-e-type=\"column\">\n\t\t\t<div class=\"elementor-widget-wrap elementor-element-populated\">\n\t\t\t\t\t\t<div class=\"elementor-element elementor-element-86b0b99 elementor-widget elementor-widget-image\" data-id=\"86b0b99\" data-element_type=\"widget\" data-e-type=\"widget\" data-widget_type=\"image.default\">\n\t\t\t\t<div class=\"elementor-widget-container\">\n\t\t\t\t\t\t\t\t\t\t\t\t\t\t\t<img fetchpriority=\"high\" decoding=\"async\" width=\"700\" height=\"700\" src=\"https:\/\/van-conversion-icor.com\/wp-content\/uploads\/2025\/04\/nouveau-renault-trafic.webp\" class=\"attachment-full size-full wp-image-4777\" alt=\"\" srcset=\"https:\/\/van-conversion-icor.com\/wp-content\/uploads\/2025\/04\/nouveau-renault-trafic.webp 700w, https:\/\/van-conversion-icor.com\/wp-content\/uploads\/2025\/04\/nouveau-renault-trafic-300x300.webp 300w, https:\/\/van-conversion-icor.com\/wp-content\/uploads\/2025\/04\/nouveau-renault-trafic-150x150.webp 150w\" sizes=\"(max-width: 700px) 100vw, 700px\" \/>\t\t\t\t\t\t\t\t\t\t\t\t\t\t\t<\/div>\n\t\t\t\t<\/div>\n\t\t\t\t\t<\/div>\n\t\t<\/div>\n\t\t\t\t<div class=\"elementor-column elementor-col-50 elementor-top-column elementor-element elementor-element-ab4fd56\" data-id=\"ab4fd56\" data-element_type=\"column\" data-e-type=\"column\">\n\t\t\t<div class=\"elementor-widget-wrap elementor-element-populated\">\n\t\t\t\t\t\t<div class=\"elementor-element elementor-element-db574de elementor-widget elementor-widget-heading\" data-id=\"db574de\" data-element_type=\"widget\" data-e-type=\"widget\" data-widget_type=\"heading.default\">\n\t\t\t\t<div class=\"elementor-widget-container\">\n\t\t\t\t\t<h4 class=\"elementor-heading-title elementor-size-default\">Renault Trafic<\/h4>\t\t\t\t<\/div>\n\t\t\t\t<\/div>\n\t\t\t\t<div class=\"elementor-element elementor-element-a9f897b elementor-widget elementor-widget-text-editor\" data-id=\"a9f897b\" data-element_type=\"widget\" data-e-type=\"widget\" data-widget_type=\"text-editor.default\">\n\t\t\t\t<div class=\"elementor-widget-container\">\n\t\t\t\t\t\t\t\t\t<p data-start=\"0\" data-end=\"81\"><span style=\"font-family: var( --e-global-typography-text-font-family ), Sans-serif; letter-spacing: var(--bodyletterspacing); text-transform: var(--bodytexttransform);\"><b>Renault Trafic \u2013 L\u2019alli\u00e9 id\u00e9al pour un van am\u00e9nag\u00e9 pratique et fonctionnel\u00a0<\/b><\/span><\/p><p data-start=\"83\" data-end=\"485\">Le <strong data-start=\"201\" data-end=\"219\">Renault Trafic<\/strong> est une solution pris\u00e9e pour les projets d\u2019<strong data-start=\"263\" data-end=\"286\">am\u00e9nagement de vans<\/strong>, gr\u00e2ce \u00e0 son <strong data-start=\"300\" data-end=\"341\">excellent rapport espace\/habitabilit\u00e9<\/strong>, sa <strong data-start=\"346\" data-end=\"368\">fiabilit\u00e9 reconnue<\/strong> et sa <strong data-start=\"375\" data-end=\"390\">polyvalence<\/strong>. Que ce soit pour vivre l\u2019<strong data-start=\"417\" data-end=\"439\">exp\u00e9rience vanlife<\/strong>, partir en road trip ou transformer son v\u00e9hicule pour un <strong data-start=\"497\" data-end=\"520\">usage professionnel<\/strong>, le Trafic s\u2019adapte \u00e0 tous les besoins. Sa conception intelligente permet d\u2019optimiser l\u2019espace int\u00e9rieur pour cr\u00e9er un <strong data-start=\"640\" data-end=\"666\">am\u00e9nagement sur mesure<\/strong>, confortable et efficace. C\u2019est un choix judicieux pour un <strong data-start=\"726\" data-end=\"761\">van am\u00e9nag\u00e9 fiable et abordable<\/strong>, adapt\u00e9 \u00e0 tous les projets.<\/p>\t\t\t\t\t\t\t\t<\/div>\n\t\t\t\t<\/div>\n\t\t\t\t\t<\/div>\n\t\t<\/div>\n\t\t\t\t\t<\/div>\n\t\t<\/section>\n\t\t\t\t<section class=\"elementor-section elementor-top-section elementor-element elementor-element-0452381 elementor-section-boxed elementor-section-height-default elementor-section-height-default\" data-id=\"0452381\" data-element_type=\"section\" data-e-type=\"section\" data-settings=\"{&quot;background_background&quot;:&quot;classic&quot;}\">\n\t\t\t\t\t\t<div class=\"elementor-container elementor-column-gap-default\">\n\t\t\t\t\t<div class=\"elementor-column elementor-col-100 elementor-top-column elementor-element elementor-element-6dabb36\" data-id=\"6dabb36\" data-element_type=\"column\" data-e-type=\"column\">\n\t\t\t<div class=\"elementor-widget-wrap elementor-element-populated\">\n\t\t\t\t\t\t<div class=\"elementor-element elementor-element-67922c1 elementor-widget elementor-widget-heading\" data-id=\"67922c1\" data-element_type=\"widget\" data-e-type=\"widget\" data-widget_type=\"heading.default\">\n\t\t\t\t<div class=\"elementor-widget-container\">\n\t\t\t\t\t<h3 class=\"elementor-heading-title elementor-size-default\">Disponible pour Renault Trafic<\/h3>\t\t\t\t<\/div>\n\t\t\t\t<\/div>\n\t\t\t\t<section class=\"elementor-section elementor-inner-section elementor-element elementor-element-a183446 elementor-section-full_width elementor-section-height-default elementor-section-height-default\" data-id=\"a183446\" data-element_type=\"section\" data-e-type=\"section\">\n\t\t\t\t\t\t<div class=\"elementor-container elementor-column-gap-no\">\n\t\t\t\t\t<div class=\"elementor-column elementor-col-33 elementor-inner-column elementor-element elementor-element-ee3e317\" data-id=\"ee3e317\" data-element_type=\"column\" data-e-type=\"column\">\n\t\t\t<div class=\"elementor-widget-wrap elementor-element-populated\">\n\t\t\t\t\t\t<div class=\"elementor-element elementor-element-d098173 elementor-position-top elementor-widget elementor-widget-image-box\" data-id=\"d098173\" data-element_type=\"widget\" data-e-type=\"widget\" data-widget_type=\"image-box.default\">\n\t\t\t\t<div class=\"elementor-widget-container\">\n\t\t\t\t\t<div class=\"elementor-image-box-wrapper\"><figure class=\"elementor-image-box-img\"><a href=\"https:\/\/van-conversion-icor.com\/fr\/window-pods\/\" tabindex=\"-1\"><img decoding=\"async\" width=\"2560\" height=\"1752\" src=\"https:\/\/van-conversion-icor.com\/wp-content\/uploads\/2025\/04\/window-pods-bleu-scaled-1.jpg\" class=\"elementor-animation-grow attachment-full size-full wp-image-3611\" alt=\"\" srcset=\"https:\/\/van-conversion-icor.com\/wp-content\/uploads\/2025\/04\/window-pods-bleu-scaled-1.jpg 2560w, https:\/\/van-conversion-icor.com\/wp-content\/uploads\/2025\/04\/window-pods-bleu-scaled-1-300x205.jpg 300w, https:\/\/van-conversion-icor.com\/wp-content\/uploads\/2025\/04\/window-pods-bleu-scaled-1-1024x701.jpg 1024w, https:\/\/van-conversion-icor.com\/wp-content\/uploads\/2025\/04\/window-pods-bleu-scaled-1-768x526.jpg 768w, https:\/\/van-conversion-icor.com\/wp-content\/uploads\/2025\/04\/window-pods-bleu-scaled-1-1536x1051.jpg 1536w, https:\/\/van-conversion-icor.com\/wp-content\/uploads\/2025\/04\/window-pods-bleu-scaled-1-2048x1402.jpg 2048w\" sizes=\"(max-width: 2560px) 100vw, 2560px\" \/><\/a><\/figure><div class=\"elementor-image-box-content\"><h4 class=\"elementor-image-box-title\"><a href=\"https:\/\/van-conversion-icor.com\/fr\/window-pods\/\">Window Pods<\/a><\/h4><\/div><\/div>\t\t\t\t<\/div>\n\t\t\t\t<\/div>\n\t\t\t\t\t<\/div>\n\t\t<\/div>\n\t\t\t\t<div class=\"elementor-column elementor-col-33 elementor-inner-column elementor-element elementor-element-fc778b8\" data-id=\"fc778b8\" data-element_type=\"column\" data-e-type=\"column\">\n\t\t\t<div class=\"elementor-widget-wrap elementor-element-populated\">\n\t\t\t\t\t\t<div class=\"elementor-element elementor-element-3d45f02 elementor-widget__width-initial elementor-position-top elementor-widget elementor-widget-image-box\" data-id=\"3d45f02\" data-element_type=\"widget\" data-e-type=\"widget\" data-widget_type=\"image-box.default\">\n\t\t\t\t<div class=\"elementor-widget-container\">\n\t\t\t\t\t<div class=\"elementor-image-box-wrapper\"><figure class=\"elementor-image-box-img\"><a href=\"https:\/\/van-conversion-icor.com\/fr\/garnitures-bordures-universelles\/\" tabindex=\"-1\"><img decoding=\"async\" width=\"596\" height=\"426\" src=\"https:\/\/van-conversion-icor.com\/wp-content\/uploads\/2025\/04\/Articles-site-internet-13-1.png\" class=\"elementor-animation-grow attachment-full size-full wp-image-4710\" alt=\"\" srcset=\"https:\/\/van-conversion-icor.com\/wp-content\/uploads\/2025\/04\/Articles-site-internet-13-1.png 596w, https:\/\/van-conversion-icor.com\/wp-content\/uploads\/2025\/04\/Articles-site-internet-13-1-300x214.png 300w\" sizes=\"(max-width: 596px) 100vw, 596px\" \/><\/a><\/figure><div class=\"elementor-image-box-content\"><h4 class=\"elementor-image-box-title\"><a href=\"https:\/\/van-conversion-icor.com\/fr\/garnitures-bordures-universelles\/\">Garnitures de Bords type \"u\"<\/a><\/h4><\/div><\/div>\t\t\t\t<\/div>\n\t\t\t\t<\/div>\n\t\t\t\t\t<\/div>\n\t\t<\/div>\n\t\t\t\t<div class=\"elementor-column elementor-col-33 elementor-inner-column elementor-element elementor-element-7452a16\" data-id=\"7452a16\" data-element_type=\"column\" data-e-type=\"column\">\n\t\t\t<div class=\"elementor-widget-wrap elementor-element-populated\">\n\t\t\t\t\t\t<div class=\"elementor-element elementor-element-125996b elementor-position-top elementor-widget elementor-widget-image-box\" data-id=\"125996b\" data-element_type=\"widget\" data-e-type=\"widget\" data-widget_type=\"image-box.default\">\n\t\t\t\t<div class=\"elementor-widget-container\">\n\t\t\t\t\t<div class=\"elementor-image-box-wrapper\"><figure class=\"elementor-image-box-img\"><a href=\"https:\/\/van-conversion-icor.com\/fr\/bordure-de-vitrage\/\" tabindex=\"-1\"><img loading=\"lazy\" decoding=\"async\" width=\"596\" height=\"426\" src=\"https:\/\/van-conversion-icor.com\/wp-content\/uploads\/2025\/04\/Articles-site-internet-12-1.png\" class=\"elementor-animation-grow attachment-full size-full wp-image-4687\" alt=\"\" srcset=\"https:\/\/van-conversion-icor.com\/wp-content\/uploads\/2025\/04\/Articles-site-internet-12-1.png 596w, https:\/\/van-conversion-icor.com\/wp-content\/uploads\/2025\/04\/Articles-site-internet-12-1-300x214.png 300w\" sizes=\"(max-width: 596px) 100vw, 596px\" \/><\/a><\/figure><div class=\"elementor-image-box-content\"><h4 class=\"elementor-image-box-title\"><a href=\"https:\/\/van-conversion-icor.com\/fr\/bordure-de-vitrage\/\">bordures de vitrage<\/a><\/h4><\/div><\/div>\t\t\t\t<\/div>\n\t\t\t\t<\/div>\n\t\t\t\t\t<\/div>\n\t\t<\/div>\n\t\t\t\t\t<\/div>\n\t\t<\/section>\n\t\t\t\t\t<\/div>\n\t\t<\/div>\n\t\t\t\t\t<\/div>\n\t\t<\/section>\n\t\t\t\t<section class=\"elementor-section elementor-top-section elementor-element elementor-element-8f663d2 elementor-section-boxed elementor-section-height-default elementor-section-height-default\" data-id=\"8f663d2\" data-element_type=\"section\" data-e-type=\"section\" data-settings=\"{&quot;background_background&quot;:&quot;classic&quot;}\">\n\t\t\t\t\t\t<div class=\"elementor-container elementor-column-gap-default\">\n\t\t\t\t\t<div class=\"elementor-column elementor-col-33 elementor-top-column elementor-element elementor-element-46c0f07\" data-id=\"46c0f07\" data-element_type=\"column\" data-e-type=\"column\">\n\t\t\t<div class=\"elementor-widget-wrap elementor-element-populated\">\n\t\t\t\t\t\t<div class=\"elementor-element elementor-element-ad6c9c9 elementor-align-center elementor-widget elementor-widget-button\" data-id=\"ad6c9c9\" data-element_type=\"widget\" data-e-type=\"widget\" data-widget_type=\"button.default\">\n\t\t\t\t<div class=\"elementor-widget-container\">\n\t\t\t\t\t\t\t\t\t<div class=\"elementor-button-wrapper\">\n\t\t\t\t\t<a class=\"elementor-button elementor-button-link elementor-size-sm\" href=\"https:\/\/van-conversion-icor.com\/fr\/window-pods\/\">\n\t\t\t\t\t\t<span class=\"elementor-button-content-wrapper\">\n\t\t\t\t\t\t\t\t\t<span class=\"elementor-button-text\">D\u00e9couvrir<\/span>\n\t\t\t\t\t<\/span>\n\t\t\t\t\t<\/a>\n\t\t\t\t<\/div>\n\t\t\t\t\t\t\t\t<\/div>\n\t\t\t\t<\/div>\n\t\t\t\t\t<\/div>\n\t\t<\/div>\n\t\t\t\t<div class=\"elementor-column elementor-col-33 elementor-top-column elementor-element elementor-element-3d94d7d\" data-id=\"3d94d7d\" data-element_type=\"column\" data-e-type=\"column\">\n\t\t\t<div class=\"elementor-widget-wrap elementor-element-populated\">\n\t\t\t\t\t\t<div class=\"elementor-element elementor-element-c4752c3 elementor-align-center elementor-widget elementor-widget-button\" data-id=\"c4752c3\" data-element_type=\"widget\" data-e-type=\"widget\" data-widget_type=\"button.default\">\n\t\t\t\t<div class=\"elementor-widget-container\">\n\t\t\t\t\t\t\t\t\t<div class=\"elementor-button-wrapper\">\n\t\t\t\t\t<a class=\"elementor-button elementor-button-link elementor-size-sm\" href=\"https:\/\/van-conversion-icor.com\/fr\/garnitures-bordures-universelles\/\">\n\t\t\t\t\t\t<span class=\"elementor-button-content-wrapper\">\n\t\t\t\t\t\t\t\t\t<span class=\"elementor-button-text\">D\u00e9couvrir<\/span>\n\t\t\t\t\t<\/span>\n\t\t\t\t\t<\/a>\n\t\t\t\t<\/div>\n\t\t\t\t\t\t\t\t<\/div>\n\t\t\t\t<\/div>\n\t\t\t\t\t<\/div>\n\t\t<\/div>\n\t\t\t\t<div class=\"elementor-column elementor-col-33 elementor-top-column elementor-element elementor-element-62311e0\" data-id=\"62311e0\" data-element_type=\"column\" data-e-type=\"column\">\n\t\t\t<div class=\"elementor-widget-wrap elementor-element-populated\">\n\t\t\t\t\t\t<div class=\"elementor-element elementor-element-7d5e2ff elementor-align-center elementor-widget elementor-widget-button\" data-id=\"7d5e2ff\" data-element_type=\"widget\" data-e-type=\"widget\" data-widget_type=\"button.default\">\n\t\t\t\t<div class=\"elementor-widget-container\">\n\t\t\t\t\t\t\t\t\t<div class=\"elementor-button-wrapper\">\n\t\t\t\t\t<a class=\"elementor-button elementor-button-link elementor-size-sm\" href=\"https:\/\/van-conversion-icor.com\/fr\/bordure-de-vitrage\/\">\n\t\t\t\t\t\t<span class=\"elementor-button-content-wrapper\">\n\t\t\t\t\t\t\t\t\t<span class=\"elementor-button-text\">D\u00e9couvrir<\/span>\n\t\t\t\t\t<\/span>\n\t\t\t\t\t<\/a>\n\t\t\t\t<\/div>\n\t\t\t\t\t\t\t\t<\/div>\n\t\t\t\t<\/div>\n\t\t\t\t\t<\/div>\n\t\t<\/div>\n\t\t\t\t\t<\/div>\n\t\t<\/section>\n\t\t\t\t<section class=\"elementor-section elementor-top-section elementor-element elementor-element-f0d9bd6 elementor-section-height-min-height elementor-section-items-stretch elementor-section-content-middle elementor-section-full_width elementor-section-height-default\" data-id=\"f0d9bd6\" data-element_type=\"section\" data-e-type=\"section\" data-settings=\"{&quot;background_background&quot;:&quot;classic&quot;}\">\n\t\t\t\t\t\t<div class=\"elementor-container elementor-column-gap-no\">\n\t\t\t\t\t<div class=\"elementor-column elementor-col-50 elementor-top-column elementor-element elementor-element-8227fc4\" data-id=\"8227fc4\" data-element_type=\"column\" data-e-type=\"column\">\n\t\t\t<div class=\"elementor-widget-wrap elementor-element-populated\">\n\t\t\t\t\t\t<div class=\"elementor-element elementor-element-aeb143b elementor-widget elementor-widget-heading\" data-id=\"aeb143b\" data-element_type=\"widget\" data-e-type=\"widget\" data-widget_type=\"heading.default\">\n\t\t\t\t<div class=\"elementor-widget-container\">\n\t\t\t\t\t<h1 class=\"elementor-heading-title elementor-size-default\">ICOR, votre partenaire essentiel dans la conversion de van<\/h1>\t\t\t\t<\/div>\n\t\t\t\t<\/div>\n\t\t\t\t<div class=\"elementor-element elementor-element-0775945 elementor-widget elementor-widget-text-editor\" data-id=\"0775945\" data-element_type=\"widget\" data-e-type=\"widget\" data-widget_type=\"text-editor.default\">\n\t\t\t\t<div class=\"elementor-widget-container\">\n\t\t\t\t\t\t\t\t\t<p><span class=\"OYPEnA font-feature-liga-off font-feature-clig-off font-feature-calt-off text-decoration-none text-strikethrough-none\" style=\"font-kerning: none;\">Toute transformation r\u00e9ussie d&rsquo;un van commence par les bons outils et accessoires, et c&rsquo;est exactement ce qu&rsquo;ICOR propose.<\/span><\/p>\t\t\t\t\t\t\t\t<\/div>\n\t\t\t\t<\/div>\n\t\t\t\t<div class=\"elementor-element elementor-element-f7b574b elementor-mobile-align-center elementor-align-center elementor-widget elementor-widget-button\" data-id=\"f7b574b\" data-element_type=\"widget\" data-e-type=\"widget\" data-widget_type=\"button.default\">\n\t\t\t\t<div class=\"elementor-widget-container\">\n\t\t\t\t\t\t\t\t\t<div class=\"elementor-button-wrapper\">\n\t\t\t\t\t<a class=\"elementor-button elementor-button-link elementor-size-sm\" href=\"https:\/\/www.icor.be\/main\/page\/login-to-icor#\" target=\"_blank\" rel=\"noopener\">\n\t\t\t\t\t\t<span class=\"elementor-button-content-wrapper\">\n\t\t\t\t\t\t\t\t\t<span class=\"elementor-button-text\">PASSER COMMANDE<\/span>\n\t\t\t\t\t<\/span>\n\t\t\t\t\t<\/a>\n\t\t\t\t<\/div>\n\t\t\t\t\t\t\t\t<\/div>\n\t\t\t\t<\/div>\n\t\t\t\t\t<\/div>\n\t\t<\/div>\n\t\t\t\t<div class=\"elementor-column elementor-col-50 elementor-top-column elementor-element elementor-element-0ed4d1f\" data-id=\"0ed4d1f\" data-element_type=\"column\" data-e-type=\"column\">\n\t\t\t<div class=\"elementor-widget-wrap elementor-element-populated\">\n\t\t\t\t\t\t<div class=\"elementor-element elementor-element-107981d elementor-widget elementor-widget-image\" data-id=\"107981d\" data-element_type=\"widget\" data-e-type=\"widget\" data-widget_type=\"image.default\">\n\t\t\t\t<div class=\"elementor-widget-container\">\n\t\t\t\t\t\t\t\t\t\t\t\t\t\t\t<img loading=\"lazy\" decoding=\"async\" width=\"1024\" height=\"546\" src=\"https:\/\/van-conversion-icor.com\/wp-content\/uploads\/2025\/04\/1200-L-le-camping-car-renault-trafic-spacenomad-surfe-sur-la-vague-du-van-amnag-1024x546.jpg\" class=\"attachment-large size-large wp-image-3645\" alt=\"\" srcset=\"https:\/\/van-conversion-icor.com\/wp-content\/uploads\/2025\/04\/1200-L-le-camping-car-renault-trafic-spacenomad-surfe-sur-la-vague-du-van-amnag-1024x546.jpg 1024w, https:\/\/van-conversion-icor.com\/wp-content\/uploads\/2025\/04\/1200-L-le-camping-car-renault-trafic-spacenomad-surfe-sur-la-vague-du-van-amnag-300x160.jpg 300w, https:\/\/van-conversion-icor.com\/wp-content\/uploads\/2025\/04\/1200-L-le-camping-car-renault-trafic-spacenomad-surfe-sur-la-vague-du-van-amnag-768x410.jpg 768w, https:\/\/van-conversion-icor.com\/wp-content\/uploads\/2025\/04\/1200-L-le-camping-car-renault-trafic-spacenomad-surfe-sur-la-vague-du-van-amnag.jpg 1200w\" sizes=\"(max-width: 1024px) 100vw, 1024px\" \/>\t\t\t\t\t\t\t\t\t\t\t\t\t\t\t<\/div>\n\t\t\t\t<\/div>\n\t\t\t\t\t<\/div>\n\t\t<\/div>\n\t\t\t\t\t<\/div>\n\t\t<\/section>\n\t\t\t\t<\/div>\n\t\t","protected":false},"excerpt":{"rendered":"<p>Renault Trafic Renault Trafic \u2013 L\u2019alli\u00e9 id\u00e9al pour un van am\u00e9nag\u00e9 pratique et fonctionnel\u00a0 Le Renault Trafic est une solution pris\u00e9e pour les projets d\u2019am\u00e9nagement de vans, gr\u00e2ce \u00e0 son excellent rapport espace\/habitabilit\u00e9, sa fiabilit\u00e9 reconnue et sa polyvalence. Que ce soit pour vivre l\u2019exp\u00e9rience vanlife, partir en road trip ou transformer son v\u00e9hicule pour&hellip;&nbsp;<a href=\"https:\/\/van-conversion-icor.com\/fr\/renault-trafic\/\" class=\"\" rel=\"bookmark\">Lire la suite &raquo;<span class=\"screen-reader-text\">Renault Trafic<\/span><\/a><\/p>\n","protected":false},"author":1,"featured_media":0,"parent":0,"menu_order":0,"comment_status":"closed","ping_status":"closed","template":"page-templates\/template-pagebuilder-full-width.php","meta":{"neve_meta_sidebar":"","neve_meta_container":"","neve_meta_enable_content_width":"","neve_meta_content_width":0,"neve_meta_title_alignment":"","neve_meta_author_avatar":"","neve_post_elements_order":"","neve_meta_disable_header":"","neve_meta_disable_footer":"","neve_meta_disable_title":"","footnotes":""},"class_list":["post-3643","page","type-page","status-publish","hentry"],"_links":{"self":[{"href":"https:\/\/van-conversion-icor.com\/fr\/wp-json\/wp\/v2\/pages\/3643","targetHints":{"allow":["GET"]}}],"collection":[{"href":"https:\/\/van-conversion-icor.com\/fr\/wp-json\/wp\/v2\/pages"}],"about":[{"href":"https:\/\/van-conversion-icor.com\/fr\/wp-json\/wp\/v2\/types\/page"}],"author":[{"embeddable":true,"href":"https:\/\/van-conversion-icor.com\/fr\/wp-json\/wp\/v2\/users\/1"}],"replies":[{"embeddable":true,"href":"https:\/\/van-conversion-icor.com\/fr\/wp-json\/wp\/v2\/comments?post=3643"}],"version-history":[{"count":33,"href":"https:\/\/van-conversion-icor.com\/fr\/wp-json\/wp\/v2\/pages\/3643\/revisions"}],"predecessor-version":[{"id":4783,"href":"https:\/\/van-conversion-icor.com\/fr\/wp-json\/wp\/v2\/pages\/3643\/revisions\/4783"}],"wp:attachment":[{"href":"https:\/\/van-conversion-icor.com\/fr\/wp-json\/wp\/v2\/media?parent=3643"}],"curies":[{"name":"wp","href":"https:\/\/api.w.org\/{rel}","templated":true}]}}