{"id":3678,"date":"2025-04-07T13:26:20","date_gmt":"2025-04-07T11:26:20","guid":{"rendered":"https:\/\/van-conversion-icor.com\/?page_id=3678"},"modified":"2025-04-14T14:25:21","modified_gmt":"2025-04-14T12:25:21","slug":"ford-transit-custom-2024","status":"publish","type":"page","link":"https:\/\/van-conversion-icor.com\/fr\/ford-transit-custom-2024\/","title":{"rendered":"Ford Transit Custom (2024+)"},"content":{"rendered":"\t\t<div data-elementor-type=\"wp-page\" data-elementor-id=\"3678\" class=\"elementor elementor-3678\" data-elementor-post-type=\"page\">\n\t\t\t\t\t\t<section class=\"elementor-section elementor-top-section elementor-element elementor-element-9fa0f01 elementor-section-content-middle elementor-section-boxed elementor-section-height-default elementor-section-height-default\" data-id=\"9fa0f01\" data-element_type=\"section\" data-e-type=\"section\" data-settings=\"{&quot;background_background&quot;:&quot;classic&quot;}\">\n\t\t\t\t\t\t<div class=\"elementor-container elementor-column-gap-no\">\n\t\t\t\t\t<div class=\"elementor-column elementor-col-50 elementor-top-column elementor-element elementor-element-16caada\" data-id=\"16caada\" data-element_type=\"column\" data-e-type=\"column\">\n\t\t\t<div class=\"elementor-widget-wrap elementor-element-populated\">\n\t\t\t\t\t\t<div class=\"elementor-element elementor-element-3b2c536 elementor-widget elementor-widget-image\" data-id=\"3b2c536\" data-element_type=\"widget\" data-e-type=\"widget\" data-widget_type=\"image.default\">\n\t\t\t\t<div class=\"elementor-widget-container\">\n\t\t\t\t\t\t\t\t\t\t\t\t\t\t\t<img fetchpriority=\"high\" decoding=\"async\" width=\"1922\" height=\"2667\" src=\"https:\/\/van-conversion-icor.com\/wp-content\/uploads\/2025\/04\/Plan-de-travail-1-3.png\" class=\"attachment-full size-full wp-image-3684\" alt=\"\" srcset=\"https:\/\/van-conversion-icor.com\/wp-content\/uploads\/2025\/04\/Plan-de-travail-1-3.png 1922w, https:\/\/van-conversion-icor.com\/wp-content\/uploads\/2025\/04\/Plan-de-travail-1-3-216x300.png 216w, https:\/\/van-conversion-icor.com\/wp-content\/uploads\/2025\/04\/Plan-de-travail-1-3-738x1024.png 738w, https:\/\/van-conversion-icor.com\/wp-content\/uploads\/2025\/04\/Plan-de-travail-1-3-768x1066.png 768w, https:\/\/van-conversion-icor.com\/wp-content\/uploads\/2025\/04\/Plan-de-travail-1-3-1107x1536.png 1107w, https:\/\/van-conversion-icor.com\/wp-content\/uploads\/2025\/04\/Plan-de-travail-1-3-1476x2048.png 1476w\" sizes=\"(max-width: 1922px) 100vw, 1922px\" \/>\t\t\t\t\t\t\t\t\t\t\t\t\t\t\t<\/div>\n\t\t\t\t<\/div>\n\t\t\t\t\t<\/div>\n\t\t<\/div>\n\t\t\t\t<div class=\"elementor-column elementor-col-50 elementor-top-column elementor-element elementor-element-9d589f6\" data-id=\"9d589f6\" data-element_type=\"column\" data-e-type=\"column\">\n\t\t\t<div class=\"elementor-widget-wrap elementor-element-populated\">\n\t\t\t\t\t\t<div class=\"elementor-element elementor-element-5df7b7f elementor-widget elementor-widget-heading\" data-id=\"5df7b7f\" data-element_type=\"widget\" data-e-type=\"widget\" data-widget_type=\"heading.default\">\n\t\t\t\t<div class=\"elementor-widget-container\">\n\t\t\t\t\t<h4 class=\"elementor-heading-title elementor-size-default\">Ford Transit Custom (2024+)<\/h4>\t\t\t\t<\/div>\n\t\t\t\t<\/div>\n\t\t\t\t<div class=\"elementor-element elementor-element-da75143 elementor-widget elementor-widget-text-editor\" data-id=\"da75143\" data-element_type=\"widget\" data-e-type=\"widget\" data-widget_type=\"text-editor.default\">\n\t\t\t\t<div class=\"elementor-widget-container\">\n\t\t\t\t\t\t\t\t\t<p data-start=\"0\" data-end=\"81\"><span style=\"font-weight: 700; font-family: var( --e-global-typography-text-font-family ), Sans-serif; letter-spacing: var(--bodyletterspacing); text-transform: var(--bodytexttransform);\">F<\/span><span style=\"font-family: var( --e-global-typography-text-font-family ), Sans-serif; letter-spacing: var(--bodyletterspacing); text-transform: var(--bodytexttransform);\"><b>ord Transit Custom (2024+) \u2013 Nouvelle g\u00e9n\u00e9ration, nouvelles possibilit\u00e9s pour vos conversions<\/b><\/span><\/p>\n<p data-start=\"83\" data-end=\"485\">Le <strong data-start=\"259\" data-end=\"292\">Ford Transit Custom 2024\u20132025<\/strong> incarne la nouvelle g\u00e9n\u00e9ration de fourgons pens\u00e9s pour l\u2019<strong data-start=\"350\" data-end=\"380\">am\u00e9nagement de van moderne<\/strong>. Avec son <strong data-start=\"391\" data-end=\"421\">design enti\u00e8rement repens\u00e9<\/strong>, ses <strong data-start=\"427\" data-end=\"455\">motorisations innovantes<\/strong> (diesel, hybride rechargeable, \u00e9lectrique) et ses <strong data-start=\"506\" data-end=\"543\">technologies embarqu\u00e9es de pointe<\/strong>, il offre une base exceptionnelle pour concevoir un van <strong data-start=\"600\" data-end=\"639\">connect\u00e9, performant et confortable<\/strong>. Plus spacieux, plus modulable et plus \u00e9co-responsable, ce mod\u00e8le s\u2019adresse autant aux passionn\u00e9s de <strong data-start=\"741\" data-end=\"766\">vanlife haut de gamme<\/strong> qu\u2019aux professionnels en qu\u00eate d\u2019un <strong data-start=\"803\" data-end=\"846\">v\u00e9hicule utilitaire nouvelle g\u00e9n\u00e9ration<\/strong>. Le Transit Custom 2024-2025 ouvre de nouvelles perspectives pour des <strong data-start=\"917\" data-end=\"943\">conversions sur mesure<\/strong> tourn\u00e9es vers l\u2019avenir.<\/p>\t\t\t\t\t\t\t\t<\/div>\n\t\t\t\t<\/div>\n\t\t\t\t\t<\/div>\n\t\t<\/div>\n\t\t\t\t\t<\/div>\n\t\t<\/section>\n\t\t\t\t<section class=\"elementor-section elementor-top-section elementor-element elementor-element-a3ad6a1 elementor-section-boxed elementor-section-height-default elementor-section-height-default\" data-id=\"a3ad6a1\" data-element_type=\"section\" data-e-type=\"section\" data-settings=\"{&quot;background_background&quot;:&quot;classic&quot;}\">\n\t\t\t\t\t\t<div class=\"elementor-container elementor-column-gap-default\">\n\t\t\t\t\t<div class=\"elementor-column elementor-col-100 elementor-top-column elementor-element elementor-element-7942615\" data-id=\"7942615\" data-element_type=\"column\" data-e-type=\"column\">\n\t\t\t<div class=\"elementor-widget-wrap elementor-element-populated\">\n\t\t\t\t\t\t<div class=\"elementor-element elementor-element-f67b285 elementor-widget elementor-widget-heading\" data-id=\"f67b285\" data-element_type=\"widget\" data-e-type=\"widget\" data-widget_type=\"heading.default\">\n\t\t\t\t<div class=\"elementor-widget-container\">\n\t\t\t\t\t<h3 class=\"elementor-heading-title elementor-size-default\">Disponible pour Ford Transit Custom (2024+)<\/h3>\t\t\t\t<\/div>\n\t\t\t\t<\/div>\n\t\t\t\t<section class=\"elementor-section elementor-inner-section elementor-element elementor-element-95dab62 elementor-section-full_width elementor-section-height-default elementor-section-height-default\" data-id=\"95dab62\" data-element_type=\"section\" data-e-type=\"section\">\n\t\t\t\t\t\t<div class=\"elementor-container elementor-column-gap-no\">\n\t\t\t\t\t<div class=\"elementor-column elementor-col-33 elementor-inner-column elementor-element elementor-element-b803bcb\" data-id=\"b803bcb\" data-element_type=\"column\" data-e-type=\"column\">\n\t\t\t<div class=\"elementor-widget-wrap elementor-element-populated\">\n\t\t\t\t\t\t<div class=\"elementor-element elementor-element-8247995 elementor-position-top elementor-widget elementor-widget-image-box\" data-id=\"8247995\" data-element_type=\"widget\" data-e-type=\"widget\" data-widget_type=\"image-box.default\">\n\t\t\t\t<div class=\"elementor-widget-container\">\n\t\t\t\t\t<div class=\"elementor-image-box-wrapper\"><figure class=\"elementor-image-box-img\"><a href=\"https:\/\/van-conversion-icor.com\/fr\/window-pods\/\" tabindex=\"-1\"><img decoding=\"async\" width=\"2560\" height=\"1752\" src=\"https:\/\/van-conversion-icor.com\/wp-content\/uploads\/2025\/04\/window-pods-bleu-scaled-1.jpg\" class=\"elementor-animation-grow attachment-full size-full wp-image-3611\" alt=\"\" srcset=\"https:\/\/van-conversion-icor.com\/wp-content\/uploads\/2025\/04\/window-pods-bleu-scaled-1.jpg 2560w, https:\/\/van-conversion-icor.com\/wp-content\/uploads\/2025\/04\/window-pods-bleu-scaled-1-300x205.jpg 300w, https:\/\/van-conversion-icor.com\/wp-content\/uploads\/2025\/04\/window-pods-bleu-scaled-1-1024x701.jpg 1024w, https:\/\/van-conversion-icor.com\/wp-content\/uploads\/2025\/04\/window-pods-bleu-scaled-1-768x526.jpg 768w, https:\/\/van-conversion-icor.com\/wp-content\/uploads\/2025\/04\/window-pods-bleu-scaled-1-1536x1051.jpg 1536w, https:\/\/van-conversion-icor.com\/wp-content\/uploads\/2025\/04\/window-pods-bleu-scaled-1-2048x1402.jpg 2048w\" sizes=\"(max-width: 2560px) 100vw, 2560px\" \/><\/a><\/figure><div class=\"elementor-image-box-content\"><h4 class=\"elementor-image-box-title\"><a href=\"https:\/\/van-conversion-icor.com\/fr\/window-pods\/\">Window Pods<\/a><\/h4><p class=\"elementor-image-box-description\">Une alternative moderne et \u00e9l\u00e9gante aux rideaux traditionnels<\/p><\/div><\/div>\t\t\t\t<\/div>\n\t\t\t\t<\/div>\n\t\t\t\t\t<\/div>\n\t\t<\/div>\n\t\t\t\t<div class=\"elementor-column elementor-col-33 elementor-inner-column elementor-element elementor-element-491198e\" data-id=\"491198e\" data-element_type=\"column\" data-e-type=\"column\">\n\t\t\t<div class=\"elementor-widget-wrap elementor-element-populated\">\n\t\t\t\t\t\t<div class=\"elementor-element elementor-element-d8ca322 elementor-position-top elementor-widget elementor-widget-image-box\" data-id=\"d8ca322\" data-element_type=\"widget\" data-e-type=\"widget\" data-widget_type=\"image-box.default\">\n\t\t\t\t<div class=\"elementor-widget-container\">\n\t\t\t\t\t<div class=\"elementor-image-box-wrapper\"><figure class=\"elementor-image-box-img\"><a href=\"https:\/\/van-conversion-icor.com\/fr\/garnitures-bordures-universelles\/\" tabindex=\"-1\"><img decoding=\"async\" width=\"596\" height=\"426\" src=\"https:\/\/van-conversion-icor.com\/wp-content\/uploads\/2025\/04\/Articles-site-internet-13-1.png\" class=\"elementor-animation-grow attachment-full size-full wp-image-4710\" alt=\"\" srcset=\"https:\/\/van-conversion-icor.com\/wp-content\/uploads\/2025\/04\/Articles-site-internet-13-1.png 596w, https:\/\/van-conversion-icor.com\/wp-content\/uploads\/2025\/04\/Articles-site-internet-13-1-300x214.png 300w\" sizes=\"(max-width: 596px) 100vw, 596px\" \/><\/a><\/figure><div class=\"elementor-image-box-content\"><h4 class=\"elementor-image-box-title\"><a href=\"https:\/\/van-conversion-icor.com\/fr\/garnitures-bordures-universelles\/\">Garnitures de Bords type \"u\"<\/a><\/h4><\/div><\/div>\t\t\t\t<\/div>\n\t\t\t\t<\/div>\n\t\t\t\t\t<\/div>\n\t\t<\/div>\n\t\t\t\t<div class=\"elementor-column elementor-col-33 elementor-inner-column elementor-element elementor-element-e64394e\" data-id=\"e64394e\" data-element_type=\"column\" data-e-type=\"column\">\n\t\t\t<div class=\"elementor-widget-wrap elementor-element-populated\">\n\t\t\t\t\t\t<div class=\"elementor-element elementor-element-6b0b46a elementor-position-top elementor-widget elementor-widget-image-box\" data-id=\"6b0b46a\" data-element_type=\"widget\" data-e-type=\"widget\" data-widget_type=\"image-box.default\">\n\t\t\t\t<div class=\"elementor-widget-container\">\n\t\t\t\t\t<div class=\"elementor-image-box-wrapper\"><figure class=\"elementor-image-box-img\"><a href=\"https:\/\/van-conversion-icor.com\/fr\/bordure-de-vitrage\/\" tabindex=\"-1\"><img loading=\"lazy\" decoding=\"async\" width=\"596\" height=\"426\" src=\"https:\/\/van-conversion-icor.com\/wp-content\/uploads\/2025\/04\/Articles-site-internet-12-1.png\" class=\"elementor-animation-grow attachment-full size-full wp-image-4687\" alt=\"\" srcset=\"https:\/\/van-conversion-icor.com\/wp-content\/uploads\/2025\/04\/Articles-site-internet-12-1.png 596w, https:\/\/van-conversion-icor.com\/wp-content\/uploads\/2025\/04\/Articles-site-internet-12-1-300x214.png 300w\" sizes=\"(max-width: 596px) 100vw, 596px\" \/><\/a><\/figure><div class=\"elementor-image-box-content\"><h4 class=\"elementor-image-box-title\"><a href=\"https:\/\/van-conversion-icor.com\/fr\/bordure-de-vitrage\/\">bordures de vitrage<\/a><\/h4><\/div><\/div>\t\t\t\t<\/div>\n\t\t\t\t<\/div>\n\t\t\t\t\t<\/div>\n\t\t<\/div>\n\t\t\t\t\t<\/div>\n\t\t<\/section>\n\t\t\t\t\t<\/div>\n\t\t<\/div>\n\t\t\t\t\t<\/div>\n\t\t<\/section>\n\t\t\t\t<section class=\"elementor-section elementor-top-section elementor-element elementor-element-b492c6b elementor-section-boxed elementor-section-height-default elementor-section-height-default\" data-id=\"b492c6b\" data-element_type=\"section\" data-e-type=\"section\" data-settings=\"{&quot;background_background&quot;:&quot;classic&quot;}\">\n\t\t\t\t\t\t<div class=\"elementor-container elementor-column-gap-default\">\n\t\t\t\t\t<div class=\"elementor-column elementor-col-33 elementor-top-column elementor-element elementor-element-d0317ce\" data-id=\"d0317ce\" data-element_type=\"column\" data-e-type=\"column\">\n\t\t\t<div class=\"elementor-widget-wrap elementor-element-populated\">\n\t\t\t\t\t\t<div class=\"elementor-element elementor-element-167d48e elementor-align-center elementor-widget elementor-widget-button\" data-id=\"167d48e\" data-element_type=\"widget\" data-e-type=\"widget\" data-widget_type=\"button.default\">\n\t\t\t\t<div class=\"elementor-widget-container\">\n\t\t\t\t\t\t\t\t\t<div class=\"elementor-button-wrapper\">\n\t\t\t\t\t<a class=\"elementor-button elementor-button-link elementor-size-sm\" href=\"https:\/\/van-conversion-icor.com\/fr\/window-pods\/\">\n\t\t\t\t\t\t<span class=\"elementor-button-content-wrapper\">\n\t\t\t\t\t\t\t\t\t<span class=\"elementor-button-text\">D\u00e9couvrir<\/span>\n\t\t\t\t\t<\/span>\n\t\t\t\t\t<\/a>\n\t\t\t\t<\/div>\n\t\t\t\t\t\t\t\t<\/div>\n\t\t\t\t<\/div>\n\t\t\t\t\t<\/div>\n\t\t<\/div>\n\t\t\t\t<div class=\"elementor-column elementor-col-33 elementor-top-column elementor-element elementor-element-d343762\" data-id=\"d343762\" data-element_type=\"column\" data-e-type=\"column\">\n\t\t\t<div class=\"elementor-widget-wrap elementor-element-populated\">\n\t\t\t\t\t\t<div class=\"elementor-element elementor-element-f67e0a6 elementor-align-center elementor-widget elementor-widget-button\" data-id=\"f67e0a6\" data-element_type=\"widget\" data-e-type=\"widget\" data-widget_type=\"button.default\">\n\t\t\t\t<div class=\"elementor-widget-container\">\n\t\t\t\t\t\t\t\t\t<div class=\"elementor-button-wrapper\">\n\t\t\t\t\t<a class=\"elementor-button elementor-button-link elementor-size-sm\" href=\"https:\/\/van-conversion-icor.com\/fr\/garnitures-bordures-universelles\/\">\n\t\t\t\t\t\t<span class=\"elementor-button-content-wrapper\">\n\t\t\t\t\t\t\t\t\t<span class=\"elementor-button-text\">D\u00e9couvrir<\/span>\n\t\t\t\t\t<\/span>\n\t\t\t\t\t<\/a>\n\t\t\t\t<\/div>\n\t\t\t\t\t\t\t\t<\/div>\n\t\t\t\t<\/div>\n\t\t\t\t\t<\/div>\n\t\t<\/div>\n\t\t\t\t<div class=\"elementor-column elementor-col-33 elementor-top-column elementor-element elementor-element-850be34\" data-id=\"850be34\" data-element_type=\"column\" data-e-type=\"column\">\n\t\t\t<div class=\"elementor-widget-wrap elementor-element-populated\">\n\t\t\t\t\t\t<div class=\"elementor-element elementor-element-67b1d82 elementor-align-center elementor-widget elementor-widget-button\" data-id=\"67b1d82\" data-element_type=\"widget\" data-e-type=\"widget\" data-widget_type=\"button.default\">\n\t\t\t\t<div class=\"elementor-widget-container\">\n\t\t\t\t\t\t\t\t\t<div class=\"elementor-button-wrapper\">\n\t\t\t\t\t<a class=\"elementor-button elementor-button-link elementor-size-sm\" href=\"https:\/\/van-conversion-icor.com\/fr\/bordure-de-vitrage\/\">\n\t\t\t\t\t\t<span class=\"elementor-button-content-wrapper\">\n\t\t\t\t\t\t\t\t\t<span class=\"elementor-button-text\">D\u00e9couvrir<\/span>\n\t\t\t\t\t<\/span>\n\t\t\t\t\t<\/a>\n\t\t\t\t<\/div>\n\t\t\t\t\t\t\t\t<\/div>\n\t\t\t\t<\/div>\n\t\t\t\t\t<\/div>\n\t\t<\/div>\n\t\t\t\t\t<\/div>\n\t\t<\/section>\n\t\t\t\t<section class=\"elementor-section elementor-top-section elementor-element elementor-element-d3d42f0 elementor-section-height-min-height elementor-section-items-stretch elementor-section-content-middle elementor-section-full_width elementor-section-height-default\" data-id=\"d3d42f0\" data-element_type=\"section\" data-e-type=\"section\" data-settings=\"{&quot;background_background&quot;:&quot;classic&quot;}\">\n\t\t\t\t\t\t<div class=\"elementor-container elementor-column-gap-no\">\n\t\t\t\t\t<div class=\"elementor-column elementor-col-50 elementor-top-column elementor-element elementor-element-06a7fdd\" data-id=\"06a7fdd\" data-element_type=\"column\" data-e-type=\"column\">\n\t\t\t<div class=\"elementor-widget-wrap elementor-element-populated\">\n\t\t\t\t\t\t<div class=\"elementor-element elementor-element-ce0c383 elementor-widget elementor-widget-heading\" data-id=\"ce0c383\" data-element_type=\"widget\" data-e-type=\"widget\" data-widget_type=\"heading.default\">\n\t\t\t\t<div class=\"elementor-widget-container\">\n\t\t\t\t\t<h1 class=\"elementor-heading-title elementor-size-default\">ICOR, votre partenaire essentiel dans la conversion de van<\/h1>\t\t\t\t<\/div>\n\t\t\t\t<\/div>\n\t\t\t\t<div class=\"elementor-element elementor-element-daf0e82 elementor-widget elementor-widget-text-editor\" data-id=\"daf0e82\" data-element_type=\"widget\" data-e-type=\"widget\" data-widget_type=\"text-editor.default\">\n\t\t\t\t<div class=\"elementor-widget-container\">\n\t\t\t\t\t\t\t\t\t<p><span class=\"OYPEnA font-feature-liga-off font-feature-clig-off font-feature-calt-off text-decoration-none text-strikethrough-none\" style=\"font-kerning: none;\">Toute transformation r\u00e9ussie d&rsquo;un van commence par les bons outils et accessoires, et c&rsquo;est exactement ce qu&rsquo;ICOR propose.<\/span><\/p>\t\t\t\t\t\t\t\t<\/div>\n\t\t\t\t<\/div>\n\t\t\t\t<div class=\"elementor-element elementor-element-15fd180 elementor-mobile-align-center elementor-align-center elementor-widget elementor-widget-button\" data-id=\"15fd180\" data-element_type=\"widget\" data-e-type=\"widget\" data-widget_type=\"button.default\">\n\t\t\t\t<div class=\"elementor-widget-container\">\n\t\t\t\t\t\t\t\t\t<div class=\"elementor-button-wrapper\">\n\t\t\t\t\t<a class=\"elementor-button elementor-button-link elementor-size-sm\" href=\"#\">\n\t\t\t\t\t\t<span class=\"elementor-button-content-wrapper\">\n\t\t\t\t\t\t\t\t\t<span class=\"elementor-button-text\">PASSER COMMANDE<\/span>\n\t\t\t\t\t<\/span>\n\t\t\t\t\t<\/a>\n\t\t\t\t<\/div>\n\t\t\t\t\t\t\t\t<\/div>\n\t\t\t\t<\/div>\n\t\t\t\t\t<\/div>\n\t\t<\/div>\n\t\t\t\t<div class=\"elementor-column elementor-col-50 elementor-top-column elementor-element elementor-element-c62f561\" data-id=\"c62f561\" data-element_type=\"column\" data-e-type=\"column\">\n\t\t\t<div class=\"elementor-widget-wrap elementor-element-populated\">\n\t\t\t\t\t\t<div class=\"elementor-element elementor-element-bab03cd elementor-widget elementor-widget-image\" data-id=\"bab03cd\" data-element_type=\"widget\" data-e-type=\"widget\" data-widget_type=\"image.default\">\n\t\t\t\t<div class=\"elementor-widget-container\">\n\t\t\t\t\t\t\t\t\t\t\t\t\t\t\t<img loading=\"lazy\" decoding=\"async\" width=\"1024\" height=\"438\" src=\"https:\/\/van-conversion-icor.com\/wp-content\/uploads\/2025\/04\/ford-eu-transit_custom_Nugget_19_Ext_Awning_0572_1_V9_2160x925_bbso.jpg.renditions.original-1024x438.jpg\" class=\"attachment-large size-large wp-image-3680\" alt=\"\" srcset=\"https:\/\/van-conversion-icor.com\/wp-content\/uploads\/2025\/04\/ford-eu-transit_custom_Nugget_19_Ext_Awning_0572_1_V9_2160x925_bbso.jpg.renditions.original-1024x438.jpg 1024w, https:\/\/van-conversion-icor.com\/wp-content\/uploads\/2025\/04\/ford-eu-transit_custom_Nugget_19_Ext_Awning_0572_1_V9_2160x925_bbso.jpg.renditions.original-300x128.jpg 300w, https:\/\/van-conversion-icor.com\/wp-content\/uploads\/2025\/04\/ford-eu-transit_custom_Nugget_19_Ext_Awning_0572_1_V9_2160x925_bbso.jpg.renditions.original-768x329.jpg 768w, https:\/\/van-conversion-icor.com\/wp-content\/uploads\/2025\/04\/ford-eu-transit_custom_Nugget_19_Ext_Awning_0572_1_V9_2160x925_bbso.jpg.renditions.original.jpg 1440w\" sizes=\"(max-width: 1024px) 100vw, 1024px\" \/>\t\t\t\t\t\t\t\t\t\t\t\t\t\t\t<\/div>\n\t\t\t\t<\/div>\n\t\t\t\t\t<\/div>\n\t\t<\/div>\n\t\t\t\t\t<\/div>\n\t\t<\/section>\n\t\t\t\t<\/div>\n\t\t","protected":false},"excerpt":{"rendered":"<p>Ford Transit Custom (2024+) Ford Transit Custom (2024+) \u2013 Nouvelle g\u00e9n\u00e9ration, nouvelles possibilit\u00e9s pour vos conversions Le Ford Transit Custom 2024\u20132025 incarne la nouvelle g\u00e9n\u00e9ration de fourgons pens\u00e9s pour l\u2019am\u00e9nagement de van moderne. Avec son design enti\u00e8rement repens\u00e9, ses motorisations innovantes (diesel, hybride rechargeable, \u00e9lectrique) et ses technologies embarqu\u00e9es de pointe, il offre une base&hellip;&nbsp;<a href=\"https:\/\/van-conversion-icor.com\/fr\/ford-transit-custom-2024\/\" class=\"\" rel=\"bookmark\">Lire la suite &raquo;<span class=\"screen-reader-text\">Ford Transit Custom (2024+)<\/span><\/a><\/p>\n","protected":false},"author":1,"featured_media":0,"parent":0,"menu_order":0,"comment_status":"closed","ping_status":"closed","template":"page-templates\/template-pagebuilder-full-width.php","meta":{"neve_meta_sidebar":"","neve_meta_container":"","neve_meta_enable_content_width":"","neve_meta_content_width":0,"neve_meta_title_alignment":"","neve_meta_author_avatar":"","neve_post_elements_order":"","neve_meta_disable_header":"","neve_meta_disable_footer":"","neve_meta_disable_title":"","footnotes":""},"class_list":["post-3678","page","type-page","status-publish","hentry"],"_links":{"self":[{"href":"https:\/\/van-conversion-icor.com\/fr\/wp-json\/wp\/v2\/pages\/3678","targetHints":{"allow":["GET"]}}],"collection":[{"href":"https:\/\/van-conversion-icor.com\/fr\/wp-json\/wp\/v2\/pages"}],"about":[{"href":"https:\/\/van-conversion-icor.com\/fr\/wp-json\/wp\/v2\/types\/page"}],"author":[{"embeddable":true,"href":"https:\/\/van-conversion-icor.com\/fr\/wp-json\/wp\/v2\/users\/1"}],"replies":[{"embeddable":true,"href":"https:\/\/van-conversion-icor.com\/fr\/wp-json\/wp\/v2\/comments?post=3678"}],"version-history":[{"count":19,"href":"https:\/\/van-conversion-icor.com\/fr\/wp-json\/wp\/v2\/pages\/3678\/revisions"}],"predecessor-version":[{"id":4725,"href":"https:\/\/van-conversion-icor.com\/fr\/wp-json\/wp\/v2\/pages\/3678\/revisions\/4725"}],"wp:attachment":[{"href":"https:\/\/van-conversion-icor.com\/fr\/wp-json\/wp\/v2\/media?parent=3678"}],"curies":[{"name":"wp","href":"https:\/\/api.w.org\/{rel}","templated":true}]}}