{"id":3693,"date":"2025-04-07T14:04:33","date_gmt":"2025-04-07T12:04:33","guid":{"rendered":"https:\/\/van-conversion-icor.com\/?page_id=3693"},"modified":"2025-04-14T14:25:34","modified_gmt":"2025-04-14T12:25:34","slug":"fiat-talento","status":"publish","type":"page","link":"https:\/\/van-conversion-icor.com\/fr\/fiat-talento\/","title":{"rendered":"Fiat Talento"},"content":{"rendered":"\t\t<div data-elementor-type=\"wp-page\" data-elementor-id=\"3693\" class=\"elementor elementor-3693\" data-elementor-post-type=\"page\">\n\t\t\t\t\t\t<section class=\"elementor-section elementor-top-section elementor-element elementor-element-cd6bedc elementor-section-content-middle elementor-section-boxed elementor-section-height-default elementor-section-height-default\" data-id=\"cd6bedc\" data-element_type=\"section\" data-e-type=\"section\" data-settings=\"{&quot;background_background&quot;:&quot;classic&quot;}\">\n\t\t\t\t\t\t<div class=\"elementor-container elementor-column-gap-no\">\n\t\t\t\t\t<div class=\"elementor-column elementor-col-50 elementor-top-column elementor-element elementor-element-8872e7a\" data-id=\"8872e7a\" data-element_type=\"column\" data-e-type=\"column\">\n\t\t\t<div class=\"elementor-widget-wrap elementor-element-populated\">\n\t\t\t\t\t\t<div class=\"elementor-element elementor-element-de50ff3 elementor-widget elementor-widget-image\" data-id=\"de50ff3\" data-element_type=\"widget\" data-e-type=\"widget\" data-widget_type=\"image.default\">\n\t\t\t\t<div class=\"elementor-widget-container\">\n\t\t\t\t\t\t\t\t\t\t\t\t\t\t\t<img fetchpriority=\"high\" decoding=\"async\" width=\"918\" height=\"689\" src=\"https:\/\/van-conversion-icor.com\/wp-content\/uploads\/2025\/04\/fiat-professional-talento-fourgon.jpg\" class=\"attachment-full size-full wp-image-4093\" alt=\"\" srcset=\"https:\/\/van-conversion-icor.com\/wp-content\/uploads\/2025\/04\/fiat-professional-talento-fourgon.jpg 918w, https:\/\/van-conversion-icor.com\/wp-content\/uploads\/2025\/04\/fiat-professional-talento-fourgon-300x225.jpg 300w, https:\/\/van-conversion-icor.com\/wp-content\/uploads\/2025\/04\/fiat-professional-talento-fourgon-768x576.jpg 768w\" sizes=\"(max-width: 918px) 100vw, 918px\" \/>\t\t\t\t\t\t\t\t\t\t\t\t\t\t\t<\/div>\n\t\t\t\t<\/div>\n\t\t\t\t\t<\/div>\n\t\t<\/div>\n\t\t\t\t<div class=\"elementor-column elementor-col-50 elementor-top-column elementor-element elementor-element-9d9c499\" data-id=\"9d9c499\" data-element_type=\"column\" data-e-type=\"column\">\n\t\t\t<div class=\"elementor-widget-wrap elementor-element-populated\">\n\t\t\t\t\t\t<div class=\"elementor-element elementor-element-998b6bb elementor-widget elementor-widget-heading\" data-id=\"998b6bb\" data-element_type=\"widget\" data-e-type=\"widget\" data-widget_type=\"heading.default\">\n\t\t\t\t<div class=\"elementor-widget-container\">\n\t\t\t\t\t<h4 class=\"elementor-heading-title elementor-size-default\">Fiat Talento<\/h4>\t\t\t\t<\/div>\n\t\t\t\t<\/div>\n\t\t\t\t<div class=\"elementor-element elementor-element-03ab480 elementor-widget elementor-widget-text-editor\" data-id=\"03ab480\" data-element_type=\"widget\" data-e-type=\"widget\" data-widget_type=\"text-editor.default\">\n\t\t\t\t<div class=\"elementor-widget-container\">\n\t\t\t\t\t\t\t\t\t<p data-start=\"0\" data-end=\"81\"><span style=\"font-weight: 700; font-family: var( --e-global-typography-text-font-family ), Sans-serif; letter-spacing: var(--bodyletterspacing); text-transform: var(--bodytexttransform);\">F<\/span><span style=\"font-family: var( --e-global-typography-text-font-family ), Sans-serif; letter-spacing: var(--bodyletterspacing); text-transform: var(--bodytexttransform);\"><b>iat Talento \u2013 Un van compact et intelligent pour une conversion sur mesure<\/b><\/span><\/p>\n<p data-start=\"83\" data-end=\"485\">Le <strong data-start=\"249\" data-end=\"265\">Fiat Talento<\/strong> est une option strat\u00e9gique pour un projet de <strong data-start=\"311\" data-end=\"334\">van am\u00e9nag\u00e9 compact<\/strong>. Partageant sa plateforme avec le Renault Trafic, il allie <strong data-start=\"394\" data-end=\"408\">modularit\u00e9<\/strong>, <strong data-start=\"410\" data-end=\"433\">confort de conduite<\/strong> et <strong data-start=\"437\" data-end=\"450\">praticit\u00e9<\/strong>. Gr\u00e2ce \u00e0 ses dimensions bien pens\u00e9es, il se faufile en ville tout en offrant un <strong data-start=\"531\" data-end=\"563\">espace int\u00e9rieur optimisable<\/strong> pour une <strong data-start=\"573\" data-end=\"620\">conversion van fonctionnelle et confortable<\/strong>. Id\u00e9al pour les voyageurs \u00e0 la recherche d\u2019un <strong data-start=\"667\" data-end=\"688\">v\u00e9hicule maniable<\/strong>, fiable et bien \u00e9quip\u00e9, le Fiat Talento s\u00e9duit aussi les professionnels en qu\u00eate d\u2019un fourgon adapt\u00e9 \u00e0 leurs besoins quotidiens. C\u2019est un excellent compromis entre gabarit, performance et personnalisation.<\/p>\t\t\t\t\t\t\t\t<\/div>\n\t\t\t\t<\/div>\n\t\t\t\t\t<\/div>\n\t\t<\/div>\n\t\t\t\t\t<\/div>\n\t\t<\/section>\n\t\t\t\t<section class=\"elementor-section elementor-top-section elementor-element elementor-element-62409e4 elementor-section-boxed elementor-section-height-default elementor-section-height-default\" data-id=\"62409e4\" data-element_type=\"section\" data-e-type=\"section\" data-settings=\"{&quot;background_background&quot;:&quot;classic&quot;}\">\n\t\t\t\t\t\t<div class=\"elementor-container elementor-column-gap-default\">\n\t\t\t\t\t<div class=\"elementor-column elementor-col-100 elementor-top-column elementor-element elementor-element-074f1e4\" data-id=\"074f1e4\" data-element_type=\"column\" data-e-type=\"column\">\n\t\t\t<div class=\"elementor-widget-wrap elementor-element-populated\">\n\t\t\t\t\t\t<div class=\"elementor-element elementor-element-6289540 elementor-widget elementor-widget-heading\" data-id=\"6289540\" data-element_type=\"widget\" data-e-type=\"widget\" data-widget_type=\"heading.default\">\n\t\t\t\t<div class=\"elementor-widget-container\">\n\t\t\t\t\t<h3 class=\"elementor-heading-title elementor-size-default\">Disponible pour Fiat Talento<\/h3>\t\t\t\t<\/div>\n\t\t\t\t<\/div>\n\t\t\t\t<section class=\"elementor-section elementor-inner-section elementor-element elementor-element-5051fb3 elementor-section-full_width elementor-section-height-default elementor-section-height-default\" data-id=\"5051fb3\" data-element_type=\"section\" data-e-type=\"section\">\n\t\t\t\t\t\t<div class=\"elementor-container elementor-column-gap-no\">\n\t\t\t\t\t<div class=\"elementor-column elementor-col-33 elementor-inner-column elementor-element elementor-element-6dc5792\" data-id=\"6dc5792\" data-element_type=\"column\" data-e-type=\"column\">\n\t\t\t<div class=\"elementor-widget-wrap elementor-element-populated\">\n\t\t\t\t\t\t<div class=\"elementor-element elementor-element-060e747 elementor-position-top elementor-widget elementor-widget-image-box\" data-id=\"060e747\" data-element_type=\"widget\" data-e-type=\"widget\" data-widget_type=\"image-box.default\">\n\t\t\t\t<div class=\"elementor-widget-container\">\n\t\t\t\t\t<div class=\"elementor-image-box-wrapper\"><figure class=\"elementor-image-box-img\"><a href=\"https:\/\/van-conversion-icor.com\/fr\/window-pods\/\" tabindex=\"-1\"><img decoding=\"async\" width=\"2560\" height=\"1752\" src=\"https:\/\/van-conversion-icor.com\/wp-content\/uploads\/2025\/04\/window-pods-bleu-scaled-1.jpg\" class=\"elementor-animation-grow attachment-full size-full wp-image-3611\" alt=\"\" srcset=\"https:\/\/van-conversion-icor.com\/wp-content\/uploads\/2025\/04\/window-pods-bleu-scaled-1.jpg 2560w, https:\/\/van-conversion-icor.com\/wp-content\/uploads\/2025\/04\/window-pods-bleu-scaled-1-300x205.jpg 300w, https:\/\/van-conversion-icor.com\/wp-content\/uploads\/2025\/04\/window-pods-bleu-scaled-1-1024x701.jpg 1024w, https:\/\/van-conversion-icor.com\/wp-content\/uploads\/2025\/04\/window-pods-bleu-scaled-1-768x526.jpg 768w, https:\/\/van-conversion-icor.com\/wp-content\/uploads\/2025\/04\/window-pods-bleu-scaled-1-1536x1051.jpg 1536w, https:\/\/van-conversion-icor.com\/wp-content\/uploads\/2025\/04\/window-pods-bleu-scaled-1-2048x1402.jpg 2048w\" sizes=\"(max-width: 2560px) 100vw, 2560px\" \/><\/a><\/figure><div class=\"elementor-image-box-content\"><h4 class=\"elementor-image-box-title\"><a href=\"https:\/\/van-conversion-icor.com\/fr\/window-pods\/\">Window Pods<\/a><\/h4><p class=\"elementor-image-box-description\">Une alternative moderne et \u00e9l\u00e9gante aux rideaux traditionnels<\/p><\/div><\/div>\t\t\t\t<\/div>\n\t\t\t\t<\/div>\n\t\t\t\t\t<\/div>\n\t\t<\/div>\n\t\t\t\t<div class=\"elementor-column elementor-col-33 elementor-inner-column elementor-element elementor-element-f06cfd3\" data-id=\"f06cfd3\" data-element_type=\"column\" data-e-type=\"column\">\n\t\t\t<div class=\"elementor-widget-wrap elementor-element-populated\">\n\t\t\t\t\t\t<div class=\"elementor-element elementor-element-3a59539 elementor-position-top elementor-widget elementor-widget-image-box\" data-id=\"3a59539\" data-element_type=\"widget\" data-e-type=\"widget\" data-widget_type=\"image-box.default\">\n\t\t\t\t<div class=\"elementor-widget-container\">\n\t\t\t\t\t<div class=\"elementor-image-box-wrapper\"><figure class=\"elementor-image-box-img\"><a href=\"https:\/\/van-conversion-icor.com\/fr\/garnitures-bordures-universelles\/\" tabindex=\"-1\"><img decoding=\"async\" width=\"596\" height=\"426\" src=\"https:\/\/van-conversion-icor.com\/wp-content\/uploads\/2025\/04\/Articles-site-internet-13-1.png\" class=\"elementor-animation-grow attachment-full size-full wp-image-4710\" alt=\"\" srcset=\"https:\/\/van-conversion-icor.com\/wp-content\/uploads\/2025\/04\/Articles-site-internet-13-1.png 596w, https:\/\/van-conversion-icor.com\/wp-content\/uploads\/2025\/04\/Articles-site-internet-13-1-300x214.png 300w\" sizes=\"(max-width: 596px) 100vw, 596px\" \/><\/a><\/figure><div class=\"elementor-image-box-content\"><h4 class=\"elementor-image-box-title\"><a href=\"https:\/\/van-conversion-icor.com\/fr\/garnitures-bordures-universelles\/\">Garnitures de Bords type \"u\"<\/a><\/h4><\/div><\/div>\t\t\t\t<\/div>\n\t\t\t\t<\/div>\n\t\t\t\t\t<\/div>\n\t\t<\/div>\n\t\t\t\t<div class=\"elementor-column elementor-col-33 elementor-inner-column elementor-element elementor-element-6b4aeb4\" data-id=\"6b4aeb4\" data-element_type=\"column\" data-e-type=\"column\">\n\t\t\t<div class=\"elementor-widget-wrap elementor-element-populated\">\n\t\t\t\t\t\t<div class=\"elementor-element elementor-element-65eb1e6 elementor-position-top elementor-widget elementor-widget-image-box\" data-id=\"65eb1e6\" data-element_type=\"widget\" data-e-type=\"widget\" data-widget_type=\"image-box.default\">\n\t\t\t\t<div class=\"elementor-widget-container\">\n\t\t\t\t\t<div class=\"elementor-image-box-wrapper\"><figure class=\"elementor-image-box-img\"><a href=\"https:\/\/van-conversion-icor.com\/fr\/bordure-de-vitrage\/\" tabindex=\"-1\"><img loading=\"lazy\" decoding=\"async\" width=\"596\" height=\"426\" src=\"https:\/\/van-conversion-icor.com\/wp-content\/uploads\/2025\/04\/Articles-site-internet-12-1.png\" class=\"elementor-animation-grow attachment-full size-full wp-image-4687\" alt=\"\" srcset=\"https:\/\/van-conversion-icor.com\/wp-content\/uploads\/2025\/04\/Articles-site-internet-12-1.png 596w, https:\/\/van-conversion-icor.com\/wp-content\/uploads\/2025\/04\/Articles-site-internet-12-1-300x214.png 300w\" sizes=\"(max-width: 596px) 100vw, 596px\" \/><\/a><\/figure><div class=\"elementor-image-box-content\"><h4 class=\"elementor-image-box-title\"><a href=\"https:\/\/van-conversion-icor.com\/fr\/bordure-de-vitrage\/\">bordures de vitrage<\/a><\/h4><\/div><\/div>\t\t\t\t<\/div>\n\t\t\t\t<\/div>\n\t\t\t\t\t<\/div>\n\t\t<\/div>\n\t\t\t\t\t<\/div>\n\t\t<\/section>\n\t\t\t\t\t<\/div>\n\t\t<\/div>\n\t\t\t\t\t<\/div>\n\t\t<\/section>\n\t\t\t\t<section class=\"elementor-section elementor-top-section elementor-element elementor-element-22cde59 elementor-section-boxed elementor-section-height-default elementor-section-height-default\" data-id=\"22cde59\" data-element_type=\"section\" data-e-type=\"section\" data-settings=\"{&quot;background_background&quot;:&quot;classic&quot;}\">\n\t\t\t\t\t\t<div class=\"elementor-container elementor-column-gap-default\">\n\t\t\t\t\t<div class=\"elementor-column elementor-col-33 elementor-top-column elementor-element elementor-element-d84733b\" data-id=\"d84733b\" data-element_type=\"column\" data-e-type=\"column\">\n\t\t\t<div class=\"elementor-widget-wrap elementor-element-populated\">\n\t\t\t\t\t\t<div class=\"elementor-element elementor-element-766e5b1 elementor-align-center elementor-widget elementor-widget-button\" data-id=\"766e5b1\" data-element_type=\"widget\" data-e-type=\"widget\" data-widget_type=\"button.default\">\n\t\t\t\t<div class=\"elementor-widget-container\">\n\t\t\t\t\t\t\t\t\t<div class=\"elementor-button-wrapper\">\n\t\t\t\t\t<a class=\"elementor-button elementor-button-link elementor-size-sm\" href=\"https:\/\/van-conversion-icor.com\/fr\/window-pods\/\">\n\t\t\t\t\t\t<span class=\"elementor-button-content-wrapper\">\n\t\t\t\t\t\t\t\t\t<span class=\"elementor-button-text\">D\u00e9couvrir<\/span>\n\t\t\t\t\t<\/span>\n\t\t\t\t\t<\/a>\n\t\t\t\t<\/div>\n\t\t\t\t\t\t\t\t<\/div>\n\t\t\t\t<\/div>\n\t\t\t\t\t<\/div>\n\t\t<\/div>\n\t\t\t\t<div class=\"elementor-column elementor-col-33 elementor-top-column elementor-element elementor-element-ba16482\" data-id=\"ba16482\" data-element_type=\"column\" data-e-type=\"column\">\n\t\t\t<div class=\"elementor-widget-wrap elementor-element-populated\">\n\t\t\t\t\t\t<div class=\"elementor-element elementor-element-5ca1732 elementor-align-center elementor-widget elementor-widget-button\" data-id=\"5ca1732\" data-element_type=\"widget\" data-e-type=\"widget\" data-widget_type=\"button.default\">\n\t\t\t\t<div class=\"elementor-widget-container\">\n\t\t\t\t\t\t\t\t\t<div class=\"elementor-button-wrapper\">\n\t\t\t\t\t<a class=\"elementor-button elementor-button-link elementor-size-sm\" href=\"https:\/\/van-conversion-icor.com\/fr\/garnitures-bordures-universelles\/\">\n\t\t\t\t\t\t<span class=\"elementor-button-content-wrapper\">\n\t\t\t\t\t\t\t\t\t<span class=\"elementor-button-text\">D\u00e9couvrir<\/span>\n\t\t\t\t\t<\/span>\n\t\t\t\t\t<\/a>\n\t\t\t\t<\/div>\n\t\t\t\t\t\t\t\t<\/div>\n\t\t\t\t<\/div>\n\t\t\t\t\t<\/div>\n\t\t<\/div>\n\t\t\t\t<div class=\"elementor-column elementor-col-33 elementor-top-column elementor-element elementor-element-994c06f\" data-id=\"994c06f\" data-element_type=\"column\" data-e-type=\"column\">\n\t\t\t<div class=\"elementor-widget-wrap elementor-element-populated\">\n\t\t\t\t\t\t<div class=\"elementor-element elementor-element-a2d89cc elementor-align-center elementor-widget elementor-widget-button\" data-id=\"a2d89cc\" data-element_type=\"widget\" data-e-type=\"widget\" data-widget_type=\"button.default\">\n\t\t\t\t<div class=\"elementor-widget-container\">\n\t\t\t\t\t\t\t\t\t<div class=\"elementor-button-wrapper\">\n\t\t\t\t\t<a class=\"elementor-button elementor-button-link elementor-size-sm\" href=\"https:\/\/van-conversion-icor.com\/fr\/bordure-de-vitrage\/\">\n\t\t\t\t\t\t<span class=\"elementor-button-content-wrapper\">\n\t\t\t\t\t\t\t\t\t<span class=\"elementor-button-text\">D\u00e9couvrir<\/span>\n\t\t\t\t\t<\/span>\n\t\t\t\t\t<\/a>\n\t\t\t\t<\/div>\n\t\t\t\t\t\t\t\t<\/div>\n\t\t\t\t<\/div>\n\t\t\t\t\t<\/div>\n\t\t<\/div>\n\t\t\t\t\t<\/div>\n\t\t<\/section>\n\t\t\t\t<section class=\"elementor-section elementor-top-section elementor-element elementor-element-ee987ad elementor-section-height-min-height elementor-section-items-stretch elementor-section-content-middle elementor-section-full_width elementor-section-height-default\" data-id=\"ee987ad\" data-element_type=\"section\" data-e-type=\"section\" data-settings=\"{&quot;background_background&quot;:&quot;classic&quot;}\">\n\t\t\t\t\t\t<div class=\"elementor-container elementor-column-gap-no\">\n\t\t\t\t\t<div class=\"elementor-column elementor-col-50 elementor-top-column elementor-element elementor-element-7003def\" data-id=\"7003def\" data-element_type=\"column\" data-e-type=\"column\">\n\t\t\t<div class=\"elementor-widget-wrap elementor-element-populated\">\n\t\t\t\t\t\t<div class=\"elementor-element elementor-element-1baccb0 elementor-widget elementor-widget-heading\" data-id=\"1baccb0\" data-element_type=\"widget\" data-e-type=\"widget\" data-widget_type=\"heading.default\">\n\t\t\t\t<div class=\"elementor-widget-container\">\n\t\t\t\t\t<h1 class=\"elementor-heading-title elementor-size-default\">ICOR, votre partenaire essentiel dans la conversion de van<\/h1>\t\t\t\t<\/div>\n\t\t\t\t<\/div>\n\t\t\t\t<div class=\"elementor-element elementor-element-74fc943 elementor-widget elementor-widget-text-editor\" data-id=\"74fc943\" data-element_type=\"widget\" data-e-type=\"widget\" data-widget_type=\"text-editor.default\">\n\t\t\t\t<div class=\"elementor-widget-container\">\n\t\t\t\t\t\t\t\t\t<p><span class=\"OYPEnA font-feature-liga-off font-feature-clig-off font-feature-calt-off text-decoration-none text-strikethrough-none\" style=\"font-kerning: none;\">Toute transformation r\u00e9ussie d&rsquo;un van commence par les bons outils et accessoires, et c&rsquo;est exactement ce qu&rsquo;ICOR propose.<\/span><\/p>\t\t\t\t\t\t\t\t<\/div>\n\t\t\t\t<\/div>\n\t\t\t\t<div class=\"elementor-element elementor-element-64730e1 elementor-mobile-align-center elementor-align-center elementor-widget elementor-widget-button\" data-id=\"64730e1\" data-element_type=\"widget\" data-e-type=\"widget\" data-widget_type=\"button.default\">\n\t\t\t\t<div class=\"elementor-widget-container\">\n\t\t\t\t\t\t\t\t\t<div class=\"elementor-button-wrapper\">\n\t\t\t\t\t<a class=\"elementor-button elementor-button-link elementor-size-sm\" href=\"https:\/\/www.icor.be\/main\/page\/login-to-icor#\" target=\"_blank\" rel=\"noopener\">\n\t\t\t\t\t\t<span class=\"elementor-button-content-wrapper\">\n\t\t\t\t\t\t\t\t\t<span class=\"elementor-button-text\">PASSER COMMANDE<\/span>\n\t\t\t\t\t<\/span>\n\t\t\t\t\t<\/a>\n\t\t\t\t<\/div>\n\t\t\t\t\t\t\t\t<\/div>\n\t\t\t\t<\/div>\n\t\t\t\t\t<\/div>\n\t\t<\/div>\n\t\t\t\t<div class=\"elementor-column elementor-col-50 elementor-top-column elementor-element elementor-element-4ffcbcb\" data-id=\"4ffcbcb\" data-element_type=\"column\" data-e-type=\"column\">\n\t\t\t<div class=\"elementor-widget-wrap elementor-element-populated\">\n\t\t\t\t\t\t<div class=\"elementor-element elementor-element-e00ca79 elementor-widget elementor-widget-image\" data-id=\"e00ca79\" data-element_type=\"widget\" data-e-type=\"widget\" data-widget_type=\"image.default\">\n\t\t\t\t<div class=\"elementor-widget-container\">\n\t\t\t\t\t\t\t\t\t\t\t\t\t\t\t<img loading=\"lazy\" decoding=\"async\" width=\"1024\" height=\"683\" src=\"https:\/\/van-conversion-icor.com\/wp-content\/uploads\/2025\/04\/randger-r499-1-1024x683.jpg\" class=\"attachment-large size-large wp-image-3695\" alt=\"\" srcset=\"https:\/\/van-conversion-icor.com\/wp-content\/uploads\/2025\/04\/randger-r499-1-1024x683.jpg 1024w, https:\/\/van-conversion-icor.com\/wp-content\/uploads\/2025\/04\/randger-r499-1-300x200.jpg 300w, https:\/\/van-conversion-icor.com\/wp-content\/uploads\/2025\/04\/randger-r499-1-768x512.jpg 768w, https:\/\/van-conversion-icor.com\/wp-content\/uploads\/2025\/04\/randger-r499-1-930x620.jpg 930w, https:\/\/van-conversion-icor.com\/wp-content\/uploads\/2025\/04\/randger-r499-1.jpg 1200w\" sizes=\"(max-width: 1024px) 100vw, 1024px\" \/>\t\t\t\t\t\t\t\t\t\t\t\t\t\t\t<\/div>\n\t\t\t\t<\/div>\n\t\t\t\t\t<\/div>\n\t\t<\/div>\n\t\t\t\t\t<\/div>\n\t\t<\/section>\n\t\t\t\t<\/div>\n\t\t","protected":false},"excerpt":{"rendered":"<p>Fiat Talento Fiat Talento \u2013 Un van compact et intelligent pour une conversion sur mesure Le Fiat Talento est une option strat\u00e9gique pour un projet de van am\u00e9nag\u00e9 compact. Partageant sa plateforme avec le Renault Trafic, il allie modularit\u00e9, confort de conduite et praticit\u00e9. Gr\u00e2ce \u00e0 ses dimensions bien pens\u00e9es, il se faufile en ville&hellip;&nbsp;<a href=\"https:\/\/van-conversion-icor.com\/fr\/fiat-talento\/\" class=\"\" rel=\"bookmark\">Lire la suite &raquo;<span class=\"screen-reader-text\">Fiat Talento<\/span><\/a><\/p>\n","protected":false},"author":1,"featured_media":0,"parent":0,"menu_order":0,"comment_status":"closed","ping_status":"closed","template":"page-templates\/template-pagebuilder-full-width.php","meta":{"neve_meta_sidebar":"","neve_meta_container":"","neve_meta_enable_content_width":"","neve_meta_content_width":0,"neve_meta_title_alignment":"","neve_meta_author_avatar":"","neve_post_elements_order":"","neve_meta_disable_header":"","neve_meta_disable_footer":"","neve_meta_disable_title":"","footnotes":""},"class_list":["post-3693","page","type-page","status-publish","hentry"],"_links":{"self":[{"href":"https:\/\/van-conversion-icor.com\/fr\/wp-json\/wp\/v2\/pages\/3693","targetHints":{"allow":["GET"]}}],"collection":[{"href":"https:\/\/van-conversion-icor.com\/fr\/wp-json\/wp\/v2\/pages"}],"about":[{"href":"https:\/\/van-conversion-icor.com\/fr\/wp-json\/wp\/v2\/types\/page"}],"author":[{"embeddable":true,"href":"https:\/\/van-conversion-icor.com\/fr\/wp-json\/wp\/v2\/users\/1"}],"replies":[{"embeddable":true,"href":"https:\/\/van-conversion-icor.com\/fr\/wp-json\/wp\/v2\/comments?post=3693"}],"version-history":[{"count":19,"href":"https:\/\/van-conversion-icor.com\/fr\/wp-json\/wp\/v2\/pages\/3693\/revisions"}],"predecessor-version":[{"id":4728,"href":"https:\/\/van-conversion-icor.com\/fr\/wp-json\/wp\/v2\/pages\/3693\/revisions\/4728"}],"wp:attachment":[{"href":"https:\/\/van-conversion-icor.com\/fr\/wp-json\/wp\/v2\/media?parent=3693"}],"curies":[{"name":"wp","href":"https:\/\/api.w.org\/{rel}","templated":true}]}}