{"id":3704,"date":"2025-04-07T14:30:17","date_gmt":"2025-04-07T12:30:17","guid":{"rendered":"https:\/\/van-conversion-icor.com\/?page_id=3704"},"modified":"2025-04-14T14:25:42","modified_gmt":"2025-04-14T12:25:42","slug":"opel-vivaro","status":"publish","type":"page","link":"https:\/\/van-conversion-icor.com\/fr\/opel-vivaro\/","title":{"rendered":"Opel Vivaro"},"content":{"rendered":"\t\t<div data-elementor-type=\"wp-page\" data-elementor-id=\"3704\" class=\"elementor elementor-3704\" data-elementor-post-type=\"page\">\n\t\t\t\t\t\t<section class=\"elementor-section elementor-top-section elementor-element elementor-element-c2c42b4 elementor-section-content-middle elementor-section-boxed elementor-section-height-default elementor-section-height-default\" data-id=\"c2c42b4\" data-element_type=\"section\" data-e-type=\"section\" data-settings=\"{&quot;background_background&quot;:&quot;classic&quot;}\">\n\t\t\t\t\t\t<div class=\"elementor-container elementor-column-gap-no\">\n\t\t\t\t\t<div class=\"elementor-column elementor-col-50 elementor-top-column elementor-element elementor-element-1cd3130\" data-id=\"1cd3130\" data-element_type=\"column\" data-e-type=\"column\">\n\t\t\t<div class=\"elementor-widget-wrap elementor-element-populated\">\n\t\t\t\t\t\t<div class=\"elementor-element elementor-element-d21dc61 elementor-widget elementor-widget-image\" data-id=\"d21dc61\" data-element_type=\"widget\" data-e-type=\"widget\" data-widget_type=\"image.default\">\n\t\t\t\t<div class=\"elementor-widget-container\">\n\t\t\t\t\t\t\t\t\t\t\t\t\t\t\t<img fetchpriority=\"high\" decoding=\"async\" width=\"1200\" height=\"675\" src=\"https:\/\/van-conversion-icor.com\/wp-content\/uploads\/2025\/04\/alpincamper.webp\" class=\"attachment-full size-full wp-image-3706\" alt=\"\" srcset=\"https:\/\/van-conversion-icor.com\/wp-content\/uploads\/2025\/04\/alpincamper.webp 1200w, https:\/\/van-conversion-icor.com\/wp-content\/uploads\/2025\/04\/alpincamper-300x169.webp 300w, https:\/\/van-conversion-icor.com\/wp-content\/uploads\/2025\/04\/alpincamper-1024x576.webp 1024w, https:\/\/van-conversion-icor.com\/wp-content\/uploads\/2025\/04\/alpincamper-768x432.webp 768w\" sizes=\"(max-width: 1200px) 100vw, 1200px\" \/>\t\t\t\t\t\t\t\t\t\t\t\t\t\t\t<\/div>\n\t\t\t\t<\/div>\n\t\t\t\t\t<\/div>\n\t\t<\/div>\n\t\t\t\t<div class=\"elementor-column elementor-col-50 elementor-top-column elementor-element elementor-element-3dd9f7e\" data-id=\"3dd9f7e\" data-element_type=\"column\" data-e-type=\"column\">\n\t\t\t<div class=\"elementor-widget-wrap elementor-element-populated\">\n\t\t\t\t\t\t<div class=\"elementor-element elementor-element-8a1728c elementor-widget elementor-widget-heading\" data-id=\"8a1728c\" data-element_type=\"widget\" data-e-type=\"widget\" data-widget_type=\"heading.default\">\n\t\t\t\t<div class=\"elementor-widget-container\">\n\t\t\t\t\t<h4 class=\"elementor-heading-title elementor-size-default\">Opel Vivaro<\/h4>\t\t\t\t<\/div>\n\t\t\t\t<\/div>\n\t\t\t\t<div class=\"elementor-element elementor-element-f869b09 elementor-widget elementor-widget-text-editor\" data-id=\"f869b09\" data-element_type=\"widget\" data-e-type=\"widget\" data-widget_type=\"text-editor.default\">\n\t\t\t\t<div class=\"elementor-widget-container\">\n\t\t\t\t\t\t\t\t\t<p data-start=\"0\" data-end=\"81\"><span style=\"font-weight: bold; font-family: var( --e-global-typography-text-font-family ), Sans-serif; letter-spacing: var(--bodyletterspacing); text-transform: var(--bodytexttransform);\">O<\/span><span style=\"font-family: var( --e-global-typography-text-font-family ), Sans-serif; letter-spacing: var(--bodyletterspacing); text-transform: var(--bodytexttransform);\"><b>pel Vivaro \u2013 Un utilitaire fiable et modulable pour une conversion van efficace<\/b><\/span><\/p>\n<p data-start=\"83\" data-end=\"485\">Le <strong data-start=\"256\" data-end=\"271\">Opel Vivaro<\/strong> est une base solide et polyvalente pour tout projet d\u2019<strong data-start=\"326\" data-end=\"348\">am\u00e9nagement de van<\/strong>. Appr\u00e9ci\u00e9 pour sa <strong data-start=\"367\" data-end=\"380\">fiabilit\u00e9<\/strong>, sa <strong data-start=\"385\" data-end=\"399\">modularit\u00e9<\/strong> et son <strong data-start=\"407\" data-end=\"430\">confort de conduite<\/strong>, il offre un excellent \u00e9quilibre entre <strong data-start=\"470\" data-end=\"499\">espace de vie optimisable<\/strong> et <strong data-start=\"503\" data-end=\"523\">gabarit pratique<\/strong>, notamment en milieu urbain. Disponible en plusieurs longueurs et motorisations, le Vivaro s\u2019adapte \u00e0 tous les profils : voyageurs en qu\u00eate de libert\u00e9 comme professionnels \u00e0 la recherche d\u2019un <strong data-start=\"716\" data-end=\"751\">v\u00e9hicule utilitaire fonctionnel<\/strong>. Sa conception moderne en fait un excellent choix pour une <strong data-start=\"811\" data-end=\"839\">conversion personnalis\u00e9e<\/strong>, durable et bien pens\u00e9e.<\/p>\t\t\t\t\t\t\t\t<\/div>\n\t\t\t\t<\/div>\n\t\t\t\t\t<\/div>\n\t\t<\/div>\n\t\t\t\t\t<\/div>\n\t\t<\/section>\n\t\t\t\t<section class=\"elementor-section elementor-top-section elementor-element elementor-element-e16a2c5 elementor-section-boxed elementor-section-height-default elementor-section-height-default\" data-id=\"e16a2c5\" data-element_type=\"section\" data-e-type=\"section\" data-settings=\"{&quot;background_background&quot;:&quot;classic&quot;}\">\n\t\t\t\t\t\t<div class=\"elementor-container elementor-column-gap-default\">\n\t\t\t\t\t<div class=\"elementor-column elementor-col-100 elementor-top-column elementor-element elementor-element-845e88a\" data-id=\"845e88a\" data-element_type=\"column\" data-e-type=\"column\">\n\t\t\t<div class=\"elementor-widget-wrap elementor-element-populated\">\n\t\t\t\t\t\t<div class=\"elementor-element elementor-element-eafd631 elementor-widget elementor-widget-heading\" data-id=\"eafd631\" data-element_type=\"widget\" data-e-type=\"widget\" data-widget_type=\"heading.default\">\n\t\t\t\t<div class=\"elementor-widget-container\">\n\t\t\t\t\t<h3 class=\"elementor-heading-title elementor-size-default\">Disponible pour Opel Vivaro<\/h3>\t\t\t\t<\/div>\n\t\t\t\t<\/div>\n\t\t\t\t<section class=\"elementor-section elementor-inner-section elementor-element elementor-element-7d9b774 elementor-section-full_width elementor-section-height-default elementor-section-height-default\" data-id=\"7d9b774\" data-element_type=\"section\" data-e-type=\"section\">\n\t\t\t\t\t\t<div class=\"elementor-container elementor-column-gap-no\">\n\t\t\t\t\t<div class=\"elementor-column elementor-col-33 elementor-inner-column elementor-element elementor-element-5343cc3\" data-id=\"5343cc3\" data-element_type=\"column\" data-e-type=\"column\">\n\t\t\t<div class=\"elementor-widget-wrap elementor-element-populated\">\n\t\t\t\t\t\t<div class=\"elementor-element elementor-element-d56ef3f elementor-position-top elementor-widget elementor-widget-image-box\" data-id=\"d56ef3f\" data-element_type=\"widget\" data-e-type=\"widget\" data-widget_type=\"image-box.default\">\n\t\t\t\t<div class=\"elementor-widget-container\">\n\t\t\t\t\t<div class=\"elementor-image-box-wrapper\"><figure class=\"elementor-image-box-img\"><a href=\"https:\/\/van-conversion-icor.com\/fr\/window-pods\/\" tabindex=\"-1\"><img decoding=\"async\" width=\"2560\" height=\"1752\" src=\"https:\/\/van-conversion-icor.com\/wp-content\/uploads\/2025\/04\/window-pods-bleu-scaled-1.jpg\" class=\"elementor-animation-grow attachment-full size-full wp-image-3611\" alt=\"\" srcset=\"https:\/\/van-conversion-icor.com\/wp-content\/uploads\/2025\/04\/window-pods-bleu-scaled-1.jpg 2560w, https:\/\/van-conversion-icor.com\/wp-content\/uploads\/2025\/04\/window-pods-bleu-scaled-1-300x205.jpg 300w, https:\/\/van-conversion-icor.com\/wp-content\/uploads\/2025\/04\/window-pods-bleu-scaled-1-1024x701.jpg 1024w, https:\/\/van-conversion-icor.com\/wp-content\/uploads\/2025\/04\/window-pods-bleu-scaled-1-768x526.jpg 768w, https:\/\/van-conversion-icor.com\/wp-content\/uploads\/2025\/04\/window-pods-bleu-scaled-1-1536x1051.jpg 1536w, https:\/\/van-conversion-icor.com\/wp-content\/uploads\/2025\/04\/window-pods-bleu-scaled-1-2048x1402.jpg 2048w\" sizes=\"(max-width: 2560px) 100vw, 2560px\" \/><\/a><\/figure><div class=\"elementor-image-box-content\"><h4 class=\"elementor-image-box-title\"><a href=\"https:\/\/van-conversion-icor.com\/fr\/window-pods\/\">Window Pods<\/a><\/h4><p class=\"elementor-image-box-description\">Une alternative moderne et \u00e9l\u00e9gante aux rideaux traditionnels<\/p><\/div><\/div>\t\t\t\t<\/div>\n\t\t\t\t<\/div>\n\t\t\t\t\t<\/div>\n\t\t<\/div>\n\t\t\t\t<div class=\"elementor-column elementor-col-33 elementor-inner-column elementor-element elementor-element-9affbc3\" data-id=\"9affbc3\" data-element_type=\"column\" data-e-type=\"column\">\n\t\t\t<div class=\"elementor-widget-wrap elementor-element-populated\">\n\t\t\t\t\t\t<div class=\"elementor-element elementor-element-11f588b elementor-position-top elementor-widget elementor-widget-image-box\" data-id=\"11f588b\" data-element_type=\"widget\" data-e-type=\"widget\" data-widget_type=\"image-box.default\">\n\t\t\t\t<div class=\"elementor-widget-container\">\n\t\t\t\t\t<div class=\"elementor-image-box-wrapper\"><figure class=\"elementor-image-box-img\"><a href=\"https:\/\/van-conversion-icor.com\/fr\/garnitures-bordures-universelles\/\" tabindex=\"-1\"><img decoding=\"async\" width=\"596\" height=\"426\" src=\"https:\/\/van-conversion-icor.com\/wp-content\/uploads\/2025\/04\/Articles-site-internet-13-1.png\" class=\"elementor-animation-grow attachment-full size-full wp-image-4710\" alt=\"\" srcset=\"https:\/\/van-conversion-icor.com\/wp-content\/uploads\/2025\/04\/Articles-site-internet-13-1.png 596w, https:\/\/van-conversion-icor.com\/wp-content\/uploads\/2025\/04\/Articles-site-internet-13-1-300x214.png 300w\" sizes=\"(max-width: 596px) 100vw, 596px\" \/><\/a><\/figure><div class=\"elementor-image-box-content\"><h4 class=\"elementor-image-box-title\"><a href=\"https:\/\/van-conversion-icor.com\/fr\/garnitures-bordures-universelles\/\">Garnitures de Bords type \"u\"<\/a><\/h4><\/div><\/div>\t\t\t\t<\/div>\n\t\t\t\t<\/div>\n\t\t\t\t\t<\/div>\n\t\t<\/div>\n\t\t\t\t<div class=\"elementor-column elementor-col-33 elementor-inner-column elementor-element elementor-element-226fa15\" data-id=\"226fa15\" data-element_type=\"column\" data-e-type=\"column\">\n\t\t\t<div class=\"elementor-widget-wrap elementor-element-populated\">\n\t\t\t\t\t\t<div class=\"elementor-element elementor-element-26317e2 elementor-position-top elementor-widget elementor-widget-image-box\" data-id=\"26317e2\" data-element_type=\"widget\" data-e-type=\"widget\" data-widget_type=\"image-box.default\">\n\t\t\t\t<div class=\"elementor-widget-container\">\n\t\t\t\t\t<div class=\"elementor-image-box-wrapper\"><figure class=\"elementor-image-box-img\"><a href=\"https:\/\/van-conversion-icor.com\/fr\/bordure-de-vitrage\/\" tabindex=\"-1\"><img loading=\"lazy\" decoding=\"async\" width=\"596\" height=\"426\" src=\"https:\/\/van-conversion-icor.com\/wp-content\/uploads\/2025\/04\/Articles-site-internet-12-1.png\" class=\"elementor-animation-grow attachment-full size-full wp-image-4687\" alt=\"\" srcset=\"https:\/\/van-conversion-icor.com\/wp-content\/uploads\/2025\/04\/Articles-site-internet-12-1.png 596w, https:\/\/van-conversion-icor.com\/wp-content\/uploads\/2025\/04\/Articles-site-internet-12-1-300x214.png 300w\" sizes=\"(max-width: 596px) 100vw, 596px\" \/><\/a><\/figure><div class=\"elementor-image-box-content\"><h4 class=\"elementor-image-box-title\"><a href=\"https:\/\/van-conversion-icor.com\/fr\/bordure-de-vitrage\/\">bordures de vitrage<\/a><\/h4><\/div><\/div>\t\t\t\t<\/div>\n\t\t\t\t<\/div>\n\t\t\t\t\t<\/div>\n\t\t<\/div>\n\t\t\t\t\t<\/div>\n\t\t<\/section>\n\t\t\t\t\t<\/div>\n\t\t<\/div>\n\t\t\t\t\t<\/div>\n\t\t<\/section>\n\t\t\t\t<section class=\"elementor-section elementor-top-section elementor-element elementor-element-b88f5bf elementor-section-boxed elementor-section-height-default elementor-section-height-default\" data-id=\"b88f5bf\" data-element_type=\"section\" data-e-type=\"section\" data-settings=\"{&quot;background_background&quot;:&quot;classic&quot;}\">\n\t\t\t\t\t\t<div class=\"elementor-container elementor-column-gap-default\">\n\t\t\t\t\t<div class=\"elementor-column elementor-col-33 elementor-top-column elementor-element elementor-element-9227a1e\" data-id=\"9227a1e\" data-element_type=\"column\" data-e-type=\"column\">\n\t\t\t<div class=\"elementor-widget-wrap elementor-element-populated\">\n\t\t\t\t\t\t<div class=\"elementor-element elementor-element-dc47f9e elementor-align-center elementor-widget elementor-widget-button\" data-id=\"dc47f9e\" data-element_type=\"widget\" data-e-type=\"widget\" data-widget_type=\"button.default\">\n\t\t\t\t<div class=\"elementor-widget-container\">\n\t\t\t\t\t\t\t\t\t<div class=\"elementor-button-wrapper\">\n\t\t\t\t\t<a class=\"elementor-button elementor-button-link elementor-size-sm\" href=\"https:\/\/van-conversion-icor.com\/fr\/window-pods\/\">\n\t\t\t\t\t\t<span class=\"elementor-button-content-wrapper\">\n\t\t\t\t\t\t\t\t\t<span class=\"elementor-button-text\">D\u00e9couvrir<\/span>\n\t\t\t\t\t<\/span>\n\t\t\t\t\t<\/a>\n\t\t\t\t<\/div>\n\t\t\t\t\t\t\t\t<\/div>\n\t\t\t\t<\/div>\n\t\t\t\t\t<\/div>\n\t\t<\/div>\n\t\t\t\t<div class=\"elementor-column elementor-col-33 elementor-top-column elementor-element elementor-element-0459729\" data-id=\"0459729\" data-element_type=\"column\" data-e-type=\"column\">\n\t\t\t<div class=\"elementor-widget-wrap elementor-element-populated\">\n\t\t\t\t\t\t<div class=\"elementor-element elementor-element-3b710fc elementor-align-center elementor-widget elementor-widget-button\" data-id=\"3b710fc\" data-element_type=\"widget\" data-e-type=\"widget\" data-widget_type=\"button.default\">\n\t\t\t\t<div class=\"elementor-widget-container\">\n\t\t\t\t\t\t\t\t\t<div class=\"elementor-button-wrapper\">\n\t\t\t\t\t<a class=\"elementor-button elementor-button-link elementor-size-sm\" href=\"https:\/\/van-conversion-icor.com\/fr\/garnitures-bordures-universelles\/\">\n\t\t\t\t\t\t<span class=\"elementor-button-content-wrapper\">\n\t\t\t\t\t\t\t\t\t<span class=\"elementor-button-text\">D\u00e9couvrir<\/span>\n\t\t\t\t\t<\/span>\n\t\t\t\t\t<\/a>\n\t\t\t\t<\/div>\n\t\t\t\t\t\t\t\t<\/div>\n\t\t\t\t<\/div>\n\t\t\t\t\t<\/div>\n\t\t<\/div>\n\t\t\t\t<div class=\"elementor-column elementor-col-33 elementor-top-column elementor-element elementor-element-39a8140\" data-id=\"39a8140\" data-element_type=\"column\" data-e-type=\"column\">\n\t\t\t<div class=\"elementor-widget-wrap elementor-element-populated\">\n\t\t\t\t\t\t<div class=\"elementor-element elementor-element-0bb3ac1 elementor-align-center elementor-widget elementor-widget-button\" data-id=\"0bb3ac1\" data-element_type=\"widget\" data-e-type=\"widget\" data-widget_type=\"button.default\">\n\t\t\t\t<div class=\"elementor-widget-container\">\n\t\t\t\t\t\t\t\t\t<div class=\"elementor-button-wrapper\">\n\t\t\t\t\t<a class=\"elementor-button elementor-button-link elementor-size-sm\" href=\"https:\/\/van-conversion-icor.com\/fr\/bordure-de-vitrage\/\">\n\t\t\t\t\t\t<span class=\"elementor-button-content-wrapper\">\n\t\t\t\t\t\t\t\t\t<span class=\"elementor-button-text\">D\u00e9couvrir<\/span>\n\t\t\t\t\t<\/span>\n\t\t\t\t\t<\/a>\n\t\t\t\t<\/div>\n\t\t\t\t\t\t\t\t<\/div>\n\t\t\t\t<\/div>\n\t\t\t\t\t<\/div>\n\t\t<\/div>\n\t\t\t\t\t<\/div>\n\t\t<\/section>\n\t\t\t\t<section class=\"elementor-section elementor-top-section elementor-element elementor-element-48eae1c elementor-section-height-min-height elementor-section-items-stretch elementor-section-content-middle elementor-section-full_width elementor-section-height-default\" data-id=\"48eae1c\" data-element_type=\"section\" data-e-type=\"section\" data-settings=\"{&quot;background_background&quot;:&quot;classic&quot;}\">\n\t\t\t\t\t\t<div class=\"elementor-container elementor-column-gap-no\">\n\t\t\t\t\t<div class=\"elementor-column elementor-col-50 elementor-top-column elementor-element elementor-element-7d18a97\" data-id=\"7d18a97\" data-element_type=\"column\" data-e-type=\"column\">\n\t\t\t<div class=\"elementor-widget-wrap elementor-element-populated\">\n\t\t\t\t\t\t<div class=\"elementor-element elementor-element-8ed3737 elementor-widget elementor-widget-heading\" data-id=\"8ed3737\" data-element_type=\"widget\" data-e-type=\"widget\" data-widget_type=\"heading.default\">\n\t\t\t\t<div class=\"elementor-widget-container\">\n\t\t\t\t\t<h1 class=\"elementor-heading-title elementor-size-default\">ICOR, votre partenaire essentiel dans la conversion de van<\/h1>\t\t\t\t<\/div>\n\t\t\t\t<\/div>\n\t\t\t\t<div class=\"elementor-element elementor-element-2ede8db elementor-widget elementor-widget-text-editor\" data-id=\"2ede8db\" data-element_type=\"widget\" data-e-type=\"widget\" data-widget_type=\"text-editor.default\">\n\t\t\t\t<div class=\"elementor-widget-container\">\n\t\t\t\t\t\t\t\t\t<p><span class=\"OYPEnA font-feature-liga-off font-feature-clig-off font-feature-calt-off text-decoration-none text-strikethrough-none\" style=\"font-kerning: none;\">Toute transformation r\u00e9ussie d&rsquo;un van commence par les bons outils et accessoires, et c&rsquo;est exactement ce qu&rsquo;ICOR propose.<\/span><\/p>\t\t\t\t\t\t\t\t<\/div>\n\t\t\t\t<\/div>\n\t\t\t\t<div class=\"elementor-element elementor-element-944c406 elementor-mobile-align-center elementor-align-center elementor-widget elementor-widget-button\" data-id=\"944c406\" data-element_type=\"widget\" data-e-type=\"widget\" data-widget_type=\"button.default\">\n\t\t\t\t<div class=\"elementor-widget-container\">\n\t\t\t\t\t\t\t\t\t<div class=\"elementor-button-wrapper\">\n\t\t\t\t\t<a class=\"elementor-button elementor-button-link elementor-size-sm\" href=\"https:\/\/www.icor.be\/main\/page\/login-to-icor#\" target=\"_blank\" rel=\"noopener\">\n\t\t\t\t\t\t<span class=\"elementor-button-content-wrapper\">\n\t\t\t\t\t\t\t\t\t<span class=\"elementor-button-text\">PASSER COMMANDE<\/span>\n\t\t\t\t\t<\/span>\n\t\t\t\t\t<\/a>\n\t\t\t\t<\/div>\n\t\t\t\t\t\t\t\t<\/div>\n\t\t\t\t<\/div>\n\t\t\t\t\t<\/div>\n\t\t<\/div>\n\t\t\t\t<div class=\"elementor-column elementor-col-50 elementor-top-column elementor-element elementor-element-54bc77d\" data-id=\"54bc77d\" data-element_type=\"column\" data-e-type=\"column\">\n\t\t\t<div class=\"elementor-widget-wrap elementor-element-populated\">\n\t\t\t\t\t\t<div class=\"elementor-element elementor-element-8f16a69 elementor-widget elementor-widget-image\" data-id=\"8f16a69\" data-element_type=\"widget\" data-e-type=\"widget\" data-widget_type=\"image.default\">\n\t\t\t\t<div class=\"elementor-widget-container\">\n\t\t\t\t\t\t\t\t\t\t\t\t\t\t\t<img loading=\"lazy\" decoding=\"async\" width=\"1024\" height=\"683\" src=\"https:\/\/van-conversion-icor.com\/wp-content\/uploads\/2025\/04\/2145070-4ta09xvai1-whr-1024x683.jpg\" class=\"attachment-large size-large wp-image-3710\" alt=\"\" srcset=\"https:\/\/van-conversion-icor.com\/wp-content\/uploads\/2025\/04\/2145070-4ta09xvai1-whr-1024x683.jpg 1024w, https:\/\/van-conversion-icor.com\/wp-content\/uploads\/2025\/04\/2145070-4ta09xvai1-whr-300x200.jpg 300w, https:\/\/van-conversion-icor.com\/wp-content\/uploads\/2025\/04\/2145070-4ta09xvai1-whr-768x512.jpg 768w, https:\/\/van-conversion-icor.com\/wp-content\/uploads\/2025\/04\/2145070-4ta09xvai1-whr-930x620.jpg 930w, https:\/\/van-conversion-icor.com\/wp-content\/uploads\/2025\/04\/2145070-4ta09xvai1-whr.jpg 1200w\" sizes=\"(max-width: 1024px) 100vw, 1024px\" \/>\t\t\t\t\t\t\t\t\t\t\t\t\t\t\t<\/div>\n\t\t\t\t<\/div>\n\t\t\t\t\t<\/div>\n\t\t<\/div>\n\t\t\t\t\t<\/div>\n\t\t<\/section>\n\t\t\t\t<\/div>\n\t\t","protected":false},"excerpt":{"rendered":"<p>Opel Vivaro Opel Vivaro \u2013 Un utilitaire fiable et modulable pour une conversion van efficace Le Opel Vivaro est une base solide et polyvalente pour tout projet d\u2019am\u00e9nagement de van. Appr\u00e9ci\u00e9 pour sa fiabilit\u00e9, sa modularit\u00e9 et son confort de conduite, il offre un excellent \u00e9quilibre entre espace de vie optimisable et gabarit pratique, notamment&hellip;&nbsp;<a href=\"https:\/\/van-conversion-icor.com\/fr\/opel-vivaro\/\" class=\"\" rel=\"bookmark\">Lire la suite &raquo;<span class=\"screen-reader-text\">Opel Vivaro<\/span><\/a><\/p>\n","protected":false},"author":1,"featured_media":0,"parent":0,"menu_order":0,"comment_status":"closed","ping_status":"closed","template":"page-templates\/template-pagebuilder-full-width.php","meta":{"neve_meta_sidebar":"","neve_meta_container":"","neve_meta_enable_content_width":"","neve_meta_content_width":0,"neve_meta_title_alignment":"","neve_meta_author_avatar":"","neve_post_elements_order":"","neve_meta_disable_header":"","neve_meta_disable_footer":"","neve_meta_disable_title":"","footnotes":""},"class_list":["post-3704","page","type-page","status-publish","hentry"],"_links":{"self":[{"href":"https:\/\/van-conversion-icor.com\/fr\/wp-json\/wp\/v2\/pages\/3704","targetHints":{"allow":["GET"]}}],"collection":[{"href":"https:\/\/van-conversion-icor.com\/fr\/wp-json\/wp\/v2\/pages"}],"about":[{"href":"https:\/\/van-conversion-icor.com\/fr\/wp-json\/wp\/v2\/types\/page"}],"author":[{"embeddable":true,"href":"https:\/\/van-conversion-icor.com\/fr\/wp-json\/wp\/v2\/users\/1"}],"replies":[{"embeddable":true,"href":"https:\/\/van-conversion-icor.com\/fr\/wp-json\/wp\/v2\/comments?post=3704"}],"version-history":[{"count":19,"href":"https:\/\/van-conversion-icor.com\/fr\/wp-json\/wp\/v2\/pages\/3704\/revisions"}],"predecessor-version":[{"id":4731,"href":"https:\/\/van-conversion-icor.com\/fr\/wp-json\/wp\/v2\/pages\/3704\/revisions\/4731"}],"wp:attachment":[{"href":"https:\/\/van-conversion-icor.com\/fr\/wp-json\/wp\/v2\/media?parent=3704"}],"curies":[{"name":"wp","href":"https:\/\/api.w.org\/{rel}","templated":true}]}}