{"id":4187,"date":"2025-04-09T16:43:09","date_gmt":"2025-04-09T14:43:09","guid":{"rendered":"https:\/\/van-conversion-icor.com\/?page_id=4187"},"modified":"2025-04-10T14:59:49","modified_gmt":"2025-04-10T12:59:49","slug":"store-pod","status":"publish","type":"page","link":"https:\/\/van-conversion-icor.com\/fr\/store-pod\/","title":{"rendered":"Store Pod"},"content":{"rendered":"\t\t<div data-elementor-type=\"wp-page\" data-elementor-id=\"4187\" class=\"elementor elementor-4187\" data-elementor-post-type=\"page\">\n\t\t\t\t\t\t<section class=\"elementor-section elementor-top-section elementor-element elementor-element-ecab627 elementor-section-boxed elementor-section-height-default elementor-section-height-default\" data-id=\"ecab627\" data-element_type=\"section\" data-e-type=\"section\">\n\t\t\t\t\t\t<div class=\"elementor-container elementor-column-gap-default\">\n\t\t\t\t\t<div class=\"elementor-column elementor-col-100 elementor-top-column elementor-element elementor-element-f6e5927\" data-id=\"f6e5927\" data-element_type=\"column\" data-e-type=\"column\">\n\t\t\t<div class=\"elementor-widget-wrap elementor-element-populated\">\n\t\t\t\t\t\t<div class=\"elementor-element elementor-element-5706b49 elementor-widget elementor-widget-spacer\" data-id=\"5706b49\" data-element_type=\"widget\" data-e-type=\"widget\" data-widget_type=\"spacer.default\">\n\t\t\t\t<div class=\"elementor-widget-container\">\n\t\t\t\t\t\t\t<div class=\"elementor-spacer\">\n\t\t\t<div class=\"elementor-spacer-inner\"><\/div>\n\t\t<\/div>\n\t\t\t\t\t\t<\/div>\n\t\t\t\t<\/div>\n\t\t\t\t\t<\/div>\n\t\t<\/div>\n\t\t\t\t\t<\/div>\n\t\t<\/section>\n\t\t\t\t<section class=\"elementor-section elementor-top-section elementor-element elementor-element-522c55a elementor-section-boxed elementor-section-height-default elementor-section-height-default\" data-id=\"522c55a\" data-element_type=\"section\" data-e-type=\"section\">\n\t\t\t\t\t\t<div class=\"elementor-container elementor-column-gap-default\">\n\t\t\t\t\t<div class=\"elementor-column elementor-col-100 elementor-top-column elementor-element elementor-element-58a4a3b\" data-id=\"58a4a3b\" data-element_type=\"column\" data-e-type=\"column\">\n\t\t\t<div class=\"elementor-widget-wrap elementor-element-populated\">\n\t\t\t\t\t\t<div class=\"elementor-element elementor-element-fdd2e1e elementor-widget elementor-widget-heading\" data-id=\"fdd2e1e\" data-element_type=\"widget\" data-e-type=\"widget\" data-widget_type=\"heading.default\">\n\t\t\t\t<div class=\"elementor-widget-container\">\n\t\t\t\t\t<h2 class=\"elementor-heading-title elementor-size-default\">Store Pod<\/h2>\t\t\t\t<\/div>\n\t\t\t\t<\/div>\n\t\t\t\t\t<\/div>\n\t\t<\/div>\n\t\t\t\t\t<\/div>\n\t\t<\/section>\n\t\t\t\t<section class=\"elementor-section elementor-top-section elementor-element elementor-element-abaf4fb elementor-section-boxed elementor-section-height-default elementor-section-height-default\" data-id=\"abaf4fb\" data-element_type=\"section\" data-e-type=\"section\">\n\t\t\t\t\t\t<div class=\"elementor-container elementor-column-gap-default\">\n\t\t\t\t\t<div class=\"elementor-column elementor-col-100 elementor-top-column elementor-element elementor-element-9f53d4f\" data-id=\"9f53d4f\" data-element_type=\"column\" data-e-type=\"column\">\n\t\t\t<div class=\"elementor-widget-wrap elementor-element-populated\">\n\t\t\t\t\t\t<div class=\"elementor-element elementor-element-b501950 elementor-widget elementor-widget-text-editor\" data-id=\"b501950\" data-element_type=\"widget\" data-e-type=\"widget\" data-widget_type=\"text-editor.default\">\n\t\t\t\t<div class=\"elementor-widget-container\">\n\t\t\t\t\t\t\t\t\t<p>Store Pod \u2013 Une solution de rangement optimis\u00e9e pour votre van.<\/p>\t\t\t\t\t\t\t\t<\/div>\n\t\t\t\t<\/div>\n\t\t\t\t\t<\/div>\n\t\t<\/div>\n\t\t\t\t\t<\/div>\n\t\t<\/section>\n\t\t\t\t<section class=\"elementor-section elementor-top-section elementor-element elementor-element-373d5a3 elementor-section-boxed elementor-section-height-default elementor-section-height-default\" data-id=\"373d5a3\" data-element_type=\"section\" data-e-type=\"section\">\n\t\t\t\t\t\t<div class=\"elementor-container elementor-column-gap-default\">\n\t\t\t\t\t<div class=\"elementor-column elementor-col-100 elementor-top-column elementor-element elementor-element-0de6751\" data-id=\"0de6751\" data-element_type=\"column\" data-e-type=\"column\">\n\t\t\t<div class=\"elementor-widget-wrap elementor-element-populated\">\n\t\t\t\t\t\t<div class=\"elementor-element elementor-element-86cc8d5 elementor-widget elementor-widget-text-editor\" data-id=\"86cc8d5\" data-element_type=\"widget\" data-e-type=\"widget\" data-widget_type=\"text-editor.default\">\n\t\t\t\t<div class=\"elementor-widget-container\">\n\t\t\t\t\t\t\t\t\t<p>R\u00c9F\u00c9RENCE : SPT6.RS.E.BL (\u00e9lectrique noir)<br \/>\u00a0 \u00a0 \u00a0 \u00a0 \u00a0 \u00a0 \u00a0 \u00a0 \u00a0 \u00a0 \u00a0 \u00a0 \u00a0SPT6.RS.M.BL (manuel noir)<br \/>\u00a0 \u00a0 \u00a0 \u00a0 \u00a0 \u00a0 \u00a0 \u00a0 \u00a0 \u00a0 \u00a0 \u00a0 \u00a0SPT6.RS.E.GR (\u00e9lectrique gris)<br \/>\u00a0 \u00a0 \u00a0 \u00a0 \u00a0 \u00a0 \u00a0 \u00a0 \u00a0 \u00a0 \u00a0 \u00a0 \u00a0SPT6.RS.M.GR (manuel gris)<\/p>\t\t\t\t\t\t\t\t<\/div>\n\t\t\t\t<\/div>\n\t\t\t\t\t<\/div>\n\t\t<\/div>\n\t\t\t\t\t<\/div>\n\t\t<\/section>\n\t\t\t\t<section class=\"elementor-section elementor-top-section elementor-element elementor-element-32e3962 elementor-section-boxed elementor-section-height-default elementor-section-height-default\" data-id=\"32e3962\" data-element_type=\"section\" data-e-type=\"section\">\n\t\t\t\t\t\t<div class=\"elementor-container elementor-column-gap-default\">\n\t\t\t\t\t<div class=\"elementor-column elementor-col-50 elementor-top-column elementor-element elementor-element-e7ebbee\" data-id=\"e7ebbee\" data-element_type=\"column\" data-e-type=\"column\">\n\t\t\t<div class=\"elementor-widget-wrap elementor-element-populated\">\n\t\t\t\t\t\t<div class=\"elementor-element elementor-element-34a683c elementor-widget elementor-widget-text-editor\" data-id=\"34a683c\" data-element_type=\"widget\" data-e-type=\"widget\" data-widget_type=\"text-editor.default\">\n\t\t\t\t<div class=\"elementor-widget-container\">\n\t\t\t\t\t\t\t\t\t<p><strong>Design \u00e9l\u00e9gant<\/strong><\/p><p>S\u2019int\u00e8gre parfaitement \u00e0 l\u2019int\u00e9rieur du Volkswagen Transporter T5-T6.<\/p><p><strong>Mat\u00e9riau durable<\/strong><\/p><p>Fabriqu\u00e9 en plastique ABS form\u00e9 sous vide, alliant l\u00e9g\u00e8ret\u00e9 et robustesse.<\/p>\t\t\t\t\t\t\t\t<\/div>\n\t\t\t\t<\/div>\n\t\t\t\t\t<\/div>\n\t\t<\/div>\n\t\t\t\t<div class=\"elementor-column elementor-col-50 elementor-top-column elementor-element elementor-element-387abbd\" data-id=\"387abbd\" data-element_type=\"column\" data-e-type=\"column\">\n\t\t\t<div class=\"elementor-widget-wrap elementor-element-populated\">\n\t\t\t\t\t\t<div class=\"elementor-element elementor-element-5ecbdaa elementor-widget__width-initial elementor-widget elementor-widget-image\" data-id=\"5ecbdaa\" data-element_type=\"widget\" data-e-type=\"widget\" data-widget_type=\"image.default\">\n\t\t\t\t<div class=\"elementor-widget-container\">\n\t\t\t\t\t\t\t\t\t\t\t\t\t\t\t<img fetchpriority=\"high\" decoding=\"async\" width=\"1000\" height=\"776\" src=\"https:\/\/van-conversion-icor.com\/wp-content\/uploads\/2025\/04\/Store-Pod-3.jpg.webp\" class=\"attachment-large size-large wp-image-4287\" alt=\"\" srcset=\"https:\/\/van-conversion-icor.com\/wp-content\/uploads\/2025\/04\/Store-Pod-3.jpg.webp 1000w, https:\/\/van-conversion-icor.com\/wp-content\/uploads\/2025\/04\/Store-Pod-3.jpg-300x233.webp 300w, https:\/\/van-conversion-icor.com\/wp-content\/uploads\/2025\/04\/Store-Pod-3.jpg-768x596.webp 768w\" sizes=\"(max-width: 1000px) 100vw, 1000px\" \/>\t\t\t\t\t\t\t\t\t\t\t\t\t\t\t<\/div>\n\t\t\t\t<\/div>\n\t\t\t\t\t<\/div>\n\t\t<\/div>\n\t\t\t\t\t<\/div>\n\t\t<\/section>\n\t\t\t\t<section class=\"elementor-section elementor-top-section elementor-element elementor-element-6b82c51 elementor-section-boxed elementor-section-height-default elementor-section-height-default\" data-id=\"6b82c51\" data-element_type=\"section\" data-e-type=\"section\">\n\t\t\t\t\t\t<div class=\"elementor-container elementor-column-gap-default\">\n\t\t\t\t\t<div class=\"elementor-column elementor-col-50 elementor-top-column elementor-element elementor-element-723df34\" data-id=\"723df34\" data-element_type=\"column\" data-e-type=\"column\">\n\t\t\t<div class=\"elementor-widget-wrap elementor-element-populated\">\n\t\t\t\t\t\t<div class=\"elementor-element elementor-element-80fe913 elementor-widget elementor-widget-text-editor\" data-id=\"80fe913\" data-element_type=\"widget\" data-e-type=\"widget\" data-widget_type=\"text-editor.default\">\n\t\t\t\t<div class=\"elementor-widget-container\">\n\t\t\t\t\t\t\t\t\t<p><strong>Installation rapide<\/strong><\/p><p><br \/>Livr\u00e9 pr\u00e9assembl\u00e9, sans besoin d\u2019outils complexes.<\/p><p><strong>Espace optimis\u00e9<\/strong><\/p><p><br \/>Exploite intelligemment la porte coulissante pour un rangement pratique.<\/p><p><strong>Polyvalence assur\u00e9e<\/strong><\/p><p><br \/>Id\u00e9al pour tous vos voyages, du week-end aux grandes aventures.<\/p>\t\t\t\t\t\t\t\t<\/div>\n\t\t\t\t<\/div>\n\t\t\t\t\t<\/div>\n\t\t<\/div>\n\t\t\t\t<div class=\"elementor-column elementor-col-50 elementor-top-column elementor-element elementor-element-bb945c9\" data-id=\"bb945c9\" data-element_type=\"column\" data-e-type=\"column\">\n\t\t\t<div class=\"elementor-widget-wrap elementor-element-populated\">\n\t\t\t\t\t\t<div class=\"elementor-element elementor-element-9a9e394 elementor-widget__width-initial elementor-widget elementor-widget-image\" data-id=\"9a9e394\" data-element_type=\"widget\" data-e-type=\"widget\" data-widget_type=\"image.default\">\n\t\t\t\t<div class=\"elementor-widget-container\">\n\t\t\t\t\t\t\t\t\t\t\t\t\t\t\t<img decoding=\"async\" width=\"1000\" height=\"1000\" src=\"https:\/\/van-conversion-icor.com\/wp-content\/uploads\/2025\/04\/Store-Pod-2.jpg\" class=\"attachment-large size-large wp-image-4291\" alt=\"\" srcset=\"https:\/\/van-conversion-icor.com\/wp-content\/uploads\/2025\/04\/Store-Pod-2.jpg 1000w, https:\/\/van-conversion-icor.com\/wp-content\/uploads\/2025\/04\/Store-Pod-2-300x300.jpg 300w, https:\/\/van-conversion-icor.com\/wp-content\/uploads\/2025\/04\/Store-Pod-2-150x150.jpg 150w, https:\/\/van-conversion-icor.com\/wp-content\/uploads\/2025\/04\/Store-Pod-2-768x768.jpg 768w\" sizes=\"(max-width: 1000px) 100vw, 1000px\" \/>\t\t\t\t\t\t\t\t\t\t\t\t\t\t\t<\/div>\n\t\t\t\t<\/div>\n\t\t\t\t\t<\/div>\n\t\t<\/div>\n\t\t\t\t\t<\/div>\n\t\t<\/section>\n\t\t\t\t<section class=\"elementor-section elementor-top-section elementor-element elementor-element-22422b0 elementor-section-boxed elementor-section-height-default elementor-section-height-default\" data-id=\"22422b0\" data-element_type=\"section\" data-e-type=\"section\">\n\t\t\t\t\t\t<div class=\"elementor-container elementor-column-gap-default\">\n\t\t\t\t\t<div class=\"elementor-column elementor-col-100 elementor-top-column elementor-element elementor-element-725c90d\" data-id=\"725c90d\" data-element_type=\"column\" data-e-type=\"column\">\n\t\t\t<div class=\"elementor-widget-wrap elementor-element-populated\">\n\t\t\t\t\t\t<div class=\"elementor-element elementor-element-0cfe04b elementor-widget__width-initial elementor-widget elementor-widget-image\" data-id=\"0cfe04b\" data-element_type=\"widget\" data-e-type=\"widget\" data-widget_type=\"image.default\">\n\t\t\t\t<div class=\"elementor-widget-container\">\n\t\t\t\t\t\t\t\t\t\t\t\t\t\t\t<img decoding=\"async\" width=\"1000\" height=\"1000\" src=\"https:\/\/van-conversion-icor.com\/wp-content\/uploads\/2025\/04\/Store-Pod-1-2.jpg\" class=\"attachment-large size-large wp-image-4295\" alt=\"\" srcset=\"https:\/\/van-conversion-icor.com\/wp-content\/uploads\/2025\/04\/Store-Pod-1-2.jpg 1000w, https:\/\/van-conversion-icor.com\/wp-content\/uploads\/2025\/04\/Store-Pod-1-2-300x300.jpg 300w, https:\/\/van-conversion-icor.com\/wp-content\/uploads\/2025\/04\/Store-Pod-1-2-150x150.jpg 150w, https:\/\/van-conversion-icor.com\/wp-content\/uploads\/2025\/04\/Store-Pod-1-2-768x768.jpg 768w\" sizes=\"(max-width: 1000px) 100vw, 1000px\" \/>\t\t\t\t\t\t\t\t\t\t\t\t\t\t\t<\/div>\n\t\t\t\t<\/div>\n\t\t\t\t\t<\/div>\n\t\t<\/div>\n\t\t\t\t\t<\/div>\n\t\t<\/section>\n\t\t\t\t<section class=\"elementor-section elementor-top-section elementor-element elementor-element-30a1915 elementor-section-boxed elementor-section-height-default elementor-section-height-default\" data-id=\"30a1915\" data-element_type=\"section\" data-e-type=\"section\">\n\t\t\t\t\t\t<div class=\"elementor-container elementor-column-gap-default\">\n\t\t\t\t\t<div class=\"elementor-column elementor-col-100 elementor-top-column elementor-element elementor-element-376655c\" data-id=\"376655c\" data-element_type=\"column\" data-e-type=\"column\">\n\t\t\t<div class=\"elementor-widget-wrap elementor-element-populated\">\n\t\t\t\t\t\t<div class=\"elementor-element elementor-element-32995f2 elementor-widget elementor-widget-text-editor\" data-id=\"32995f2\" data-element_type=\"widget\" data-e-type=\"widget\" data-widget_type=\"text-editor.default\">\n\t\t\t\t<div class=\"elementor-widget-container\">\n\t\t\t\t\t\t\t\t\t<p><strong>Choisissez entre la table Loc8 et le Store Pod pour optimiser au mieux votre porte coulissante selon vos besoins.<\/strong><\/p>\t\t\t\t\t\t\t\t<\/div>\n\t\t\t\t<\/div>\n\t\t\t\t\t<\/div>\n\t\t<\/div>\n\t\t\t\t\t<\/div>\n\t\t<\/section>\n\t\t\t\t<section class=\"elementor-section elementor-top-section elementor-element elementor-element-cf81778 elementor-section-boxed elementor-section-height-default elementor-section-height-default\" data-id=\"cf81778\" data-element_type=\"section\" data-e-type=\"section\">\n\t\t\t\t\t\t<div class=\"elementor-container elementor-column-gap-default\">\n\t\t\t\t\t<div class=\"elementor-column elementor-col-100 elementor-top-column elementor-element elementor-element-7e6ad96\" data-id=\"7e6ad96\" data-element_type=\"column\" data-e-type=\"column\">\n\t\t\t<div class=\"elementor-widget-wrap elementor-element-populated\">\n\t\t\t\t\t\t<div class=\"elementor-element elementor-element-e0aed2a elementor-mobile-align-center elementor-align-center elementor-widget elementor-widget-button\" data-id=\"e0aed2a\" data-element_type=\"widget\" data-e-type=\"widget\" data-widget_type=\"button.default\">\n\t\t\t\t<div class=\"elementor-widget-container\">\n\t\t\t\t\t\t\t\t\t<div class=\"elementor-button-wrapper\">\n\t\t\t\t\t<a class=\"elementor-button elementor-button-link elementor-size-sm\" href=\"https:\/\/www.icor.be\/main\/page\/login-to-icor#\" target=\"_blank\" rel=\"noopener\">\n\t\t\t\t\t\t<span class=\"elementor-button-content-wrapper\">\n\t\t\t\t\t\t\t\t\t<span class=\"elementor-button-text\">PASSER COMMANDE<\/span>\n\t\t\t\t\t<\/span>\n\t\t\t\t\t<\/a>\n\t\t\t\t<\/div>\n\t\t\t\t\t\t\t\t<\/div>\n\t\t\t\t<\/div>\n\t\t\t\t\t<\/div>\n\t\t<\/div>\n\t\t\t\t\t<\/div>\n\t\t<\/section>\n\t\t\t\t<\/div>\n\t\t","protected":false},"excerpt":{"rendered":"<p>Store Pod Store Pod \u2013 Une solution de rangement optimis\u00e9e pour votre van. R\u00c9F\u00c9RENCE : SPT6.RS.E.BL (\u00e9lectrique noir)\u00a0 \u00a0 \u00a0 \u00a0 \u00a0 \u00a0 \u00a0 \u00a0 \u00a0 \u00a0 \u00a0 \u00a0 \u00a0SPT6.RS.M.BL (manuel noir)\u00a0 \u00a0 \u00a0 \u00a0 \u00a0 \u00a0 \u00a0 \u00a0 \u00a0 \u00a0 \u00a0 \u00a0 \u00a0SPT6.RS.E.GR (\u00e9lectrique gris)\u00a0 \u00a0 \u00a0 \u00a0 \u00a0 \u00a0 \u00a0 \u00a0 \u00a0 \u00a0&hellip;&nbsp;<a href=\"https:\/\/van-conversion-icor.com\/fr\/store-pod\/\" class=\"\" rel=\"bookmark\">Lire la suite &raquo;<span class=\"screen-reader-text\">Store Pod<\/span><\/a><\/p>\n","protected":false},"author":1,"featured_media":0,"parent":0,"menu_order":0,"comment_status":"closed","ping_status":"closed","template":"page-templates\/template-pagebuilder-full-width.php","meta":{"neve_meta_sidebar":"","neve_meta_container":"","neve_meta_enable_content_width":"","neve_meta_content_width":0,"neve_meta_title_alignment":"","neve_meta_author_avatar":"","neve_post_elements_order":"","neve_meta_disable_header":"","neve_meta_disable_footer":"","neve_meta_disable_title":"","footnotes":""},"class_list":["post-4187","page","type-page","status-publish","hentry"],"_links":{"self":[{"href":"https:\/\/van-conversion-icor.com\/fr\/wp-json\/wp\/v2\/pages\/4187","targetHints":{"allow":["GET"]}}],"collection":[{"href":"https:\/\/van-conversion-icor.com\/fr\/wp-json\/wp\/v2\/pages"}],"about":[{"href":"https:\/\/van-conversion-icor.com\/fr\/wp-json\/wp\/v2\/types\/page"}],"author":[{"embeddable":true,"href":"https:\/\/van-conversion-icor.com\/fr\/wp-json\/wp\/v2\/users\/1"}],"replies":[{"embeddable":true,"href":"https:\/\/van-conversion-icor.com\/fr\/wp-json\/wp\/v2\/comments?post=4187"}],"version-history":[{"count":7,"href":"https:\/\/van-conversion-icor.com\/fr\/wp-json\/wp\/v2\/pages\/4187\/revisions"}],"predecessor-version":[{"id":4301,"href":"https:\/\/van-conversion-icor.com\/fr\/wp-json\/wp\/v2\/pages\/4187\/revisions\/4301"}],"wp:attachment":[{"href":"https:\/\/van-conversion-icor.com\/fr\/wp-json\/wp\/v2\/media?parent=4187"}],"curies":[{"name":"wp","href":"https:\/\/api.w.org\/{rel}","templated":true}]}}