{"id":863,"date":"2021-08-23T14:12:55","date_gmt":"2021-08-23T12:12:55","guid":{"rendered":"https:\/\/van-conversion-icor.com\/profiles-de-van-et-bordures\/"},"modified":"2023-06-21T10:57:41","modified_gmt":"2023-06-21T08:57:41","slug":"profiles-de-van-et-bordures","status":"publish","type":"page","link":"https:\/\/van-conversion-icor.com\/fr\/profiles-de-van-et-bordures\/","title":{"rendered":"Profiles de van and bordures"},"content":{"rendered":"\n<h2 class=\"has-vivid-cyan-blue-color has-text-color has-large-font-size wp-block-heading\"><strong>JOINTS DE PORTE ET JOINT DE COFFRE<\/strong><\/h2>\n\n<div class=\"wp-block-columns is-layout-flex wp-container-core-columns-is-layout-9d6595d7 wp-block-columns-is-layout-flex\">\n<div class=\"wp-block-column is-vertically-aligned-center is-layout-flow wp-block-column-is-layout-flow\">\n<h3 class=\"has-text-align-center wp-block-heading\">BRS2462<\/h3>\n\n\n\n<p class=\"has-text-align-center\">BRS 2462 Joint pour porte coulissante lat\u00e9rale VW Transporter T5-T6. Livr\u00e9 en rouleau de 50 m et n\u00e9cessitera un rognage.<\/p>\n\n\n\n<figure class=\"wp-block-image size-medium\"><img fetchpriority=\"high\" decoding=\"async\" width=\"300\" height=\"242\" src=\"https:\/\/van-conversion-icor.com\/wp-content\/uploads\/2021\/08\/BRS2462-300x242.jpg\" alt=\"\" class=\"wp-image-56\" srcset=\"https:\/\/van-conversion-icor.com\/wp-content\/uploads\/2021\/08\/BRS2462-300x242.jpg 300w, https:\/\/van-conversion-icor.com\/wp-content\/uploads\/2021\/08\/BRS2462-1024x827.jpg 1024w, https:\/\/van-conversion-icor.com\/wp-content\/uploads\/2021\/08\/BRS2462-768x620.jpg 768w, https:\/\/van-conversion-icor.com\/wp-content\/uploads\/2021\/08\/BRS2462.jpg 1181w\" sizes=\"(max-width: 300px) 100vw, 300px\" \/><\/figure>\n<\/div>\n\n\n\n<div class=\"wp-block-column is-layout-flow wp-block-column-is-layout-flow\">\n<h3 class=\"has-text-align-center wp-block-heading\"><strong>BRS2416<\/strong><\/h3>\n\n\n\n<p class=\"has-text-align-center\">BRS2416 Joint pour porte avant et porte de chargement lat\u00e9rale VW Transporter T5 et T6 (glissi\u00e8re type California\/ Caravelle).<br\/>Livr\u00e9 en rouleau de 50 m et n\u00e9cessitera un rognage.<\/p>\n\n\n<div class=\"wp-block-image\">\n<figure class=\"aligncenter size-medium\"><img decoding=\"async\" width=\"300\" height=\"242\" src=\"https:\/\/van-conversion-icor.com\/wp-content\/uploads\/2021\/08\/BRS2416-300x242.jpg\" alt=\"\" class=\"wp-image-57\" srcset=\"https:\/\/van-conversion-icor.com\/wp-content\/uploads\/2021\/08\/BRS2416-300x242.jpg 300w, https:\/\/van-conversion-icor.com\/wp-content\/uploads\/2021\/08\/BRS2416-1024x827.jpg 1024w, https:\/\/van-conversion-icor.com\/wp-content\/uploads\/2021\/08\/BRS2416-768x620.jpg 768w, https:\/\/van-conversion-icor.com\/wp-content\/uploads\/2021\/08\/BRS2416.jpg 1181w\" sizes=\"(max-width: 300px) 100vw, 300px\" \/><\/figure>\n<\/div><\/div>\n\n\n\n<div class=\"wp-block-column is-layout-flow wp-block-column-is-layout-flow\">\n<h3 class=\"has-text-align-center wp-block-heading\">BRS2396<\/h3>\n\n\n\n<p class=\"has-text-align-center\">BRS2396 Joint pour porte coulissante VW Transporter T4, s\u2019adapte \u00e0 tous les mod\u00e8les.<br\/>Livr\u00e9 en rouleau de 50 m et n\u00e9cessitera un rognage.<\/p>\n\n\n<div class=\"wp-block-image\">\n<figure class=\"aligncenter size-medium is-resized\"><img decoding=\"async\" src=\"https:\/\/van-conversion-icor.com\/wp-content\/uploads\/2021\/08\/BRS2396-300x187.jpg\" alt=\"\" class=\"wp-image-58\" width=\"379\" height=\"236\" srcset=\"https:\/\/van-conversion-icor.com\/wp-content\/uploads\/2021\/08\/BRS2396-300x187.jpg 300w, https:\/\/van-conversion-icor.com\/wp-content\/uploads\/2021\/08\/BRS2396-768x479.jpg 768w, https:\/\/van-conversion-icor.com\/wp-content\/uploads\/2021\/08\/BRS2396.jpg 827w\" sizes=\"(max-width: 379px) 100vw, 379px\" \/><\/figure>\n<\/div><\/div>\n<\/div>\n\n<div class=\"wp-block-columns is-layout-flex wp-container-core-columns-is-layout-9d6595d7 wp-block-columns-is-layout-flex\">\n<div class=\"wp-block-column is-layout-flow wp-block-column-is-layout-flow\">\n<h3 class=\"has-text-align-center wp-block-heading\">BRS2343<\/h3>\n\n\n\n<p class=\"has-text-align-center\">BRS2343 Joint pour coffre arri\u00e8re VW Transporter T4, s\u2019adapte aussi bien sur les portes rabattables que sur les hayons.<br\/>Livr\u00e9 en rouleau de 50 m et n\u00e9cessitera un rognage.<\/p>\n\n\n<div class=\"wp-block-image\">\n<figure class=\"aligncenter size-full is-resized\"><img loading=\"lazy\" decoding=\"async\" src=\"http:\/\/van-conversion-icor.com\/wp-content\/uploads\/2021\/08\/BRS2343.png\" alt=\"\" class=\"wp-image-60\" width=\"239\" height=\"308\" srcset=\"https:\/\/van-conversion-icor.com\/wp-content\/uploads\/2021\/08\/BRS2343.png 408w, https:\/\/van-conversion-icor.com\/wp-content\/uploads\/2021\/08\/BRS2343-232x300.png 232w\" sizes=\"(max-width: 239px) 100vw, 239px\" \/><\/figure>\n<\/div><\/div>\n\n\n\n<div class=\"wp-block-column is-layout-flow wp-block-column-is-layout-flow\">\n<h3 class=\"has-text-align-center wp-block-heading\">BRS2439<\/h3>\n\n\n\n<p class=\"has-text-align-center\">BRS2439 Joint pour porte avant VW Transporter T4.<br\/>Livr\u00e9 en rouleau de 50 m et n\u00e9cessitera un rognage.<\/p>\n\n\n<div class=\"wp-block-image\">\n<figure class=\"aligncenter size-large is-resized\"><img loading=\"lazy\" decoding=\"async\" src=\"http:\/\/van-conversion-icor.com\/wp-content\/uploads\/2021\/08\/BRS2439-1024x827.jpg\" alt=\"\" class=\"wp-image-61\" width=\"345\" height=\"278\" srcset=\"https:\/\/van-conversion-icor.com\/wp-content\/uploads\/2021\/08\/BRS2439-1024x827.jpg 1024w, https:\/\/van-conversion-icor.com\/wp-content\/uploads\/2021\/08\/BRS2439-300x242.jpg 300w, https:\/\/van-conversion-icor.com\/wp-content\/uploads\/2021\/08\/BRS2439-768x620.jpg 768w, https:\/\/van-conversion-icor.com\/wp-content\/uploads\/2021\/08\/BRS2439.jpg 1181w\" sizes=\"(max-width: 345px) 100vw, 345px\" \/><\/figure>\n<\/div><\/div>\n<\/div>\n\n<hr class=\"wp-block-separator has-text-color has-cyan-bluish-gray-color has-css-opacity has-cyan-bluish-gray-background-color has-background\"\/>\n\n<h2 class=\"has-vivid-cyan-blue-color has-text-color has-large-font-size wp-block-heading\">JOINTS DE TOIT RELEVABLE<\/h2>\n\n<div class=\"wp-block-columns is-layout-flex wp-container-core-columns-is-layout-9d6595d7 wp-block-columns-is-layout-flex\">\n<div class=\"wp-block-column is-layout-flow wp-block-column-is-layout-flow\">\n<h3 class=\"has-text-align-center wp-block-heading\">BRS4001<\/h3>\n\n\n\n<p class=\"has-text-align-center\">BRS4001 Joint pour le bord de toit relevable VW Transporter T5-T6, va jusqu\u2019\u00e0 5 mm d\u2019\u00e9paisseur de t\u00f4le.<br\/>Livr\u00e9 en rouleau de 50 m et n\u00e9cessitera un rognage.<\/p>\n\n\n<div class=\"wp-block-image\">\n<figure class=\"aligncenter size-large is-resized\"><img loading=\"lazy\" decoding=\"async\" src=\"http:\/\/van-conversion-icor.com\/wp-content\/uploads\/2021\/08\/BRS4001-754x1024.jpg\" alt=\"\" class=\"wp-image-63\" width=\"255\" height=\"345\" srcset=\"https:\/\/van-conversion-icor.com\/wp-content\/uploads\/2021\/08\/BRS4001-754x1024.jpg 754w, https:\/\/van-conversion-icor.com\/wp-content\/uploads\/2021\/08\/BRS4001-221x300.jpg 221w, https:\/\/van-conversion-icor.com\/wp-content\/uploads\/2021\/08\/BRS4001-768x1043.jpg 768w, https:\/\/van-conversion-icor.com\/wp-content\/uploads\/2021\/08\/BRS4001-1131x1536.jpg 1131w, https:\/\/van-conversion-icor.com\/wp-content\/uploads\/2021\/08\/BRS4001.jpg 1251w\" sizes=\"(max-width: 255px) 100vw, 255px\" \/><\/figure>\n<\/div><\/div>\n\n\n\n<div class=\"wp-block-column is-layout-flow wp-block-column-is-layout-flow\">\n<h3 class=\"has-text-align-center wp-block-heading\">BRS1723<\/h3>\n\n\n\n<p class=\"has-text-align-center\">BRS1723 Joint pour le bord de toit relevable VW Transporter T5-T6, va jusqu\u2019\u00e0 3 mm d\u2019\u00e9paisseur de t\u00f4le.<br\/>Comes on a 50m roll and will require trimming.<\/p>\n\n\n<div class=\"wp-block-image\">\n<figure class=\"aligncenter size-large is-resized\"><img loading=\"lazy\" decoding=\"async\" src=\"http:\/\/van-conversion-icor.com\/wp-content\/uploads\/2021\/08\/BRS1723-795x1024.jpg\" alt=\"\" class=\"wp-image-64\" width=\"249\" height=\"320\" srcset=\"https:\/\/van-conversion-icor.com\/wp-content\/uploads\/2021\/08\/BRS1723-795x1024.jpg 795w, https:\/\/van-conversion-icor.com\/wp-content\/uploads\/2021\/08\/BRS1723-233x300.jpg 233w, https:\/\/van-conversion-icor.com\/wp-content\/uploads\/2021\/08\/BRS1723-768x989.jpg 768w, https:\/\/van-conversion-icor.com\/wp-content\/uploads\/2021\/08\/BRS1723-1193x1536.jpg 1193w, https:\/\/van-conversion-icor.com\/wp-content\/uploads\/2021\/08\/BRS1723.jpg 1303w\" sizes=\"(max-width: 249px) 100vw, 249px\" \/><\/figure>\n<\/div><\/div>\n<\/div>\n\n<hr class=\"wp-block-separator has-text-color has-cyan-bluish-gray-color has-css-opacity has-cyan-bluish-gray-background-color has-background\"\/>\n\n<h2 class=\"has-vivid-cyan-blue-color has-text-color has-large-font-size wp-block-heading\"><strong>GARNITURES DE BORDS<\/strong><\/h2>\n\n<div class=\"wp-block-columns is-layout-flex wp-container-core-columns-is-layout-9d6595d7 wp-block-columns-is-layout-flex\">\n<div class=\"wp-block-column is-layout-flow wp-block-column-is-layout-flow\">\n<h3 class=\"has-text-align-center wp-block-heading\">BRS2355<\/h3>\n\n\n\n<p>BRS2355 Garniture autoagrippante PVC \u00ab U \u00bb \u00e0 enfoncer pour panneaux jumel\u00e9s, convient pour des \u00e9paisseurs de panneaux de 10 \u00e0 12 mm. Convient pour les VW Transporter T5 et T6. Livr\u00e9 en rouleau de 100 m.<\/p>\n\n\n\n<figure class=\"wp-block-image size-large is-resized is-style-default\"><img loading=\"lazy\" decoding=\"async\" src=\"http:\/\/van-conversion-icor.com\/wp-content\/uploads\/2021\/08\/BRS2355-1-1024x923.jpg\" alt=\"\" class=\"wp-image-120\" width=\"250\" height=\"225\" srcset=\"https:\/\/van-conversion-icor.com\/wp-content\/uploads\/2021\/08\/BRS2355-1-1024x923.jpg 1024w, https:\/\/van-conversion-icor.com\/wp-content\/uploads\/2021\/08\/BRS2355-1-300x270.jpg 300w, https:\/\/van-conversion-icor.com\/wp-content\/uploads\/2021\/08\/BRS2355-1-768x692.jpg 768w, https:\/\/van-conversion-icor.com\/wp-content\/uploads\/2021\/08\/BRS2355-1.jpg 1143w\" sizes=\"(max-width: 250px) 100vw, 250px\" \/><\/figure>\n<\/div>\n\n\n\n<div class=\"wp-block-column is-layout-flow wp-block-column-is-layout-flow\">\n<h3 class=\"has-text-align-center wp-block-heading\">BRS2428<\/h3>\n\n\n\n<p>BRS2428 Bordure PVC\/ACIER SUPPORT, pour des \u00e9paisseurs de panneaux de 6 \u00e0 8 mm. Il est couramment utilis\u00e9 pour les conversions de fen\u00eatres Vivaro et Sprinters. Livr\u00e9 en rouleau de 50 m.<\/p>\n\n\n<div class=\"wp-block-image is-style-default\">\n<figure class=\"aligncenter size-large is-resized\"><img loading=\"lazy\" decoding=\"async\" src=\"http:\/\/van-conversion-icor.com\/wp-content\/uploads\/2021\/08\/BRS2428-1-1024x923.jpg\" alt=\"\" class=\"wp-image-121\" width=\"259\" height=\"234\" srcset=\"https:\/\/van-conversion-icor.com\/wp-content\/uploads\/2021\/08\/BRS2428-1-1024x923.jpg 1024w, https:\/\/van-conversion-icor.com\/wp-content\/uploads\/2021\/08\/BRS2428-1-300x270.jpg 300w, https:\/\/van-conversion-icor.com\/wp-content\/uploads\/2021\/08\/BRS2428-1-768x692.jpg 768w, https:\/\/van-conversion-icor.com\/wp-content\/uploads\/2021\/08\/BRS2428-1.jpg 1143w\" sizes=\"(max-width: 259px) 100vw, 259px\" \/><\/figure>\n<\/div>\n\n\n<p><\/p>\n<\/div>\n\n\n\n<div class=\"wp-block-column is-layout-flow wp-block-column-is-layout-flow\">\n<h3 class=\"has-text-align-center wp-block-heading\">BRS2368<\/h3>\n\n\n\n<p>BRS2368 Garniture de bord universel en PVC \u00ab U \u00bb autoagrippante, pour des \u00e9paisseurs de panneau de 1,5 mm. Pour convertir VW T4, Nissans, Transits, etc.<br\/>Livr\u00e9 en rouleau de 50 m.<\/p>\n\n\n<div class=\"wp-block-image is-style-default\">\n<figure class=\"aligncenter size-large is-resized\"><img loading=\"lazy\" decoding=\"async\" src=\"http:\/\/van-conversion-icor.com\/wp-content\/uploads\/2021\/08\/BRS2368-778x1024.jpg\" alt=\"\" class=\"wp-image-122\" width=\"192\" height=\"252\" srcset=\"https:\/\/van-conversion-icor.com\/wp-content\/uploads\/2021\/08\/BRS2368-778x1024.jpg 778w, https:\/\/van-conversion-icor.com\/wp-content\/uploads\/2021\/08\/BRS2368-228x300.jpg 228w, https:\/\/van-conversion-icor.com\/wp-content\/uploads\/2021\/08\/BRS2368-768x1010.jpg 768w, https:\/\/van-conversion-icor.com\/wp-content\/uploads\/2021\/08\/BRS2368.jpg 827w\" sizes=\"(max-width: 192px) 100vw, 192px\" \/><\/figure>\n<\/div>\n\n\n<p><\/p>\n<\/div>\n<\/div>\n\n<div class=\"wp-block-columns is-layout-flex wp-container-core-columns-is-layout-9d6595d7 wp-block-columns-is-layout-flex\">\n<div class=\"wp-block-column is-layout-flow wp-block-column-is-layout-flow\">\n<h2 class=\"has-text-align-center wp-block-heading\">BRS2205<\/h2>\n\n\n\n<p class=\"has-text-align-center\">BRS2205 GARNITURE DE BORD PROFIL FLEXIBLE EN PVC NOIR Garniture de bord universelle pour la conversion de VW T4, Nissan, Transit, etc. Une seule l\u00e8vre int\u00e9rieure, vous pouvez donc coller le verre plus \u00e9troitement \u00e0 l\u2019ouverture.<br\/>Livr\u00e9 en rouleau de 50 m.<\/p>\n\n\n<div class=\"wp-block-image is-style-default\">\n<figure class=\"aligncenter size-full is-resized\"><img loading=\"lazy\" decoding=\"async\" src=\"http:\/\/van-conversion-icor.com\/wp-content\/uploads\/2021\/08\/BRS2205.jpg\" alt=\"\" class=\"wp-image-123\" width=\"224\" height=\"217\" srcset=\"https:\/\/van-conversion-icor.com\/wp-content\/uploads\/2021\/08\/BRS2205.jpg 827w, https:\/\/van-conversion-icor.com\/wp-content\/uploads\/2021\/08\/BRS2205-300x292.jpg 300w, https:\/\/van-conversion-icor.com\/wp-content\/uploads\/2021\/08\/BRS2205-768x747.jpg 768w\" sizes=\"(max-width: 224px) 100vw, 224px\" \/><\/figure>\n<\/div><\/div>\n\n\n\n<div class=\"wp-block-column is-layout-flow wp-block-column-is-layout-flow\">\n<h2 class=\"has-text-align-center wp-block-heading\">BRS2177<\/h2>\n\n\n\n<p class=\"has-text-align-center\">BRS2177 PROFIL FLEXIBLE EN PVC NOIR &#8211; petite garniture de bord pour panneaux de 1 mm. Livr\u00e9 en rouleau de 50 m.<\/p>\n\n\n<div class=\"wp-block-image is-style-default\">\n<figure class=\"aligncenter size-full is-resized\"><img loading=\"lazy\" decoding=\"async\" src=\"http:\/\/van-conversion-icor.com\/wp-content\/uploads\/2021\/08\/BRS2177.jpg\" alt=\"\" class=\"wp-image-124\" width=\"271\" height=\"231\" srcset=\"https:\/\/van-conversion-icor.com\/wp-content\/uploads\/2021\/08\/BRS2177.jpg 720w, https:\/\/van-conversion-icor.com\/wp-content\/uploads\/2021\/08\/BRS2177-300x257.jpg 300w\" sizes=\"(max-width: 271px) 100vw, 271px\" \/><\/figure>\n<\/div><\/div>\n<\/div>\n\n<h2 class=\"has-vivid-cyan-blue-color has-text-color has-large-font-size wp-block-heading\">GARNITURES DE BORD DE VERRE<\/h2>\n\n<h2 class=\"has-text-align-center wp-block-heading\">BRS4002<\/h2>\n\n<p class=\"has-text-align-center\">Garniture de verre universelle, pour masquer l\u2019espace entre la vitre arri\u00e8re et centrale.<br\/>Livr\u00e9 en rouleau de 25 m.<\/p>\n<div class=\"wp-block-image is-style-default\">\n<figure class=\"aligncenter size-full is-resized\"><img loading=\"lazy\" decoding=\"async\" src=\"http:\/\/van-conversion-icor.com\/wp-content\/uploads\/2021\/08\/BRS4002.png\" alt=\"\" class=\"wp-image-126\" width=\"333\" height=\"241\" srcset=\"https:\/\/van-conversion-icor.com\/wp-content\/uploads\/2021\/08\/BRS4002.png 665w, https:\/\/van-conversion-icor.com\/wp-content\/uploads\/2021\/08\/BRS4002-300x217.png 300w\" sizes=\"(max-width: 333px) 100vw, 333px\" \/><\/figure>\n<\/div>","protected":false},"excerpt":{"rendered":"<p>JOINTS DE PORTE ET JOINT DE COFFRE BRS2462 BRS 2462 Joint pour porte coulissante lat\u00e9rale VW Transporter T5-T6. Livr\u00e9 en rouleau de 50 m et n\u00e9cessitera un rognage. BRS2416 BRS2416 Joint pour porte avant et porte de chargement lat\u00e9rale VW Transporter T5 et T6 (glissi\u00e8re type California\/ Caravelle).Livr\u00e9 en rouleau de 50 m et n\u00e9cessitera&hellip;&nbsp;<a href=\"https:\/\/van-conversion-icor.com\/fr\/profiles-de-van-et-bordures\/\" class=\"\" rel=\"bookmark\">Lire la suite &raquo;<span class=\"screen-reader-text\">Profiles de van and bordures<\/span><\/a><\/p>\n","protected":false},"author":1,"featured_media":0,"parent":0,"menu_order":0,"comment_status":"closed","ping_status":"closed","template":"","meta":{"neve_meta_sidebar":"","neve_meta_container":"","neve_meta_enable_content_width":"","neve_meta_content_width":0,"neve_meta_title_alignment":"","neve_meta_author_avatar":"","neve_post_elements_order":"","neve_meta_disable_header":"","neve_meta_disable_footer":"","neve_meta_disable_title":"","footnotes":""},"class_list":["post-863","page","type-page","status-publish","hentry"],"_links":{"self":[{"href":"https:\/\/van-conversion-icor.com\/fr\/wp-json\/wp\/v2\/pages\/863","targetHints":{"allow":["GET"]}}],"collection":[{"href":"https:\/\/van-conversion-icor.com\/fr\/wp-json\/wp\/v2\/pages"}],"about":[{"href":"https:\/\/van-conversion-icor.com\/fr\/wp-json\/wp\/v2\/types\/page"}],"author":[{"embeddable":true,"href":"https:\/\/van-conversion-icor.com\/fr\/wp-json\/wp\/v2\/users\/1"}],"replies":[{"embeddable":true,"href":"https:\/\/van-conversion-icor.com\/fr\/wp-json\/wp\/v2\/comments?post=863"}],"version-history":[{"count":0,"href":"https:\/\/van-conversion-icor.com\/fr\/wp-json\/wp\/v2\/pages\/863\/revisions"}],"wp:attachment":[{"href":"https:\/\/van-conversion-icor.com\/fr\/wp-json\/wp\/v2\/media?parent=863"}],"curies":[{"name":"wp","href":"https:\/\/api.w.org\/{rel}","templated":true}]}}